{"id":59466,"date":"2023-12-18T00:00:00","date_gmt":"2023-12-17T23:00:00","guid":{"rendered":"https:\/\/2025.teleskopshop.ch\/shop\/non%20class\u00e9\/baader-dt-ring-sp54-m62\/"},"modified":"2025-01-25T12:02:19","modified_gmt":"2025-01-25T11:02:19","slug":"baader-dt-ring-sp54-m62","status":"publish","type":"product","link":"https:\/\/www.teleskopshop.ch\/fr\/shop\/optique\/extensions-optiques\/oculaires\/baader-dt-ring-sp54-m62\/","title":{"rendered":"Bague Baader DT SP54\/M62"},"content":{"rendered":"<p>Adaptateur num\u00e9rique pour cam\u00e9ras avec filetage de filtre M62 pour l&rsquo;adaptation \u00e0<br \/>\nM54.<br \/>\nL&rsquo;adaptateur permet la connexion de cam\u00e9ras avec filetage de filtre M62<br \/>\n\u00e0 la cote standard M54. Par exemple, \u00e0 partir de M54, vous pouvez rejoindre T2<br \/>\nadaptez et obtenez une connexion polyvalente pour votre<br \/>\nappareil photo num\u00e9rique.<br \/>\nLongueur totale : 10 mm<br \/>\nLongueur du filetage M62 : 3 mm<\/p>\n","protected":false},"excerpt":{"rendered":"<p>Adaptateur num\u00e9rique pour cam\u00e9ras avec filetage de filtre M62 pour l&rsquo;adaptation \u00e0 M54. L&rsquo;adaptateur permet la connexion de cam\u00e9ras avec filetage de filtre M62 \u00e0 la cote standard M54. Par exemple, \u00e0 partir de M54, vous pouvez rejoindre T2 adaptez et obtenez une connexion polyvalente pour votre appareil photo num\u00e9rique. Longueur totale : 10 mm [&hellip;]<\/p>\n","protected":false},"featured_media":8974,"comment_status":"closed","ping_status":"open","template":"","meta":{"_acf_changed":false},"product_brand":[679],"product_cat":[1477,1339],"product_tag":[],"class_list":{"0":"post-59466","1":"product","2":"type-product","3":"status-publish","4":"has-post-thumbnail","6":"product_brand-baader","7":"product_cat-oculaires","8":"product_cat-optique","10":"first","11":"instock","12":"taxable","13":"shipping-taxable","14":"purchasable","15":"product-type-simple"},"acf":[],"_links":{"self":[{"href":"https:\/\/www.teleskopshop.ch\/fr\/wp-json\/wp\/v2\/product\/59466","targetHints":{"allow":["GET"]}}],"collection":[{"href":"https:\/\/www.teleskopshop.ch\/fr\/wp-json\/wp\/v2\/product"}],"about":[{"href":"https:\/\/www.teleskopshop.ch\/fr\/wp-json\/wp\/v2\/types\/product"}],"replies":[{"embeddable":true,"href":"https:\/\/www.teleskopshop.ch\/fr\/wp-json\/wp\/v2\/comments?post=59466"}],"wp:featuredmedia":[{"embeddable":true,"href":"https:\/\/www.teleskopshop.ch\/fr\/wp-json\/wp\/v2\/media\/8974"}],"wp:attachment":[{"href":"https:\/\/www.teleskopshop.ch\/fr\/wp-json\/wp\/v2\/media?parent=59466"}],"wp:term":[{"taxonomy":"product_brand","embeddable":true,"href":"https:\/\/www.teleskopshop.ch\/fr\/wp-json\/wp\/v2\/product_brand?post=59466"},{"taxonomy":"product_cat","embeddable":true,"href":"https:\/\/www.teleskopshop.ch\/fr\/wp-json\/wp\/v2\/product_cat?post=59466"},{"taxonomy":"product_tag","embeddable":true,"href":"https:\/\/www.teleskopshop.ch\/fr\/wp-json\/wp\/v2\/product_tag?post=59466"}],"curies":[{"name":"wp","href":"https:\/\/api.w.org\/{rel}","templated":true}]}}