{"id":59457,"date":"2023-12-18T00:00:00","date_gmt":"2023-12-17T23:00:00","guid":{"rendered":"https:\/\/2025.teleskopshop.ch\/shop\/non%20class\u00e9\/baader-dt-4-1%c2%bcverlaengerungshuelse-05\/"},"modified":"2025-01-25T12:02:17","modified_gmt":"2025-01-25T11:02:17","slug":"baader-dt-4-1%c2%bcverlaengerungshuelse-05","status":"publish","type":"product","link":"https:\/\/www.teleskopshop.ch\/fr\/shop\/optique\/extensions-optiques\/oculaires\/baader-dt-4-1%c2%bcverlaengerungshuelse-05\/","title":{"rendered":"Baader DT-4 Rallonge 1\u00bc\u00a0\u00bb #05"},"content":{"rendered":"<p>Rallonge de canon 18 mm (pour tous les oculaires 1\u00bc\u00a0\u00bb). Visser le<br \/>\nmanchon d&rsquo;extension dans le filetage du filtre de votre oculaire de 1,25 \u00ab\u00a0et le<br \/>\nLa douille d&rsquo;insertion est allong\u00e9e de 18 mm.<br \/>\nC\u00f4t\u00e9 oculaire : filetage ext\u00e9rieur du filtre 1.25&Prime; (M28.5mm)<br \/>\nSur le c\u00f4t\u00e9 oppos\u00e9 : filetage de filtre 1,25\u00a0\u00bb \u00e0 l&rsquo;int\u00e9rieur (M28mm)<br \/>\nLongueur : 18 mm<\/p>\n","protected":false},"excerpt":{"rendered":"<p>Rallonge de canon 18 mm (pour tous les oculaires 1\u00bc\u00a0\u00bb). Visser le manchon d&rsquo;extension dans le filetage du filtre de votre oculaire de 1,25 \u00ab\u00a0et le La douille d&rsquo;insertion est allong\u00e9e de 18 mm. C\u00f4t\u00e9 oculaire : filetage ext\u00e9rieur du filtre 1.25&Prime; (M28.5mm) Sur le c\u00f4t\u00e9 oppos\u00e9 : filetage de filtre 1,25\u00a0\u00bb \u00e0 l&rsquo;int\u00e9rieur (M28mm) [&hellip;]<\/p>\n","protected":false},"featured_media":8954,"comment_status":"closed","ping_status":"open","template":"","meta":{"_acf_changed":false},"product_brand":[679],"product_cat":[1477,1339],"product_tag":[],"class_list":{"0":"post-59457","1":"product","2":"type-product","3":"status-publish","4":"has-post-thumbnail","6":"product_brand-baader","7":"product_cat-oculaires","8":"product_cat-optique","10":"first","11":"instock","12":"taxable","13":"shipping-taxable","14":"purchasable","15":"product-type-simple"},"acf":[],"_links":{"self":[{"href":"https:\/\/www.teleskopshop.ch\/fr\/wp-json\/wp\/v2\/product\/59457","targetHints":{"allow":["GET"]}}],"collection":[{"href":"https:\/\/www.teleskopshop.ch\/fr\/wp-json\/wp\/v2\/product"}],"about":[{"href":"https:\/\/www.teleskopshop.ch\/fr\/wp-json\/wp\/v2\/types\/product"}],"replies":[{"embeddable":true,"href":"https:\/\/www.teleskopshop.ch\/fr\/wp-json\/wp\/v2\/comments?post=59457"}],"wp:featuredmedia":[{"embeddable":true,"href":"https:\/\/www.teleskopshop.ch\/fr\/wp-json\/wp\/v2\/media\/8954"}],"wp:attachment":[{"href":"https:\/\/www.teleskopshop.ch\/fr\/wp-json\/wp\/v2\/media?parent=59457"}],"wp:term":[{"taxonomy":"product_brand","embeddable":true,"href":"https:\/\/www.teleskopshop.ch\/fr\/wp-json\/wp\/v2\/product_brand?post=59457"},{"taxonomy":"product_cat","embeddable":true,"href":"https:\/\/www.teleskopshop.ch\/fr\/wp-json\/wp\/v2\/product_cat?post=59457"},{"taxonomy":"product_tag","embeddable":true,"href":"https:\/\/www.teleskopshop.ch\/fr\/wp-json\/wp\/v2\/product_tag?post=59457"}],"curies":[{"name":"wp","href":"https:\/\/api.w.org\/{rel}","templated":true}]}}