{"id":59451,"date":"2023-12-18T00:00:00","date_gmt":"2023-12-17T23:00:00","guid":{"rendered":"https:\/\/2025.teleskopshop.ch\/shop\/non%20class\u00e9\/baader-mark-v-grossfeld-binokular\/"},"modified":"2025-01-25T12:02:37","modified_gmt":"2025-01-25T11:02:37","slug":"baader-mark-v-grossfeld-binokular","status":"publish","type":"product","link":"https:\/\/www.teleskopshop.ch\/fr\/shop\/optique\/extensions-optiques\/oculaires\/baader-mark-v-grossfeld-binokular\/","title":{"rendered":"Baader Mark V jumelles grand champ"},"content":{"rendered":"<p>Zeiss bino grand champ avec \u00e9tui bino Mark V et TQC<br \/>\nJumelles grand champ avec prismes de 30 mm<br \/>\nAvec des rev\u00eatements antireflet multicouches \u00e0 7 couches nouvellement calcul\u00e9s sur tous<br \/>\nsurfaces d&rsquo;air en verre<br \/>\nS\u00e9parateur de faisceau haute performance avec couche de s\u00e9paration di\u00e9lectrique<br \/>\nIncl. Pinces d&rsquo;oculaire ClickLock 1\u00bc\u00a0\u00bb, attache rapide TQC robuste T-2<br \/>\net \u00e9tui de rangement Mark V Bino<\/p>\n","protected":false},"excerpt":{"rendered":"<p>Zeiss bino grand champ avec \u00e9tui bino Mark V et TQC Jumelles grand champ avec prismes de 30 mm Avec des rev\u00eatements antireflet multicouches \u00e0 7 couches nouvellement calcul\u00e9s sur tous surfaces d&rsquo;air en verre S\u00e9parateur de faisceau haute performance avec couche de s\u00e9paration di\u00e9lectrique Incl. Pinces d&rsquo;oculaire ClickLock 1\u00bc\u00a0\u00bb, attache rapide TQC robuste T-2 [&hellip;]<\/p>\n","protected":false},"featured_media":8938,"comment_status":"closed","ping_status":"open","template":"","meta":{"_acf_changed":false},"product_brand":[679],"product_cat":[1477,1339],"product_tag":[],"class_list":{"0":"post-59451","1":"product","2":"type-product","3":"status-publish","4":"has-post-thumbnail","6":"product_brand-baader","7":"product_cat-oculaires","8":"product_cat-optique","10":"first","11":"instock","12":"taxable","13":"shipping-taxable","14":"purchasable","15":"product-type-simple"},"acf":[],"_links":{"self":[{"href":"https:\/\/www.teleskopshop.ch\/fr\/wp-json\/wp\/v2\/product\/59451","targetHints":{"allow":["GET"]}}],"collection":[{"href":"https:\/\/www.teleskopshop.ch\/fr\/wp-json\/wp\/v2\/product"}],"about":[{"href":"https:\/\/www.teleskopshop.ch\/fr\/wp-json\/wp\/v2\/types\/product"}],"replies":[{"embeddable":true,"href":"https:\/\/www.teleskopshop.ch\/fr\/wp-json\/wp\/v2\/comments?post=59451"}],"wp:featuredmedia":[{"embeddable":true,"href":"https:\/\/www.teleskopshop.ch\/fr\/wp-json\/wp\/v2\/media\/8938"}],"wp:attachment":[{"href":"https:\/\/www.teleskopshop.ch\/fr\/wp-json\/wp\/v2\/media?parent=59451"}],"wp:term":[{"taxonomy":"product_brand","embeddable":true,"href":"https:\/\/www.teleskopshop.ch\/fr\/wp-json\/wp\/v2\/product_brand?post=59451"},{"taxonomy":"product_cat","embeddable":true,"href":"https:\/\/www.teleskopshop.ch\/fr\/wp-json\/wp\/v2\/product_cat?post=59451"},{"taxonomy":"product_tag","embeddable":true,"href":"https:\/\/www.teleskopshop.ch\/fr\/wp-json\/wp\/v2\/product_tag?post=59451"}],"curies":[{"name":"wp","href":"https:\/\/api.w.org\/{rel}","templated":true}]}}