{"id":59430,"date":"2023-12-18T00:00:00","date_gmt":"2023-12-17T23:00:00","guid":{"rendered":"https:\/\/2025.teleskopshop.ch\/shop\/non%20class\u00e9\/baader-c-mount-adapter-m-1%c2%bc-steckhuelse\/"},"modified":"2025-01-25T12:02:14","modified_gmt":"2025-01-25T11:02:14","slug":"baader-c-mount-adapter-m-1%c2%bc-steckhuelse","status":"publish","type":"product","link":"https:\/\/www.teleskopshop.ch\/fr\/shop\/optique\/extensions-optiques\/oculaires\/baader-c-mount-adapter-m-1%c2%bc-steckhuelse\/","title":{"rendered":"Adaptateur Baader C-Mount avec prise 1\u00bc\u00a0\u00bb"},"content":{"rendered":"<p>Filetage de 1&nbsp;\u00bb (25,4 mm) \u00e0 monture C, connect\u00e9 \u00e0 une prise de 31,8 mm (11\/4&nbsp;\u00bb).<br \/>\nLongueur d\u2019insertion de 18 mm (avec porte-filtre int\u00e9gr\u00e9 de 11\/4&nbsp;\u00bb &#8211; M28.5).<br \/>\nAvec bague pr\u00e9-vis M28.5, ainsi qu\u2019avec filetage \u00e0 visser le filtre.<br \/>\nM28.5 &#8211; convient \u00e0 tous les filtres oculaires 11\/4&nbsp;\u00bb.<br \/>\nVissez le filtre oculaire \u00e0 l\u2019avant du manchon ou installez un<br \/>\nMontez fermement le verre filtrant dans le manchon.<\/p>\n","protected":false},"excerpt":{"rendered":"<p>Filetage de 1&nbsp;\u00bb (25,4 mm) \u00e0 monture C, connect\u00e9 \u00e0 une prise de 31,8 mm (11\/4&nbsp;\u00bb). Longueur d\u2019insertion de 18 mm (avec porte-filtre int\u00e9gr\u00e9 de 11\/4&nbsp;\u00bb &#8211; M28.5). Avec bague pr\u00e9-vis M28.5, ainsi qu\u2019avec filetage \u00e0 visser le filtre. M28.5 &#8211; convient \u00e0 tous les filtres oculaires 11\/4&nbsp;\u00bb. Vissez le filtre oculaire \u00e0 l\u2019avant du [&hellip;]<\/p>\n","protected":false},"featured_media":8906,"comment_status":"closed","ping_status":"open","template":"","meta":{"_acf_changed":false},"product_brand":[679],"product_cat":[1477,1339],"product_tag":[],"class_list":{"0":"post-59430","1":"product","2":"type-product","3":"status-publish","4":"has-post-thumbnail","6":"product_brand-baader","7":"product_cat-oculaires","8":"product_cat-optique","10":"first","11":"instock","12":"taxable","13":"shipping-taxable","14":"purchasable","15":"product-type-simple"},"acf":[],"_links":{"self":[{"href":"https:\/\/www.teleskopshop.ch\/fr\/wp-json\/wp\/v2\/product\/59430","targetHints":{"allow":["GET"]}}],"collection":[{"href":"https:\/\/www.teleskopshop.ch\/fr\/wp-json\/wp\/v2\/product"}],"about":[{"href":"https:\/\/www.teleskopshop.ch\/fr\/wp-json\/wp\/v2\/types\/product"}],"replies":[{"embeddable":true,"href":"https:\/\/www.teleskopshop.ch\/fr\/wp-json\/wp\/v2\/comments?post=59430"}],"wp:featuredmedia":[{"embeddable":true,"href":"https:\/\/www.teleskopshop.ch\/fr\/wp-json\/wp\/v2\/media\/8906"}],"wp:attachment":[{"href":"https:\/\/www.teleskopshop.ch\/fr\/wp-json\/wp\/v2\/media?parent=59430"}],"wp:term":[{"taxonomy":"product_brand","embeddable":true,"href":"https:\/\/www.teleskopshop.ch\/fr\/wp-json\/wp\/v2\/product_brand?post=59430"},{"taxonomy":"product_cat","embeddable":true,"href":"https:\/\/www.teleskopshop.ch\/fr\/wp-json\/wp\/v2\/product_cat?post=59430"},{"taxonomy":"product_tag","embeddable":true,"href":"https:\/\/www.teleskopshop.ch\/fr\/wp-json\/wp\/v2\/product_tag?post=59430"}],"curies":[{"name":"wp","href":"https:\/\/api.w.org\/{rel}","templated":true}]}}