{"id":59397,"date":"2023-12-18T00:00:00","date_gmt":"2023-12-17T23:00:00","guid":{"rendered":"https:\/\/2025.teleskopshop.ch\/shop\/non%20class\u00e9\/baader-herschel-prisma-2-mark-ii-visuel\/"},"modified":"2025-01-25T12:02:27","modified_gmt":"2025-01-25T11:02:27","slug":"baader-herschel-prisma-2-mark-ii-visuel","status":"publish","type":"product","link":"https:\/\/www.teleskopshop.ch\/fr\/shop\/optique\/extensions-optiques\/oculaires\/baader-herschel-prisma-2-mark-ii-visuel\/","title":{"rendered":"Baader Herschel Prisma 2&nbsp;\u00bb Mark II visuel"},"content":{"rendered":"<p>visuel.<br \/>\n&#8211; Prisme \u00e0 coin 2&nbsp;\u00bb selon Herschel &#8211; antireflet du groupe\u00ae fant\u00f4me unilat\u00e9ral,<br \/>\navec viseur solaire en c\u00e9ramique et pince oculaire ClickLock\u00ae 2 \u00ab&nbsp;.<br \/>\n&#8211; Dispositif de rotation int\u00e9gr\u00e9 pour filtres polarisants &#8211; le meilleur<br \/>\nProc\u00e9d\u00e9 de r\u00e9glage de la luminosit\u00e9 en visuel<br \/>\nObservation solaire et photographie solaire en lumi\u00e8re blanche.<br \/>\n&#8211; Permet en combinaison avec le filtre polarisant optionnel 2&nbsp;\u00bb,<br \/>\n(#2408342) et le filtre de densit\u00e9 neutre (gris) fourni.<br \/>\nR\u00e9glage de la luminosit\u00e9 infiniment variable.<br \/>\n&#8211; Y compris le filtre Baader 7.5nm Solar Continuum 2&nbsp;\u00bb (540nm)<br \/>\n(#2961581) pour une image du soleil d\u2019une nettet\u00e9 sans compromis.<br \/>\n&#8211; Montage en queue d\u2019aronde S58 et bordures de s\u00e9curit\u00e9 sur le r\u00e9cipient,<br \/>\nNouveau syst\u00e8me de r\u00e9glage \u00e0 3 points pr\u00e9d\u00e9fini en usine.<br \/>\nVous n\u2019avez pas besoin d\u2019un filtre solaire suppl\u00e9mentaire devant votre<br \/>\nT\u00e9lescope r\u00e9fracteur pour voir le soleil avec le Baader Cool-Ceramic<br \/>\nLe prisme Herschel et le filtre ND 3.0 int\u00e9gr\u00e9 en toute s\u00e9curit\u00e9<br \/>\nmontre!<\/p>\n","protected":false},"excerpt":{"rendered":"<p>visuel. &#8211; Prisme \u00e0 coin 2&nbsp;\u00bb selon Herschel &#8211; antireflet du groupe\u00ae fant\u00f4me unilat\u00e9ral, avec viseur solaire en c\u00e9ramique et pince oculaire ClickLock\u00ae 2 \u00ab&nbsp;. &#8211; Dispositif de rotation int\u00e9gr\u00e9 pour filtres polarisants &#8211; le meilleur Proc\u00e9d\u00e9 de r\u00e9glage de la luminosit\u00e9 en visuel Observation solaire et photographie solaire en lumi\u00e8re blanche. &#8211; Permet en [&hellip;]<\/p>\n","protected":false},"featured_media":8858,"comment_status":"closed","ping_status":"open","template":"","meta":{"_acf_changed":false},"product_brand":[679],"product_cat":[1477,1339],"product_tag":[],"class_list":{"0":"post-59397","1":"product","2":"type-product","3":"status-publish","4":"has-post-thumbnail","6":"product_brand-baader","7":"product_cat-oculaires","8":"product_cat-optique","10":"first","11":"instock","12":"taxable","13":"shipping-taxable","14":"purchasable","15":"product-type-simple"},"acf":[],"_links":{"self":[{"href":"https:\/\/www.teleskopshop.ch\/fr\/wp-json\/wp\/v2\/product\/59397","targetHints":{"allow":["GET"]}}],"collection":[{"href":"https:\/\/www.teleskopshop.ch\/fr\/wp-json\/wp\/v2\/product"}],"about":[{"href":"https:\/\/www.teleskopshop.ch\/fr\/wp-json\/wp\/v2\/types\/product"}],"replies":[{"embeddable":true,"href":"https:\/\/www.teleskopshop.ch\/fr\/wp-json\/wp\/v2\/comments?post=59397"}],"wp:featuredmedia":[{"embeddable":true,"href":"https:\/\/www.teleskopshop.ch\/fr\/wp-json\/wp\/v2\/media\/8858"}],"wp:attachment":[{"href":"https:\/\/www.teleskopshop.ch\/fr\/wp-json\/wp\/v2\/media?parent=59397"}],"wp:term":[{"taxonomy":"product_brand","embeddable":true,"href":"https:\/\/www.teleskopshop.ch\/fr\/wp-json\/wp\/v2\/product_brand?post=59397"},{"taxonomy":"product_cat","embeddable":true,"href":"https:\/\/www.teleskopshop.ch\/fr\/wp-json\/wp\/v2\/product_cat?post=59397"},{"taxonomy":"product_tag","embeddable":true,"href":"https:\/\/www.teleskopshop.ch\/fr\/wp-json\/wp\/v2\/product_tag?post=59397"}],"curies":[{"name":"wp","href":"https:\/\/api.w.org\/{rel}","templated":true}]}}