{"id":59388,"date":"2023-12-18T00:00:00","date_gmt":"2023-12-17T23:00:00","guid":{"rendered":"https:\/\/2025.teleskopshop.ch\/shop\/non%20class\u00e9\/baader-2-bds-steeltrack-t-2-adapter\/"},"modified":"2025-01-25T11:50:51","modified_gmt":"2025-01-25T10:50:51","slug":"baader-2-bds-steeltrack-t-2-adapter","status":"publish","type":"product","link":"https:\/\/www.teleskopshop.ch\/fr\/shop\/optique\/extensions-optiques\/oculaires\/baader-2-bds-steeltrack-t-2-adapter\/","title":{"rendered":"Baader 2&nbsp;\u00bb BDS Steeltrack\u00ae T-2 Adaptateur"},"content":{"rendered":"<p>Adaptateur BDS avec filetage m\u00e2le T-2 pour connecter des threads T-2.<br \/>\nUtilis\u00e9 \u00e0 la place de la pince standard utilisant l\u2019hirondelle annulaire S58<br \/>\nMont\u00e9.<br \/>\nConvient \u00e0 tous les focus Baader Diamond Steeltrack\u00ae (BDS)<\/p>\n","protected":false},"excerpt":{"rendered":"<p>Adaptateur BDS avec filetage m\u00e2le T-2 pour connecter des threads T-2. Utilis\u00e9 \u00e0 la place de la pince standard utilisant l\u2019hirondelle annulaire S58 Mont\u00e9. Convient \u00e0 tous les focus Baader Diamond Steeltrack\u00ae (BDS)<\/p>\n","protected":false},"featured_media":8802,"comment_status":"closed","ping_status":"open","template":"","meta":{"_acf_changed":false},"product_brand":[679],"product_cat":[1477,1339],"product_tag":[],"class_list":{"0":"post-59388","1":"product","2":"type-product","3":"status-publish","4":"has-post-thumbnail","6":"product_brand-baader","7":"product_cat-oculaires","8":"product_cat-optique","10":"first","11":"instock","12":"taxable","13":"shipping-taxable","14":"purchasable","15":"product-type-simple"},"acf":[],"_links":{"self":[{"href":"https:\/\/www.teleskopshop.ch\/fr\/wp-json\/wp\/v2\/product\/59388","targetHints":{"allow":["GET"]}}],"collection":[{"href":"https:\/\/www.teleskopshop.ch\/fr\/wp-json\/wp\/v2\/product"}],"about":[{"href":"https:\/\/www.teleskopshop.ch\/fr\/wp-json\/wp\/v2\/types\/product"}],"replies":[{"embeddable":true,"href":"https:\/\/www.teleskopshop.ch\/fr\/wp-json\/wp\/v2\/comments?post=59388"}],"wp:featuredmedia":[{"embeddable":true,"href":"https:\/\/www.teleskopshop.ch\/fr\/wp-json\/wp\/v2\/media\/8802"}],"wp:attachment":[{"href":"https:\/\/www.teleskopshop.ch\/fr\/wp-json\/wp\/v2\/media?parent=59388"}],"wp:term":[{"taxonomy":"product_brand","embeddable":true,"href":"https:\/\/www.teleskopshop.ch\/fr\/wp-json\/wp\/v2\/product_brand?post=59388"},{"taxonomy":"product_cat","embeddable":true,"href":"https:\/\/www.teleskopshop.ch\/fr\/wp-json\/wp\/v2\/product_cat?post=59388"},{"taxonomy":"product_tag","embeddable":true,"href":"https:\/\/www.teleskopshop.ch\/fr\/wp-json\/wp\/v2\/product_tag?post=59388"}],"curies":[{"name":"wp","href":"https:\/\/api.w.org\/{rel}","templated":true}]}}