{"id":59385,"date":"2023-12-18T00:00:00","date_gmt":"2023-12-17T23:00:00","guid":{"rendered":"https:\/\/2025.teleskopshop.ch\/shop\/non%20class\u00e9\/baader-q-barlow-225x-1-3x\/"},"modified":"2025-01-25T11:52:03","modified_gmt":"2025-01-25T10:52:03","slug":"baader-q-barlow-225x-1-3x","status":"publish","type":"product","link":"https:\/\/www.teleskopshop.ch\/fr\/shop\/optique\/extensions-optiques\/oculaires\/baader-q-barlow-225x-1-3x\/","title":{"rendered":"Baader Q Barlow 2,25x \/ 1,3x"},"content":{"rendered":"<p>Lentille Baader Q-Barlow 2,25x pour oculaires 1\u00bc\u00a0\u00bb<br \/>\nAvec deux facteurs de grossissement : 2,25x et 1,3x<br \/>\nLa transmission \u00e0 haute transmission (HT) moderne et authentique et le multi-rev\u00eatement<br \/>\ntoutes les surfaces air-glass offrent une image remarquablement brillante<br \/>\nr\u00e9flexions internes extr\u00eamement faibles<br \/>\n\u00c9tend les longueurs focales possibles de l&rsquo;ensemble d&rsquo;oculaires Q-Turret.<\/p>\n","protected":false},"excerpt":{"rendered":"<p>Lentille Baader Q-Barlow 2,25x pour oculaires 1\u00bc\u00a0\u00bb Avec deux facteurs de grossissement : 2,25x et 1,3x La transmission \u00e0 haute transmission (HT) moderne et authentique et le multi-rev\u00eatement toutes les surfaces air-glass offrent une image remarquablement brillante r\u00e9flexions internes extr\u00eamement faibles \u00c9tend les longueurs focales possibles de l&rsquo;ensemble d&rsquo;oculaires Q-Turret.<\/p>\n","protected":false},"featured_media":8590,"comment_status":"closed","ping_status":"open","template":"","meta":{"_acf_changed":false},"product_brand":[679],"product_cat":[1477,1339],"product_tag":[],"class_list":{"0":"post-59385","1":"product","2":"type-product","3":"status-publish","4":"has-post-thumbnail","6":"product_brand-baader","7":"product_cat-oculaires","8":"product_cat-optique","10":"first","11":"instock","12":"taxable","13":"shipping-taxable","14":"purchasable","15":"product-type-simple"},"acf":[],"_links":{"self":[{"href":"https:\/\/www.teleskopshop.ch\/fr\/wp-json\/wp\/v2\/product\/59385","targetHints":{"allow":["GET"]}}],"collection":[{"href":"https:\/\/www.teleskopshop.ch\/fr\/wp-json\/wp\/v2\/product"}],"about":[{"href":"https:\/\/www.teleskopshop.ch\/fr\/wp-json\/wp\/v2\/types\/product"}],"replies":[{"embeddable":true,"href":"https:\/\/www.teleskopshop.ch\/fr\/wp-json\/wp\/v2\/comments?post=59385"}],"wp:featuredmedia":[{"embeddable":true,"href":"https:\/\/www.teleskopshop.ch\/fr\/wp-json\/wp\/v2\/media\/8590"}],"wp:attachment":[{"href":"https:\/\/www.teleskopshop.ch\/fr\/wp-json\/wp\/v2\/media?parent=59385"}],"wp:term":[{"taxonomy":"product_brand","embeddable":true,"href":"https:\/\/www.teleskopshop.ch\/fr\/wp-json\/wp\/v2\/product_brand?post=59385"},{"taxonomy":"product_cat","embeddable":true,"href":"https:\/\/www.teleskopshop.ch\/fr\/wp-json\/wp\/v2\/product_cat?post=59385"},{"taxonomy":"product_tag","embeddable":true,"href":"https:\/\/www.teleskopshop.ch\/fr\/wp-json\/wp\/v2\/product_tag?post=59385"}],"curies":[{"name":"wp","href":"https:\/\/api.w.org\/{rel}","templated":true}]}}