{"id":59382,"date":"2023-12-18T00:00:00","date_gmt":"2023-12-17T23:00:00","guid":{"rendered":"https:\/\/2025.teleskopshop.ch\/shop\/non%20class\u00e9\/celestron-m42-distanzringsatz\/"},"modified":"2025-01-25T11:52:06","modified_gmt":"2025-01-25T10:52:06","slug":"celestron-m42-distanzringsatz","status":"publish","type":"product","link":"https:\/\/www.teleskopshop.ch\/fr\/shop\/optique\/extensions-optiques\/oculaires\/celestron-m42-distanzringsatz\/","title":{"rendered":"Jeu de bagues d&rsquo;espacement Celestron M42"},"content":{"rendered":"<p>Kit avec 3 anneaux 7,5, 12 et 30mm.<br \/>\nAjuste la mise au point de l&rsquo;arri\u00e8re-plan entre la cam\u00e9ra et le t\u00e9lescope pour<br \/>\nobtenir les meilleurs r\u00e9sultats d&rsquo;imagerie<br \/>\nLe kit contient 3 entretoises de longueurs diff\u00e9rentes (7,5 mm, 12 mm,<br \/>\n30mm).<br \/>\nEnfilez votre anneau en T et votre adaptateur en T avec un filetage en T standard et<br \/>\nfiletage int\u00e9rieur<\/p>\n","protected":false},"excerpt":{"rendered":"<p>Kit avec 3 anneaux 7,5, 12 et 30mm. Ajuste la mise au point de l&rsquo;arri\u00e8re-plan entre la cam\u00e9ra et le t\u00e9lescope pour obtenir les meilleurs r\u00e9sultats d&rsquo;imagerie Le kit contient 3 entretoises de longueurs diff\u00e9rentes (7,5 mm, 12 mm, 30mm). Enfilez votre anneau en T et votre adaptateur en T avec un filetage en T [&hellip;]<\/p>\n","protected":false},"featured_media":8566,"comment_status":"closed","ping_status":"open","template":"","meta":{"_acf_changed":false},"product_brand":[674],"product_cat":[1477,1339],"product_tag":[],"class_list":{"0":"post-59382","1":"product","2":"type-product","3":"status-publish","4":"has-post-thumbnail","6":"product_brand-celestron","7":"product_cat-oculaires","8":"product_cat-optique","10":"first","11":"instock","12":"taxable","13":"shipping-taxable","14":"purchasable","15":"product-type-simple"},"acf":[],"_links":{"self":[{"href":"https:\/\/www.teleskopshop.ch\/fr\/wp-json\/wp\/v2\/product\/59382","targetHints":{"allow":["GET"]}}],"collection":[{"href":"https:\/\/www.teleskopshop.ch\/fr\/wp-json\/wp\/v2\/product"}],"about":[{"href":"https:\/\/www.teleskopshop.ch\/fr\/wp-json\/wp\/v2\/types\/product"}],"replies":[{"embeddable":true,"href":"https:\/\/www.teleskopshop.ch\/fr\/wp-json\/wp\/v2\/comments?post=59382"}],"wp:featuredmedia":[{"embeddable":true,"href":"https:\/\/www.teleskopshop.ch\/fr\/wp-json\/wp\/v2\/media\/8566"}],"wp:attachment":[{"href":"https:\/\/www.teleskopshop.ch\/fr\/wp-json\/wp\/v2\/media?parent=59382"}],"wp:term":[{"taxonomy":"product_brand","embeddable":true,"href":"https:\/\/www.teleskopshop.ch\/fr\/wp-json\/wp\/v2\/product_brand?post=59382"},{"taxonomy":"product_cat","embeddable":true,"href":"https:\/\/www.teleskopshop.ch\/fr\/wp-json\/wp\/v2\/product_cat?post=59382"},{"taxonomy":"product_tag","embeddable":true,"href":"https:\/\/www.teleskopshop.ch\/fr\/wp-json\/wp\/v2\/product_tag?post=59382"}],"curies":[{"name":"wp","href":"https:\/\/api.w.org\/{rel}","templated":true}]}}