{"id":59379,"date":"2023-12-18T00:00:00","date_gmt":"2023-12-17T23:00:00","guid":{"rendered":"https:\/\/2025.teleskopshop.ch\/shop\/non%20class\u00e9\/celestron-okular-e-lux-40mm-2-56\/"},"modified":"2025-01-25T11:52:05","modified_gmt":"2025-01-25T10:52:05","slug":"celestron-okular-e-lux-40mm-2-56","status":"publish","type":"product","link":"https:\/\/www.teleskopshop.ch\/fr\/shop\/optique\/extensions-optiques\/oculaires\/celestron-okular-e-lux-40mm-2-56\/","title":{"rendered":"Oculaire Celestron E-Lux 40mm 2&Prime; 56\u00b0"},"content":{"rendered":"<p>Oculaire serveur 40mm pour porte oculaire 2&Prime;.<br \/>\nConception de lentille \u00e0 3 \u00e9l\u00e9ments avec optique enti\u00e8rement multicouche.<br \/>\nAvec un large champ de vision de 56\u00b0, vous pouvez voir des objets c\u00e9lestes plus grands<br \/>\nconsid\u00e9rer.<br \/>\nLong d\u00e9gagement oculaire (36 mm) pour une visualisation confortable.<br \/>\nFiletage pour la plupart des filtres de 2 pouces.<\/p>\n","protected":false},"excerpt":{"rendered":"<p>Oculaire serveur 40mm pour porte oculaire 2&Prime;. Conception de lentille \u00e0 3 \u00e9l\u00e9ments avec optique enti\u00e8rement multicouche. Avec un large champ de vision de 56\u00b0, vous pouvez voir des objets c\u00e9lestes plus grands consid\u00e9rer. Long d\u00e9gagement oculaire (36 mm) pour une visualisation confortable. Filetage pour la plupart des filtres de 2 pouces.<\/p>\n","protected":false},"featured_media":8562,"comment_status":"closed","ping_status":"open","template":"","meta":{"_acf_changed":false},"product_brand":[674],"product_cat":[1477,1339],"product_tag":[],"class_list":{"0":"post-59379","1":"product","2":"type-product","3":"status-publish","4":"has-post-thumbnail","6":"product_brand-celestron","7":"product_cat-oculaires","8":"product_cat-optique","10":"first","11":"instock","12":"taxable","13":"shipping-taxable","14":"purchasable","15":"product-type-simple"},"acf":[],"_links":{"self":[{"href":"https:\/\/www.teleskopshop.ch\/fr\/wp-json\/wp\/v2\/product\/59379","targetHints":{"allow":["GET"]}}],"collection":[{"href":"https:\/\/www.teleskopshop.ch\/fr\/wp-json\/wp\/v2\/product"}],"about":[{"href":"https:\/\/www.teleskopshop.ch\/fr\/wp-json\/wp\/v2\/types\/product"}],"replies":[{"embeddable":true,"href":"https:\/\/www.teleskopshop.ch\/fr\/wp-json\/wp\/v2\/comments?post=59379"}],"wp:featuredmedia":[{"embeddable":true,"href":"https:\/\/www.teleskopshop.ch\/fr\/wp-json\/wp\/v2\/media\/8562"}],"wp:attachment":[{"href":"https:\/\/www.teleskopshop.ch\/fr\/wp-json\/wp\/v2\/media?parent=59379"}],"wp:term":[{"taxonomy":"product_brand","embeddable":true,"href":"https:\/\/www.teleskopshop.ch\/fr\/wp-json\/wp\/v2\/product_brand?post=59379"},{"taxonomy":"product_cat","embeddable":true,"href":"https:\/\/www.teleskopshop.ch\/fr\/wp-json\/wp\/v2\/product_cat?post=59379"},{"taxonomy":"product_tag","embeddable":true,"href":"https:\/\/www.teleskopshop.ch\/fr\/wp-json\/wp\/v2\/product_tag?post=59379"}],"curies":[{"name":"wp","href":"https:\/\/api.w.org\/{rel}","templated":true}]}}