{"id":59358,"date":"2023-12-18T00:00:00","date_gmt":"2023-12-17T23:00:00","guid":{"rendered":"https:\/\/2025.teleskopshop.ch\/shop\/non%20class\u00e9\/baader-ultrashort-1%c2%bc-t-2-klemme\/"},"modified":"2025-01-25T11:52:16","modified_gmt":"2025-01-25T10:52:16","slug":"baader-ultrashort-1%c2%bc-t-2-klemme","status":"publish","type":"product","link":"https:\/\/www.teleskopshop.ch\/fr\/shop\/optique\/extensions-optiques\/oculaires\/baader-ultrashort-1%c2%bc-t-2-klemme\/","title":{"rendered":"Pince Baader Ultrashort 1\u00bc\u00a0\u00bb\/T-2"},"content":{"rendered":"<p>&#8211; Pince oculaire \u00ab\u00a0Ultrashort\u00a0\u00bb 1\u00bc\u00a0\u00bb tr\u00e8s courte avec<br \/>\n anneau de verrouillage en laiton<br \/>\n&#8211; Longueur optique 12mm<br \/>\n&#8211; Optimis\u00e9 pour le guidage des cam\u00e9ras, avec trois vis molet\u00e9es sur le c\u00f4t\u00e9<br \/>\n pour une stabilit\u00e9 maximale et pour centrer ceux qui sont trop petits<br \/>\n Pochettes pour appareil photo<br \/>\n&#8211; Filetage int\u00e9rieur T-2 (femelle) c\u00f4t\u00e9 t\u00e9lescope &#8211; pour connexion directe<br \/>\n \u00e0 n&rsquo;importe quel filetage externe T-2 (m\u00e2le)<\/p>\n","protected":false},"excerpt":{"rendered":"<p>&#8211; Pince oculaire \u00ab\u00a0Ultrashort\u00a0\u00bb 1\u00bc\u00a0\u00bb tr\u00e8s courte avec anneau de verrouillage en laiton &#8211; Longueur optique 12mm &#8211; Optimis\u00e9 pour le guidage des cam\u00e9ras, avec trois vis molet\u00e9es sur le c\u00f4t\u00e9 pour une stabilit\u00e9 maximale et pour centrer ceux qui sont trop petits Pochettes pour appareil photo &#8211; Filetage int\u00e9rieur T-2 (femelle) c\u00f4t\u00e9 t\u00e9lescope &#8211; [&hellip;]<\/p>\n","protected":false},"featured_media":8470,"comment_status":"closed","ping_status":"open","template":"","meta":{"_acf_changed":false},"product_brand":[679],"product_cat":[1477,1339],"product_tag":[],"class_list":{"0":"post-59358","1":"product","2":"type-product","3":"status-publish","4":"has-post-thumbnail","6":"product_brand-baader","7":"product_cat-oculaires","8":"product_cat-optique","10":"first","11":"instock","12":"taxable","13":"shipping-taxable","14":"purchasable","15":"product-type-simple"},"acf":[],"_links":{"self":[{"href":"https:\/\/www.teleskopshop.ch\/fr\/wp-json\/wp\/v2\/product\/59358","targetHints":{"allow":["GET"]}}],"collection":[{"href":"https:\/\/www.teleskopshop.ch\/fr\/wp-json\/wp\/v2\/product"}],"about":[{"href":"https:\/\/www.teleskopshop.ch\/fr\/wp-json\/wp\/v2\/types\/product"}],"replies":[{"embeddable":true,"href":"https:\/\/www.teleskopshop.ch\/fr\/wp-json\/wp\/v2\/comments?post=59358"}],"wp:featuredmedia":[{"embeddable":true,"href":"https:\/\/www.teleskopshop.ch\/fr\/wp-json\/wp\/v2\/media\/8470"}],"wp:attachment":[{"href":"https:\/\/www.teleskopshop.ch\/fr\/wp-json\/wp\/v2\/media?parent=59358"}],"wp:term":[{"taxonomy":"product_brand","embeddable":true,"href":"https:\/\/www.teleskopshop.ch\/fr\/wp-json\/wp\/v2\/product_brand?post=59358"},{"taxonomy":"product_cat","embeddable":true,"href":"https:\/\/www.teleskopshop.ch\/fr\/wp-json\/wp\/v2\/product_cat?post=59358"},{"taxonomy":"product_tag","embeddable":true,"href":"https:\/\/www.teleskopshop.ch\/fr\/wp-json\/wp\/v2\/product_tag?post=59358"}],"curies":[{"name":"wp","href":"https:\/\/api.w.org\/{rel}","templated":true}]}}