{"id":59307,"date":"2023-12-18T00:00:00","date_gmt":"2023-12-17T23:00:00","guid":{"rendered":"https:\/\/2025.teleskopshop.ch\/shop\/non%20class\u00e9\/baader-t2-90-zenitprisma\/"},"modified":"2025-01-25T11:52:29","modified_gmt":"2025-01-25T10:52:29","slug":"baader-t2-90-zenitprisma","status":"publish","type":"product","link":"https:\/\/www.teleskopshop.ch\/fr\/shop\/optique\/extensions-optiques\/oculaires\/baader-t2-90-zenitprisma\/","title":{"rendered":"Prisme diagonal Baader T2\/90\u00b0"},"content":{"rendered":"<p>Prisme diagonal T-2 \/ Prisme 90\u00b0 32mm, avec \u00e9quipement 1\u00bc\u00a0\u00bb, compos\u00e9 de&nbsp;:<br \/>\nFixation d&rsquo;oculaire 1\u00bc\u00a0\u00bb (#2458125) et barillet 1\u00bc\u00a0\u00bb (#14 \/<br \/>\n#2458105).<br \/>\nTr\u00e8s bon prisme z\u00e9nithal multicouche pour une utilisation astronomique<br \/>\navec connexion T2 des deux c\u00f4t\u00e9s. Ouverture du prisme libre 32mm &#8211; s&rsquo;allume<br \/>\ntous les oculaires de 1,25&Prime; \u00e9teints. Transmission sup\u00e9rieure \u00e0 96% gr\u00e2ce au multi-rev\u00eatement,<br \/>\nBo\u00eetier m\u00e9tallique, filetage int\u00e9rieur T2 c\u00f4t\u00e9 t\u00e9lescope \/ T2 c\u00f4t\u00e9 oculaire<br \/>\nfiletage ext\u00e9rieur. Serrage oculaire par 2 vis et bague de serrage.<br \/>\nL&rsquo;ensemble se compose de trois parties :<br \/>\nPrisme diagonal Baader T2 avec connexion T2 des deux c\u00f4t\u00e9s<br \/>\nAdaptateur 1,25&Prime; vers T2 (pour connexion \u00e0 1,25&Prime;)<br \/>\nAdaptateur de T2 \u00e0 1,25&Prime; avec filetage T2 attach\u00e9<\/p>\n","protected":false},"excerpt":{"rendered":"<p>Prisme diagonal T-2 \/ Prisme 90\u00b0 32mm, avec \u00e9quipement 1\u00bc\u00a0\u00bb, compos\u00e9 de&nbsp;: Fixation d&rsquo;oculaire 1\u00bc\u00a0\u00bb (#2458125) et barillet 1\u00bc\u00a0\u00bb (#14 \/ #2458105). Tr\u00e8s bon prisme z\u00e9nithal multicouche pour une utilisation astronomique avec connexion T2 des deux c\u00f4t\u00e9s. Ouverture du prisme libre 32mm &#8211; s&rsquo;allume tous les oculaires de 1,25&Prime; \u00e9teints. Transmission sup\u00e9rieure \u00e0 96% gr\u00e2ce [&hellip;]<\/p>\n","protected":false},"featured_media":8310,"comment_status":"closed","ping_status":"open","template":"","meta":{"_acf_changed":false},"product_brand":[679],"product_cat":[1477,1339],"product_tag":[],"class_list":{"0":"post-59307","1":"product","2":"type-product","3":"status-publish","4":"has-post-thumbnail","6":"product_brand-baader","7":"product_cat-oculaires","8":"product_cat-optique","10":"first","11":"instock","12":"taxable","13":"shipping-taxable","14":"purchasable","15":"product-type-simple"},"acf":[],"_links":{"self":[{"href":"https:\/\/www.teleskopshop.ch\/fr\/wp-json\/wp\/v2\/product\/59307","targetHints":{"allow":["GET"]}}],"collection":[{"href":"https:\/\/www.teleskopshop.ch\/fr\/wp-json\/wp\/v2\/product"}],"about":[{"href":"https:\/\/www.teleskopshop.ch\/fr\/wp-json\/wp\/v2\/types\/product"}],"replies":[{"embeddable":true,"href":"https:\/\/www.teleskopshop.ch\/fr\/wp-json\/wp\/v2\/comments?post=59307"}],"wp:featuredmedia":[{"embeddable":true,"href":"https:\/\/www.teleskopshop.ch\/fr\/wp-json\/wp\/v2\/media\/8310"}],"wp:attachment":[{"href":"https:\/\/www.teleskopshop.ch\/fr\/wp-json\/wp\/v2\/media?parent=59307"}],"wp:term":[{"taxonomy":"product_brand","embeddable":true,"href":"https:\/\/www.teleskopshop.ch\/fr\/wp-json\/wp\/v2\/product_brand?post=59307"},{"taxonomy":"product_cat","embeddable":true,"href":"https:\/\/www.teleskopshop.ch\/fr\/wp-json\/wp\/v2\/product_cat?post=59307"},{"taxonomy":"product_tag","embeddable":true,"href":"https:\/\/www.teleskopshop.ch\/fr\/wp-json\/wp\/v2\/product_tag?post=59307"}],"curies":[{"name":"wp","href":"https:\/\/api.w.org\/{rel}","templated":true}]}}