{"id":59304,"date":"2023-12-18T00:00:00","date_gmt":"2023-12-17T23:00:00","guid":{"rendered":"https:\/\/2025.teleskopshop.ch\/shop\/non%20class\u00e9\/baader-q-turret-okularrevolver-4x\/"},"modified":"2025-01-25T11:52:30","modified_gmt":"2025-01-25T10:52:30","slug":"baader-q-turret-okularrevolver-4x","status":"publish","type":"product","link":"https:\/\/www.teleskopshop.ch\/fr\/shop\/optique\/extensions-optiques\/oculaires\/baader-q-turret-okularrevolver-4x\/","title":{"rendered":"Baader Q.Turret tourelle oculaire 4x"},"content":{"rendered":"<p>Baader Q-Turret Tourelle oculaire quadruple 1,25&Prime; sans oculaires.<br \/>\nLa tourelle oculaire Baader Q-Turret vous permet de passer de<br \/>\nAgrandissements en quelques secondes et offre quatre connexions de 1,25&Prime;.<br \/>\nVous pouvez utiliser jusqu&rsquo;\u00e0 quatre oculaires, mais vous pouvez \u00e9galement utiliser un oculaire au lieu d&rsquo;un<br \/>\nutiliser l&rsquo;appareil photo. C\u00f4t\u00e9 t\u00e9lescope, la tourelle oculaire dispose \u00e9galement<br \/>\nun connecteur 1,25&Prime;. Vous pouvez donc connecter le revolver directement \u00e0 1,25&Prime;<br \/>\nou diagonale en \u00e9toile de 2&Prime; et m\u00eame en raison de la conception courte<br \/>\nT\u00e9lescopes newtoniens avec une course de mise au point suffisante.<br \/>\nPour la photographie lunaire et plan\u00e9taire : Passez de l&rsquo;observation \u00e0<br \/>\nphotographie en quelques secondes. Cela vous permet d&rsquo;avoir une vision optimale<br \/>\nattendre et photographier efficacement. Avec la bague parfocale en option<br \/>\nvous pouvez m\u00eame r\u00e9gler de mani\u00e8re optimale la position de mise au point de la cam\u00e9ra et de l&rsquo;oculaire<br \/>\ncorrespondre.<br \/>\nEn raison de sa conception compacte, la tourelle d&rsquo;oculaire est \u00e9galement sur la plupart<br \/>\nDes t\u00e9lescopes newtoniens avec porte-oculaire de 2&Prime; peuvent \u00eatre utilis\u00e9s. L&rsquo;orientation des images<br \/>\nne sera pas modifi\u00e9.<\/p>\n","protected":false},"excerpt":{"rendered":"<p>Baader Q-Turret Tourelle oculaire quadruple 1,25&Prime; sans oculaires. La tourelle oculaire Baader Q-Turret vous permet de passer de Agrandissements en quelques secondes et offre quatre connexions de 1,25&Prime;. Vous pouvez utiliser jusqu&rsquo;\u00e0 quatre oculaires, mais vous pouvez \u00e9galement utiliser un oculaire au lieu d&rsquo;un utiliser l&rsquo;appareil photo. C\u00f4t\u00e9 t\u00e9lescope, la tourelle oculaire dispose \u00e9galement un [&hellip;]<\/p>\n","protected":false},"featured_media":8306,"comment_status":"closed","ping_status":"open","template":"","meta":{"_acf_changed":false},"product_brand":[679],"product_cat":[1477,1339],"product_tag":[],"class_list":{"0":"post-59304","1":"product","2":"type-product","3":"status-publish","4":"has-post-thumbnail","6":"product_brand-baader","7":"product_cat-oculaires","8":"product_cat-optique","10":"first","11":"instock","12":"taxable","13":"shipping-taxable","14":"purchasable","15":"product-type-simple"},"acf":[],"_links":{"self":[{"href":"https:\/\/www.teleskopshop.ch\/fr\/wp-json\/wp\/v2\/product\/59304","targetHints":{"allow":["GET"]}}],"collection":[{"href":"https:\/\/www.teleskopshop.ch\/fr\/wp-json\/wp\/v2\/product"}],"about":[{"href":"https:\/\/www.teleskopshop.ch\/fr\/wp-json\/wp\/v2\/types\/product"}],"replies":[{"embeddable":true,"href":"https:\/\/www.teleskopshop.ch\/fr\/wp-json\/wp\/v2\/comments?post=59304"}],"wp:featuredmedia":[{"embeddable":true,"href":"https:\/\/www.teleskopshop.ch\/fr\/wp-json\/wp\/v2\/media\/8306"}],"wp:attachment":[{"href":"https:\/\/www.teleskopshop.ch\/fr\/wp-json\/wp\/v2\/media?parent=59304"}],"wp:term":[{"taxonomy":"product_brand","embeddable":true,"href":"https:\/\/www.teleskopshop.ch\/fr\/wp-json\/wp\/v2\/product_brand?post=59304"},{"taxonomy":"product_cat","embeddable":true,"href":"https:\/\/www.teleskopshop.ch\/fr\/wp-json\/wp\/v2\/product_cat?post=59304"},{"taxonomy":"product_tag","embeddable":true,"href":"https:\/\/www.teleskopshop.ch\/fr\/wp-json\/wp\/v2\/product_tag?post=59304"}],"curies":[{"name":"wp","href":"https:\/\/api.w.org\/{rel}","templated":true}]}}