{"id":59301,"date":"2023-12-18T00:00:00","date_gmt":"2023-12-17T23:00:00","guid":{"rendered":"https:\/\/2025.teleskopshop.ch\/shop\/non%20class\u00e9\/baader-q-turret-okularrevolver-classic\/"},"modified":"2025-01-25T11:52:31","modified_gmt":"2025-01-25T10:52:31","slug":"baader-q-turret-okularrevolver-classic","status":"publish","type":"product","link":"https:\/\/www.teleskopshop.ch\/fr\/shop\/optique\/extensions-optiques\/oculaires\/baader-q-turret-okularrevolver-classic\/","title":{"rendered":"Baader Q.Turret tourelle oculaire Classic"},"content":{"rendered":"<p>Jeu d&rsquo;oculaires Q-Turret, compos\u00e9 de quatre oculaires de haute qualit\u00e9 :<br \/>\nClassic Ortho 6,10,18mm, Pl\u00f6ssl 32mm (incl. 4 \u0153illetons avec<br \/>\nabat-jour lat\u00e9ral articul\u00e9), 2,25x Q-Barlow, tourelle quadruple oculaire<br \/>\n(Q-tourelle), Baader Astro Box. Nous recommandons l&rsquo;ensemble pour tout le monde<br \/>\nAmoureux des \u00e9toiles qui aiment observer la lune et les plan\u00e8tes.<br \/>\nBaader Q-Turret Tourelle oculaire quadruple : Elle permet le changement<br \/>\nd&rsquo;agrandissement en quelques secondes. La tourelle oculaire offre 1,25&Prime;<br \/>\nConnexion c\u00f4t\u00e9 t\u00e9lescope et prend quatre oculaires de 1,25&Prime; ou<br \/>\nadaptateur en m\u00eame temps.<br \/>\nBaader Classic Orthos &#8211; 18mm \/ 10mm \/ 6mm : Oculaires orthoscopiques<br \/>\noffrent le meilleur piqu\u00e9 sur l&rsquo;axe et un contraste tr\u00e8s \u00e9lev\u00e9<br \/>\nPour cette raison, les Orthos sont tr\u00e8s heureux d&rsquo;aller sur la lune et<br \/>\nobservation plan\u00e9taire et photographie. Les trois focales<br \/>\nde l&rsquo;ensemble, en particulier en combinaison avec le Barlow, couvrent l&rsquo;ensemble<br \/>\nspectre de grossissement pour ces objets.<br \/>\nOculaire Baader Pl\u00f6ssl 32mm: Avec douille d&rsquo;\u00e9cartement et \u0153illeton &#8211; plein<br \/>\nmulticouche &#8211; pour un champ de vision maximal avec 1,25&Prime;.<br \/>\nBaader Q-Turret 1.25&Prime; Barlow : facteur d&rsquo;extension 2.25x et 1.3x &#8211; un<br \/>\nles meilleures lentilles de Barlow \u00e0 2 \u00e9l\u00e9ments que nous connaissons pour l&rsquo;observation<br \/>\net la photographie. La lentille Barlow offre l&rsquo;image la plus contrast\u00e9e<br \/>\nreste brillant et net. Vous pouvez \u00e9galement utiliser l&rsquo;\u00e9l\u00e9ment Barlow dans le Q-<br \/>\nVisser la tourelle oculaire de la tourelle.<\/p>\n","protected":false},"excerpt":{"rendered":"<p>Jeu d&rsquo;oculaires Q-Turret, compos\u00e9 de quatre oculaires de haute qualit\u00e9 : Classic Ortho 6,10,18mm, Pl\u00f6ssl 32mm (incl. 4 \u0153illetons avec abat-jour lat\u00e9ral articul\u00e9), 2,25x Q-Barlow, tourelle quadruple oculaire (Q-tourelle), Baader Astro Box. Nous recommandons l&rsquo;ensemble pour tout le monde Amoureux des \u00e9toiles qui aiment observer la lune et les plan\u00e8tes. Baader Q-Turret Tourelle oculaire quadruple [&hellip;]<\/p>\n","protected":false},"featured_media":8302,"comment_status":"closed","ping_status":"open","template":"","meta":{"_acf_changed":false},"product_brand":[679],"product_cat":[1477,1339],"product_tag":[],"class_list":{"0":"post-59301","1":"product","2":"type-product","3":"status-publish","4":"has-post-thumbnail","6":"product_brand-baader","7":"product_cat-oculaires","8":"product_cat-optique","10":"first","11":"instock","12":"taxable","13":"shipping-taxable","14":"purchasable","15":"product-type-simple"},"acf":[],"_links":{"self":[{"href":"https:\/\/www.teleskopshop.ch\/fr\/wp-json\/wp\/v2\/product\/59301","targetHints":{"allow":["GET"]}}],"collection":[{"href":"https:\/\/www.teleskopshop.ch\/fr\/wp-json\/wp\/v2\/product"}],"about":[{"href":"https:\/\/www.teleskopshop.ch\/fr\/wp-json\/wp\/v2\/types\/product"}],"replies":[{"embeddable":true,"href":"https:\/\/www.teleskopshop.ch\/fr\/wp-json\/wp\/v2\/comments?post=59301"}],"wp:featuredmedia":[{"embeddable":true,"href":"https:\/\/www.teleskopshop.ch\/fr\/wp-json\/wp\/v2\/media\/8302"}],"wp:attachment":[{"href":"https:\/\/www.teleskopshop.ch\/fr\/wp-json\/wp\/v2\/media?parent=59301"}],"wp:term":[{"taxonomy":"product_brand","embeddable":true,"href":"https:\/\/www.teleskopshop.ch\/fr\/wp-json\/wp\/v2\/product_brand?post=59301"},{"taxonomy":"product_cat","embeddable":true,"href":"https:\/\/www.teleskopshop.ch\/fr\/wp-json\/wp\/v2\/product_cat?post=59301"},{"taxonomy":"product_tag","embeddable":true,"href":"https:\/\/www.teleskopshop.ch\/fr\/wp-json\/wp\/v2\/product_tag?post=59301"}],"curies":[{"name":"wp","href":"https:\/\/api.w.org\/{rel}","templated":true}]}}