{"id":59298,"date":"2023-12-18T00:00:00","date_gmt":"2023-12-17T23:00:00","guid":{"rendered":"https:\/\/2025.teleskopshop.ch\/shop\/non%20class\u00e9\/baader-2-amici-prisma-45-sc\/"},"modified":"2025-01-25T11:52:32","modified_gmt":"2025-01-25T10:52:32","slug":"baader-2-amici-prisma-45-sc","status":"publish","type":"product","link":"https:\/\/www.teleskopshop.ch\/fr\/shop\/optique\/extensions-optiques\/oculaires\/baader-2-amici-prisma-45-sc\/","title":{"rendered":"Prisme Baader 2&Prime; AMICI 45\u00b0 SC"},"content":{"rendered":"<p>Prisme redresseur d&rsquo;image pour l&rsquo;observation astro et terrestre avec<br \/>\nAdaptateur de raccordement SC 2&Prime; et r\u00e9ducteur 2&Prime;\/1\u00bc\u00a0\u00bb.<br \/>\nUn excellent prisme Amici 2&Prime; &#8211; sp\u00e9cialement pour l&rsquo;observation terrestre<br \/>\nqui convient. L&rsquo;agr\u00e9able vue \u00e0 45\u00b0 permet un s\u00e9jour d\u00e9tendu<br \/>\nPosition de la t\u00eate lors de l&rsquo;observation de la terre.<br \/>\nRaccordement c\u00f4t\u00e9 t\u00e9lescope : Filetage de raccordement SC<br \/>\nConnexions c\u00f4t\u00e9 oculaire : 2&Prime; et r\u00e9duction \u00e0 canon 1,25&Prime; avec<br \/>\nfil de filtre<br \/>\nSerrage : serrage propre avec serrage par bague<br \/>\nOuverture libre : 31mm<br \/>\nPrismes : en BAK4<br \/>\nPoids : 400g<\/p>\n","protected":false},"excerpt":{"rendered":"<p>Prisme redresseur d&rsquo;image pour l&rsquo;observation astro et terrestre avec Adaptateur de raccordement SC 2&Prime; et r\u00e9ducteur 2&Prime;\/1\u00bc\u00a0\u00bb. Un excellent prisme Amici 2&Prime; &#8211; sp\u00e9cialement pour l&rsquo;observation terrestre qui convient. L&rsquo;agr\u00e9able vue \u00e0 45\u00b0 permet un s\u00e9jour d\u00e9tendu Position de la t\u00eate lors de l&rsquo;observation de la terre. Raccordement c\u00f4t\u00e9 t\u00e9lescope : Filetage de raccordement SC [&hellip;]<\/p>\n","protected":false},"featured_media":8298,"comment_status":"closed","ping_status":"open","template":"","meta":{"_acf_changed":false},"product_brand":[679],"product_cat":[1477,1339],"product_tag":[],"class_list":{"0":"post-59298","1":"product","2":"type-product","3":"status-publish","4":"has-post-thumbnail","6":"product_brand-baader","7":"product_cat-oculaires","8":"product_cat-optique","10":"first","11":"instock","12":"taxable","13":"shipping-taxable","14":"purchasable","15":"product-type-simple"},"acf":[],"_links":{"self":[{"href":"https:\/\/www.teleskopshop.ch\/fr\/wp-json\/wp\/v2\/product\/59298","targetHints":{"allow":["GET"]}}],"collection":[{"href":"https:\/\/www.teleskopshop.ch\/fr\/wp-json\/wp\/v2\/product"}],"about":[{"href":"https:\/\/www.teleskopshop.ch\/fr\/wp-json\/wp\/v2\/types\/product"}],"replies":[{"embeddable":true,"href":"https:\/\/www.teleskopshop.ch\/fr\/wp-json\/wp\/v2\/comments?post=59298"}],"wp:featuredmedia":[{"embeddable":true,"href":"https:\/\/www.teleskopshop.ch\/fr\/wp-json\/wp\/v2\/media\/8298"}],"wp:attachment":[{"href":"https:\/\/www.teleskopshop.ch\/fr\/wp-json\/wp\/v2\/media?parent=59298"}],"wp:term":[{"taxonomy":"product_brand","embeddable":true,"href":"https:\/\/www.teleskopshop.ch\/fr\/wp-json\/wp\/v2\/product_brand?post=59298"},{"taxonomy":"product_cat","embeddable":true,"href":"https:\/\/www.teleskopshop.ch\/fr\/wp-json\/wp\/v2\/product_cat?post=59298"},{"taxonomy":"product_tag","embeddable":true,"href":"https:\/\/www.teleskopshop.ch\/fr\/wp-json\/wp\/v2\/product_tag?post=59298"}],"curies":[{"name":"wp","href":"https:\/\/api.w.org\/{rel}","templated":true}]}}