{"id":59289,"date":"2023-12-18T00:00:00","date_gmt":"2023-12-17T23:00:00","guid":{"rendered":"https:\/\/2025.teleskopshop.ch\/shop\/non%20class\u00e9\/baader-polaris-i-mess-nachfuehr-okular\/"},"modified":"2025-01-25T11:52:32","modified_gmt":"2025-01-25T10:52:32","slug":"baader-polaris-i-mess-nachfuehr-okular","status":"publish","type":"product","link":"https:\/\/www.teleskopshop.ch\/fr\/shop\/optique\/extensions-optiques\/oculaires\/baader-polaris-i-mess-nachfuehr-okular\/","title":{"rendered":"Oculaire de mesure + poursuite Baader Polaris I"},"content":{"rendered":"<p>Baader POLARIS I &#8211; Oculaire de mesure et de suivi 25 mm avec connexion T2 &#8211;<br \/>\n\u00e9clairable.<br \/>\nL&rsquo;oculaire de mesure POLARIS avec connexion T2 a un T2 universel T2<br \/>\nLien. Il peut facilement \u00eatre adapt\u00e9 pour des extensions de 1,25&Prime; ou 2&Prime;.<br \/>\nGr\u00e2ce au filetage T2, il s&rsquo;adapte \u00e0 tous les objectifs avec le filetage photo.<br \/>\nL&rsquo;oculaire peut \u00eatre \u00e9clair\u00e9 (la batterie n&rsquo;est pas incluse dans la livraison<br \/>\ncontenir).<br \/>\nCentrage exact &#8211; par exemple lors de l&rsquo;\u00e9talonnage des t\u00e9lescopes GoTo,<br \/>\nMesure &#8211; gr\u00e2ce \u00e0 l&rsquo;\u00e9chelle calibr\u00e9e, une mesure pr\u00e9cise est possible<br \/>\npar exemple des distances d&rsquo;\u00e9toiles. Poursuite &#8211; des distances focales courtes peuvent \u00eatre utilis\u00e9es avec le<br \/>\nl&rsquo;oculaire peut \u00eatre bien suivi.<br \/>\nUne plaque multicouche est mise \u00e0 l&rsquo;\u00e9chelle avec des<br \/>\nintervalles grav\u00e9s. Cela permet \u00e0 l&rsquo;oculaire pour diff\u00e9rents<br \/>\nLes domaines d&rsquo;application sont utilis\u00e9s.<\/p>\n","protected":false},"excerpt":{"rendered":"<p>Baader POLARIS I &#8211; Oculaire de mesure et de suivi 25 mm avec connexion T2 &#8211; \u00e9clairable. L&rsquo;oculaire de mesure POLARIS avec connexion T2 a un T2 universel T2 Lien. Il peut facilement \u00eatre adapt\u00e9 pour des extensions de 1,25&Prime; ou 2&Prime;. Gr\u00e2ce au filetage T2, il s&rsquo;adapte \u00e0 tous les objectifs avec le filetage [&hellip;]<\/p>\n","protected":false},"featured_media":8286,"comment_status":"closed","ping_status":"open","template":"","meta":{"_acf_changed":false},"product_brand":[679],"product_cat":[1477,1339],"product_tag":[],"class_list":{"0":"post-59289","1":"product","2":"type-product","3":"status-publish","4":"has-post-thumbnail","6":"product_brand-baader","7":"product_cat-oculaires","8":"product_cat-optique","10":"first","11":"instock","12":"taxable","13":"shipping-taxable","14":"purchasable","15":"product-type-simple"},"acf":[],"_links":{"self":[{"href":"https:\/\/www.teleskopshop.ch\/fr\/wp-json\/wp\/v2\/product\/59289","targetHints":{"allow":["GET"]}}],"collection":[{"href":"https:\/\/www.teleskopshop.ch\/fr\/wp-json\/wp\/v2\/product"}],"about":[{"href":"https:\/\/www.teleskopshop.ch\/fr\/wp-json\/wp\/v2\/types\/product"}],"replies":[{"embeddable":true,"href":"https:\/\/www.teleskopshop.ch\/fr\/wp-json\/wp\/v2\/comments?post=59289"}],"wp:featuredmedia":[{"embeddable":true,"href":"https:\/\/www.teleskopshop.ch\/fr\/wp-json\/wp\/v2\/media\/8286"}],"wp:attachment":[{"href":"https:\/\/www.teleskopshop.ch\/fr\/wp-json\/wp\/v2\/media?parent=59289"}],"wp:term":[{"taxonomy":"product_brand","embeddable":true,"href":"https:\/\/www.teleskopshop.ch\/fr\/wp-json\/wp\/v2\/product_brand?post=59289"},{"taxonomy":"product_cat","embeddable":true,"href":"https:\/\/www.teleskopshop.ch\/fr\/wp-json\/wp\/v2\/product_cat?post=59289"},{"taxonomy":"product_tag","embeddable":true,"href":"https:\/\/www.teleskopshop.ch\/fr\/wp-json\/wp\/v2\/product_tag?post=59289"}],"curies":[{"name":"wp","href":"https:\/\/api.w.org\/{rel}","templated":true}]}}