{"id":59286,"date":"2023-12-18T00:00:00","date_gmt":"2023-12-17T23:00:00","guid":{"rendered":"https:\/\/2025.teleskopshop.ch\/shop\/non%20class\u00e9\/baader-okular-32mm-ortho-classic-1%c2%bc\/"},"modified":"2025-01-25T11:52:33","modified_gmt":"2025-01-25T10:52:33","slug":"baader-okular-32mm-ortho-classic-1%c2%bc","status":"publish","type":"product","link":"https:\/\/www.teleskopshop.ch\/fr\/shop\/optique\/extensions-optiques\/oculaires\/baader-okular-32mm-ortho-classic-1%c2%bc\/","title":{"rendered":"Oculaire Baader 32mm Ortho Classic 1\u00bc\u00a0\u00bb"},"content":{"rendered":"<p>Oculaire Baader 1.25&Prime; Classic Pl\u00f6ssl 32mm (HT-mc) &#8211; multicouche HT avec<br \/>\nentretoise et \u0153illeton. Champ de vision apparent de 52\u00b0 &#8211; complet<br \/>\nmulti-compens\u00e9e.<br \/>\nLe Baader Classic Pl\u00f6ssl 32mm est un net et \u00e0 contraste \u00e9lev\u00e9<br \/>\nOculaire de 1,25&Prime; pour les observations \u00e0 grand champ. Il offre le maximum<br \/>\nChamp de vision avec 1,25&Prime;. Le 1.25 ? Le r\u00e9ceptacle de l&rsquo;oculaire n&rsquo;a pas<br \/>\nrainure de verrouillage. Une inclinaison ou une inclinaison des porte-oculaires avec<br \/>\nLe serrage par anneau n&rsquo;est donc pas possible.<\/p>\n","protected":false},"excerpt":{"rendered":"<p>Oculaire Baader 1.25&Prime; Classic Pl\u00f6ssl 32mm (HT-mc) &#8211; multicouche HT avec entretoise et \u0153illeton. Champ de vision apparent de 52\u00b0 &#8211; complet multi-compens\u00e9e. Le Baader Classic Pl\u00f6ssl 32mm est un net et \u00e0 contraste \u00e9lev\u00e9 Oculaire de 1,25&Prime; pour les observations \u00e0 grand champ. Il offre le maximum Champ de vision avec 1,25&Prime;. Le 1.25 [&hellip;]<\/p>\n","protected":false},"featured_media":8282,"comment_status":"closed","ping_status":"open","template":"","meta":{"_acf_changed":false},"product_brand":[679],"product_cat":[1477,1339],"product_tag":[],"class_list":{"0":"post-59286","1":"product","2":"type-product","3":"status-publish","4":"has-post-thumbnail","6":"product_brand-baader","7":"product_cat-oculaires","8":"product_cat-optique","10":"first","11":"instock","12":"taxable","13":"shipping-taxable","14":"purchasable","15":"product-type-simple"},"acf":[],"_links":{"self":[{"href":"https:\/\/www.teleskopshop.ch\/fr\/wp-json\/wp\/v2\/product\/59286","targetHints":{"allow":["GET"]}}],"collection":[{"href":"https:\/\/www.teleskopshop.ch\/fr\/wp-json\/wp\/v2\/product"}],"about":[{"href":"https:\/\/www.teleskopshop.ch\/fr\/wp-json\/wp\/v2\/types\/product"}],"replies":[{"embeddable":true,"href":"https:\/\/www.teleskopshop.ch\/fr\/wp-json\/wp\/v2\/comments?post=59286"}],"wp:featuredmedia":[{"embeddable":true,"href":"https:\/\/www.teleskopshop.ch\/fr\/wp-json\/wp\/v2\/media\/8282"}],"wp:attachment":[{"href":"https:\/\/www.teleskopshop.ch\/fr\/wp-json\/wp\/v2\/media?parent=59286"}],"wp:term":[{"taxonomy":"product_brand","embeddable":true,"href":"https:\/\/www.teleskopshop.ch\/fr\/wp-json\/wp\/v2\/product_brand?post=59286"},{"taxonomy":"product_cat","embeddable":true,"href":"https:\/\/www.teleskopshop.ch\/fr\/wp-json\/wp\/v2\/product_cat?post=59286"},{"taxonomy":"product_tag","embeddable":true,"href":"https:\/\/www.teleskopshop.ch\/fr\/wp-json\/wp\/v2\/product_tag?post=59286"}],"curies":[{"name":"wp","href":"https:\/\/api.w.org\/{rel}","templated":true}]}}