{"id":59283,"date":"2023-12-18T00:00:00","date_gmt":"2023-12-17T23:00:00","guid":{"rendered":"https:\/\/2025.teleskopshop.ch\/shop\/non%20class\u00e9\/baader-okular-6mm-classic-ortho-1%c2%bc\/"},"modified":"2025-01-25T11:52:32","modified_gmt":"2025-01-25T10:52:32","slug":"baader-okular-6mm-classic-ortho-1%c2%bc","status":"publish","type":"product","link":"https:\/\/www.teleskopshop.ch\/fr\/shop\/optique\/extensions-optiques\/oculaires\/baader-okular-6mm-classic-ortho-1%c2%bc\/","title":{"rendered":"Oculaire Baader 6mm Classic Ortho 1\u00bc\u00a0\u00bb"},"content":{"rendered":"<p>Oculaire Baader 1.25&Prime; Classic Ortho 6mm (HT-mc) &#8211; original Zeiss Ortho<br \/>\nConstruction. Nous recommandons les orthos classiques de Baader \u00e0 tout le monde<br \/>\nLes observateurs qui appr\u00e9cient une image aussi lumineuse que possible avec une<br \/>\nConcentrez-vous sur l&rsquo;axe. Les oculaires sont particuli\u00e8rement adapt\u00e9s pour<br \/>\nObservation plan\u00e9taire et photographie (projection oculaire \u00e9toile binaire<br \/>\nl&rsquo;observation mais aussi l&rsquo;observation d&rsquo;objets du ciel profond, o\u00f9 il<br \/>\nne d\u00e9pend pas d&rsquo;un grand champ. Orthoscopique classique<br \/>\nConstruction d&rsquo;oculaire selon. la construction d&rsquo;Ernst Abbe, compl\u00e8tement<br \/>\nimage sans distorsion, r\u00e9ceptacle 1,25&Prime; sans rainure de verrouillage. la<br \/>\nLes oculaires orthoscopiques Baader Classic sont parfocaux &#8211; un r\u00e9glage<br \/>\nla nettet\u00e9 n&rsquo;est pas n\u00e9cessaire.<br \/>\nDistance focale : 6 mm<br \/>\nDiam\u00e8tre d&rsquo;insertion : 1,25&Prime; sans rainure de verrouillage<br \/>\nChamp de vision apparent : 52\u00b0<br \/>\nDiam\u00e8tre d&rsquo;arr\u00eat de champ : 5 mm<br \/>\nD\u00e9gagement oculaire : 5 mm<br \/>\nPoids : 37g<\/p>\n","protected":false},"excerpt":{"rendered":"<p>Oculaire Baader 1.25&Prime; Classic Ortho 6mm (HT-mc) &#8211; original Zeiss Ortho Construction. Nous recommandons les orthos classiques de Baader \u00e0 tout le monde Les observateurs qui appr\u00e9cient une image aussi lumineuse que possible avec une Concentrez-vous sur l&rsquo;axe. Les oculaires sont particuli\u00e8rement adapt\u00e9s pour Observation plan\u00e9taire et photographie (projection oculaire \u00e9toile binaire l&rsquo;observation mais aussi [&hellip;]<\/p>\n","protected":false},"featured_media":8278,"comment_status":"closed","ping_status":"open","template":"","meta":{"_acf_changed":false},"product_brand":[679],"product_cat":[1477,1339],"product_tag":[],"class_list":{"0":"post-59283","1":"product","2":"type-product","3":"status-publish","4":"has-post-thumbnail","6":"product_brand-baader","7":"product_cat-oculaires","8":"product_cat-optique","10":"first","11":"instock","12":"taxable","13":"shipping-taxable","14":"purchasable","15":"product-type-simple"},"acf":[],"_links":{"self":[{"href":"https:\/\/www.teleskopshop.ch\/fr\/wp-json\/wp\/v2\/product\/59283","targetHints":{"allow":["GET"]}}],"collection":[{"href":"https:\/\/www.teleskopshop.ch\/fr\/wp-json\/wp\/v2\/product"}],"about":[{"href":"https:\/\/www.teleskopshop.ch\/fr\/wp-json\/wp\/v2\/types\/product"}],"replies":[{"embeddable":true,"href":"https:\/\/www.teleskopshop.ch\/fr\/wp-json\/wp\/v2\/comments?post=59283"}],"wp:featuredmedia":[{"embeddable":true,"href":"https:\/\/www.teleskopshop.ch\/fr\/wp-json\/wp\/v2\/media\/8278"}],"wp:attachment":[{"href":"https:\/\/www.teleskopshop.ch\/fr\/wp-json\/wp\/v2\/media?parent=59283"}],"wp:term":[{"taxonomy":"product_brand","embeddable":true,"href":"https:\/\/www.teleskopshop.ch\/fr\/wp-json\/wp\/v2\/product_brand?post=59283"},{"taxonomy":"product_cat","embeddable":true,"href":"https:\/\/www.teleskopshop.ch\/fr\/wp-json\/wp\/v2\/product_cat?post=59283"},{"taxonomy":"product_tag","embeddable":true,"href":"https:\/\/www.teleskopshop.ch\/fr\/wp-json\/wp\/v2\/product_tag?post=59283"}],"curies":[{"name":"wp","href":"https:\/\/api.w.org\/{rel}","templated":true}]}}