{"id":59277,"date":"2023-12-18T00:00:00","date_gmt":"2023-12-17T23:00:00","guid":{"rendered":"https:\/\/2025.teleskopshop.ch\/shop\/non%20class\u00e9\/baader-augenmuschel-classic-w\/"},"modified":"2025-01-25T11:52:37","modified_gmt":"2025-01-25T10:52:37","slug":"baader-augenmuschel-classic-w","status":"publish","type":"product","link":"https:\/\/www.teleskopshop.ch\/fr\/shop\/optique\/extensions-optiques\/oculaires\/baader-augenmuschel-classic-w\/","title":{"rendered":"Baader \u0152illeton Classique W"},"content":{"rendered":"<p>Cet \u0153illeton s&rsquo;adapte aux oculaires de 32 mm de diam\u00e8tre et dispose d&rsquo;un<br \/>\npare-soleil lat\u00e9ral rabattable qui prot\u00e8ge contre la lumi\u00e8re incidente lat\u00e9rale<br \/>\nla lumi\u00e8re prot\u00e8ge. Cet \u0153illeton en caoutchouc prot\u00e8ge \u00e9galement contre la lumi\u00e8re parasite<br \/>\nlat\u00e9ral. Il sert \u00e9galement de support aux lunettes et les emp\u00eache<br \/>\nRayure.<\/p>\n","protected":false},"excerpt":{"rendered":"<p>Cet \u0153illeton s&rsquo;adapte aux oculaires de 32 mm de diam\u00e8tre et dispose d&rsquo;un pare-soleil lat\u00e9ral rabattable qui prot\u00e8ge contre la lumi\u00e8re incidente lat\u00e9rale la lumi\u00e8re prot\u00e8ge. Cet \u0153illeton en caoutchouc prot\u00e8ge \u00e9galement contre la lumi\u00e8re parasite lat\u00e9ral. Il sert \u00e9galement de support aux lunettes et les emp\u00eache Rayure.<\/p>\n","protected":false},"featured_media":8234,"comment_status":"closed","ping_status":"open","template":"","meta":{"_acf_changed":false},"product_brand":[679],"product_cat":[1477,1339],"product_tag":[],"class_list":{"0":"post-59277","1":"product","2":"type-product","3":"status-publish","4":"has-post-thumbnail","6":"product_brand-baader","7":"product_cat-oculaires","8":"product_cat-optique","10":"first","11":"instock","12":"taxable","13":"shipping-taxable","14":"purchasable","15":"product-type-simple"},"acf":[],"_links":{"self":[{"href":"https:\/\/www.teleskopshop.ch\/fr\/wp-json\/wp\/v2\/product\/59277","targetHints":{"allow":["GET"]}}],"collection":[{"href":"https:\/\/www.teleskopshop.ch\/fr\/wp-json\/wp\/v2\/product"}],"about":[{"href":"https:\/\/www.teleskopshop.ch\/fr\/wp-json\/wp\/v2\/types\/product"}],"replies":[{"embeddable":true,"href":"https:\/\/www.teleskopshop.ch\/fr\/wp-json\/wp\/v2\/comments?post=59277"}],"wp:featuredmedia":[{"embeddable":true,"href":"https:\/\/www.teleskopshop.ch\/fr\/wp-json\/wp\/v2\/media\/8234"}],"wp:attachment":[{"href":"https:\/\/www.teleskopshop.ch\/fr\/wp-json\/wp\/v2\/media?parent=59277"}],"wp:term":[{"taxonomy":"product_brand","embeddable":true,"href":"https:\/\/www.teleskopshop.ch\/fr\/wp-json\/wp\/v2\/product_brand?post=59277"},{"taxonomy":"product_cat","embeddable":true,"href":"https:\/\/www.teleskopshop.ch\/fr\/wp-json\/wp\/v2\/product_cat?post=59277"},{"taxonomy":"product_tag","embeddable":true,"href":"https:\/\/www.teleskopshop.ch\/fr\/wp-json\/wp\/v2\/product_tag?post=59277"}],"curies":[{"name":"wp","href":"https:\/\/api.w.org\/{rel}","templated":true}]}}