{"id":59274,"date":"2023-12-18T00:00:00","date_gmt":"2023-12-17T23:00:00","guid":{"rendered":"https:\/\/2025.teleskopshop.ch\/shop\/non%20class\u00e9\/baader-upgrade-kit-2-hyperion\/"},"modified":"2025-01-25T11:52:39","modified_gmt":"2025-01-25T10:52:39","slug":"baader-upgrade-kit-2-hyperion","status":"publish","type":"product","link":"https:\/\/www.teleskopshop.ch\/fr\/shop\/optique\/extensions-optiques\/oculaires\/baader-upgrade-kit-2-hyperion\/","title":{"rendered":"Kit de mise \u00e0 niveau Baader 2&Prime; Hyperion"},"content":{"rendered":"<p>Kit d&rsquo;adaptation 2&Prime; pour oculaire zoom Hyperion clickstop compos\u00e9 de<br \/>\nBague adaptatrice M45\/ douille 2&Prime;i et 2&Prime;. Cela fait chaque Hyp\u00e9rion 1\u00bc\u00a0\u00bb<br \/>\nL&rsquo;oculaire zoom Clickstop peut \u00eatre converti en oculaire zoom 2&Prime;.<br \/>\nAvec ce kit de mise \u00e0 niveau, un oculaire zoom Hyperion clickstop<br \/>\nMise \u00e0 niveau vers 2&Prime; avec connecteur 1,25&Prime;. Donc tu n&rsquo;en as pas besoin<br \/>\nAdaptateur plus si le zoom alterne avec des oculaires 2&Prime; purs<br \/>\nest utilis\u00e9.<br \/>\nLes deux adaptateurs partiels peuvent \u00e9galement \u00eatre utilis\u00e9s s\u00e9par\u00e9ment.<br \/>\nCeci est particuli\u00e8rement utile pour ceux qui ont un r\u00e9ceptacle ext\u00e9rieur de 2&Prime; avec<br \/>\ncombin\u00e9 avec un filetage ext\u00e9rieur de 2&Prime;. Avec un correspondant<br \/>\nBague d&rsquo;adaptation sur une ba\u00efonnette d&rsquo;appareil photo, vous obtenez une adaptation d&rsquo;appareil photo<br \/>\nde 2&Prime;, qui ne vignette pas.<\/p>\n","protected":false},"excerpt":{"rendered":"<p>Kit d&rsquo;adaptation 2&Prime; pour oculaire zoom Hyperion clickstop compos\u00e9 de Bague adaptatrice M45\/ douille 2&Prime;i et 2&Prime;. Cela fait chaque Hyp\u00e9rion 1\u00bc\u00a0\u00bb L&rsquo;oculaire zoom Clickstop peut \u00eatre converti en oculaire zoom 2&Prime;. Avec ce kit de mise \u00e0 niveau, un oculaire zoom Hyperion clickstop Mise \u00e0 niveau vers 2&Prime; avec connecteur 1,25&Prime;. Donc tu n&rsquo;en [&hellip;]<\/p>\n","protected":false},"featured_media":8226,"comment_status":"closed","ping_status":"open","template":"","meta":{"_acf_changed":false},"product_brand":[679],"product_cat":[1477,1339],"product_tag":[],"class_list":{"0":"post-59274","1":"product","2":"type-product","3":"status-publish","4":"has-post-thumbnail","6":"product_brand-baader","7":"product_cat-oculaires","8":"product_cat-optique","10":"first","11":"instock","12":"taxable","13":"shipping-taxable","14":"purchasable","15":"product-type-simple"},"acf":[],"_links":{"self":[{"href":"https:\/\/www.teleskopshop.ch\/fr\/wp-json\/wp\/v2\/product\/59274","targetHints":{"allow":["GET"]}}],"collection":[{"href":"https:\/\/www.teleskopshop.ch\/fr\/wp-json\/wp\/v2\/product"}],"about":[{"href":"https:\/\/www.teleskopshop.ch\/fr\/wp-json\/wp\/v2\/types\/product"}],"replies":[{"embeddable":true,"href":"https:\/\/www.teleskopshop.ch\/fr\/wp-json\/wp\/v2\/comments?post=59274"}],"wp:featuredmedia":[{"embeddable":true,"href":"https:\/\/www.teleskopshop.ch\/fr\/wp-json\/wp\/v2\/media\/8226"}],"wp:attachment":[{"href":"https:\/\/www.teleskopshop.ch\/fr\/wp-json\/wp\/v2\/media?parent=59274"}],"wp:term":[{"taxonomy":"product_brand","embeddable":true,"href":"https:\/\/www.teleskopshop.ch\/fr\/wp-json\/wp\/v2\/product_brand?post=59274"},{"taxonomy":"product_cat","embeddable":true,"href":"https:\/\/www.teleskopshop.ch\/fr\/wp-json\/wp\/v2\/product_cat?post=59274"},{"taxonomy":"product_tag","embeddable":true,"href":"https:\/\/www.teleskopshop.ch\/fr\/wp-json\/wp\/v2\/product_tag?post=59274"}],"curies":[{"name":"wp","href":"https:\/\/api.w.org\/{rel}","templated":true}]}}