{"id":59271,"date":"2023-12-18T00:00:00","date_gmt":"2023-12-17T23:00:00","guid":{"rendered":"https:\/\/2025.teleskopshop.ch\/shop\/non%20class\u00e9\/baader-oag-off-axis-guider-rcc\/"},"modified":"2025-01-25T11:52:40","modified_gmt":"2025-01-25T10:52:40","slug":"baader-oag-off-axis-guider-rcc","status":"publish","type":"product","link":"https:\/\/www.teleskopshop.ch\/fr\/shop\/optique\/extensions-optiques\/oculaires\/baader-oag-off-axis-guider-rcc\/","title":{"rendered":"Baader OAG Off Axis Guider RCC"},"content":{"rendered":"<p>RCC Off Axis Guider avec connexion T2 des deux c\u00f4t\u00e9s &#8211; longueur totale 36,5 mm.<br \/>\nLe Baader Off Axis Guider est sp\u00e9cialement con\u00e7u pour le RCC Baader Koma<br \/>\ncorrecteur a \u00e9t\u00e9 d\u00e9velopp\u00e9. Le guide hors axe s&rsquo;enclenche directement<br \/>\nvisser le correcteur de coma. En revanche, ils peuvent directement<br \/>\nFixez un appareil photo reflex avec la bague T2 appropri\u00e9e. Inclus<br \/>\nvous \u00eates automatiquement \u00e0 la distance optimale.<br \/>\nLa vue lat\u00e9rale peut \u00eatre pivot\u00e9e de 140\u00b0 sans changer le<br \/>\nposition de la cam\u00e9ra ou desserrez la connexion. Le prisme est \u00e0 travers un<br \/>\nVis molet\u00e9e pivotante, cela rend la zone de guidage de la recherche d&rsquo;\u00e9toiles<br \/>\nencore augment\u00e9. Connexion T2 pratique des deux c\u00f4t\u00e9s &#8211; \u00e0 cause de cela<br \/>\nune simple adaptation est possible.<br \/>\nRaccordement c\u00f4t\u00e9 t\u00e9lescope : Filetage int\u00e9rieur T2 (M42x0,75)<br \/>\nRaccordement c\u00f4t\u00e9 cam\u00e9ra : filetage ext\u00e9rieur T2<br \/>\nDimension d&rsquo;insertion pour la vue de c\u00f4t\u00e9 : 1,25&Prime;<br \/>\nLongueur totale optiquement efficace : 36,5 mm<\/p>\n","protected":false},"excerpt":{"rendered":"<p>RCC Off Axis Guider avec connexion T2 des deux c\u00f4t\u00e9s &#8211; longueur totale 36,5 mm. Le Baader Off Axis Guider est sp\u00e9cialement con\u00e7u pour le RCC Baader Koma correcteur a \u00e9t\u00e9 d\u00e9velopp\u00e9. Le guide hors axe s&rsquo;enclenche directement visser le correcteur de coma. En revanche, ils peuvent directement Fixez un appareil photo reflex avec la [&hellip;]<\/p>\n","protected":false},"featured_media":8222,"comment_status":"closed","ping_status":"open","template":"","meta":{"_acf_changed":false},"product_brand":[679],"product_cat":[1477,1339],"product_tag":[],"class_list":{"0":"post-59271","1":"product","2":"type-product","3":"status-publish","4":"has-post-thumbnail","6":"product_brand-baader","7":"product_cat-oculaires","8":"product_cat-optique","10":"first","11":"instock","12":"taxable","13":"shipping-taxable","14":"purchasable","15":"product-type-simple"},"acf":[],"_links":{"self":[{"href":"https:\/\/www.teleskopshop.ch\/fr\/wp-json\/wp\/v2\/product\/59271","targetHints":{"allow":["GET"]}}],"collection":[{"href":"https:\/\/www.teleskopshop.ch\/fr\/wp-json\/wp\/v2\/product"}],"about":[{"href":"https:\/\/www.teleskopshop.ch\/fr\/wp-json\/wp\/v2\/types\/product"}],"replies":[{"embeddable":true,"href":"https:\/\/www.teleskopshop.ch\/fr\/wp-json\/wp\/v2\/comments?post=59271"}],"wp:featuredmedia":[{"embeddable":true,"href":"https:\/\/www.teleskopshop.ch\/fr\/wp-json\/wp\/v2\/media\/8222"}],"wp:attachment":[{"href":"https:\/\/www.teleskopshop.ch\/fr\/wp-json\/wp\/v2\/media?parent=59271"}],"wp:term":[{"taxonomy":"product_brand","embeddable":true,"href":"https:\/\/www.teleskopshop.ch\/fr\/wp-json\/wp\/v2\/product_brand?post=59271"},{"taxonomy":"product_cat","embeddable":true,"href":"https:\/\/www.teleskopshop.ch\/fr\/wp-json\/wp\/v2\/product_cat?post=59271"},{"taxonomy":"product_tag","embeddable":true,"href":"https:\/\/www.teleskopshop.ch\/fr\/wp-json\/wp\/v2\/product_tag?post=59271"}],"curies":[{"name":"wp","href":"https:\/\/api.w.org\/{rel}","templated":true}]}}