{"id":59268,"date":"2023-12-18T00:00:00","date_gmt":"2023-12-17T23:00:00","guid":{"rendered":"https:\/\/2025.teleskopshop.ch\/shop\/non%20class\u00e9\/baader-rcc-i-rowe-coma-corrector\/"},"modified":"2025-01-25T11:52:39","modified_gmt":"2025-01-25T10:52:39","slug":"baader-rcc-i-rowe-coma-corrector","status":"publish","type":"product","link":"https:\/\/www.teleskopshop.ch\/fr\/shop\/optique\/extensions-optiques\/oculaires\/baader-rcc-i-rowe-coma-corrector\/","title":{"rendered":"Correcteur de coma Baader RCC I Rowe"},"content":{"rendered":"<p>Correcteur de coma Baader RCC pour les Newtoniens \u00e0 partir de f\/3 &#8211; longue distance de 94,5 mm.<br \/>\nLe RCC I (Rowe Coma Corrector) est un nouveau type de correcteur de coma de<br \/>\nDave Rowe avec une conception de lentille triplet pour les t\u00e9lescopes newtoniens \u00e0 partir de f\/3.<br \/>\nCe correcteur de coma RCC offre une longue distance de travail de<br \/>\n91,5 mm du filetage T2, permettant l&rsquo;utilisation de<br \/>\nPi\u00e8ces suppl\u00e9mentaires longues telles que roues \u00e0 filtres, guides hors axe, etc.<br \/>\nLe RCC fonctionne tr\u00e8s bien de f\/3 \u00e0 f\/6 &#8211; fonctionne parfaitement<br \/>\nlui \u00e0 f\/4. Le grossissement reste inchang\u00e9, la distance focale<br \/>\nne sera pas modifi\u00e9.<br \/>\nLe correcteur de coma est r\u00e9tractable et peut \u00e9galement \u00eatre attach\u00e9 \u00e0 Newton<br \/>\nt\u00e9lescopes qui n&rsquo;ont pas une longue distance de mise au point. Que<br \/>\nLe design est similaire au correcteur WYNNE et l&rsquo;image est tout aussi nette.<\/p>\n","protected":false},"excerpt":{"rendered":"<p>Correcteur de coma Baader RCC pour les Newtoniens \u00e0 partir de f\/3 &#8211; longue distance de 94,5 mm. Le RCC I (Rowe Coma Corrector) est un nouveau type de correcteur de coma de Dave Rowe avec une conception de lentille triplet pour les t\u00e9lescopes newtoniens \u00e0 partir de f\/3. Ce correcteur de coma RCC offre [&hellip;]<\/p>\n","protected":false},"featured_media":8218,"comment_status":"closed","ping_status":"open","template":"","meta":{"_acf_changed":false},"product_brand":[679],"product_cat":[1477,1339],"product_tag":[],"class_list":{"0":"post-59268","1":"product","2":"type-product","3":"status-publish","4":"has-post-thumbnail","6":"product_brand-baader","7":"product_cat-oculaires","8":"product_cat-optique","10":"first","11":"instock","12":"taxable","13":"shipping-taxable","14":"purchasable","15":"product-type-simple"},"acf":[],"_links":{"self":[{"href":"https:\/\/www.teleskopshop.ch\/fr\/wp-json\/wp\/v2\/product\/59268","targetHints":{"allow":["GET"]}}],"collection":[{"href":"https:\/\/www.teleskopshop.ch\/fr\/wp-json\/wp\/v2\/product"}],"about":[{"href":"https:\/\/www.teleskopshop.ch\/fr\/wp-json\/wp\/v2\/types\/product"}],"replies":[{"embeddable":true,"href":"https:\/\/www.teleskopshop.ch\/fr\/wp-json\/wp\/v2\/comments?post=59268"}],"wp:featuredmedia":[{"embeddable":true,"href":"https:\/\/www.teleskopshop.ch\/fr\/wp-json\/wp\/v2\/media\/8218"}],"wp:attachment":[{"href":"https:\/\/www.teleskopshop.ch\/fr\/wp-json\/wp\/v2\/media?parent=59268"}],"wp:term":[{"taxonomy":"product_brand","embeddable":true,"href":"https:\/\/www.teleskopshop.ch\/fr\/wp-json\/wp\/v2\/product_brand?post=59268"},{"taxonomy":"product_cat","embeddable":true,"href":"https:\/\/www.teleskopshop.ch\/fr\/wp-json\/wp\/v2\/product_cat?post=59268"},{"taxonomy":"product_tag","embeddable":true,"href":"https:\/\/www.teleskopshop.ch\/fr\/wp-json\/wp\/v2\/product_tag?post=59268"}],"curies":[{"name":"wp","href":"https:\/\/api.w.org\/{rel}","templated":true}]}}