{"id":59265,"date":"2023-12-18T00:00:00","date_gmt":"2023-12-17T23:00:00","guid":{"rendered":"https:\/\/2025.teleskopshop.ch\/shop\/non%20class\u00e9\/baader-hyperion-zoom-barlow-2-25x-2\/"},"modified":"2025-01-25T11:50:47","modified_gmt":"2025-01-25T10:50:47","slug":"baader-hyperion-zoom-barlow-2-25x-2","status":"publish","type":"product","link":"https:\/\/www.teleskopshop.ch\/fr\/shop\/optique\/extensions-optiques\/oculaires\/baader-hyperion-zoom-barlow-2-25x-2\/","title":{"rendered":"Baader Hyperion Zoom Barlow 2.25x, 2&nbsp;\u00bb"},"content":{"rendered":"<p>Objectif Hyperion Zoom Barlow, 2,25x (\u00e9galement disponible en bundle, avec<br \/>\nZoom Mark III).<br \/>\nL&rsquo;objectif Baader Hyperion Zoom Barlow s&rsquo;enclenche facilement dans n&rsquo;importe quel<br \/>\nVissez le zoom Hyperion 8-24 mm et augmentez le facteur de grossissement<br \/>\nenviron 2,25x. La nettet\u00e9 sur l&rsquo;axe et dans le champ devient pleine<br \/>\nmaintenir. Vous pouvez donc utiliser le zoom Hyperion et le<br \/>\nBarlow couvre enti\u00e8rement la vaste plage de focales de 3,5 mm \u00e0 24 mm<br \/>\ncouverture. Un adaptateur photo T2 est inclus.<br \/>\nConstruction de lentille triplet pour la plus haute qualit\u00e9 optique, anastigmatisme<br \/>\nConception Flatfield pour une nettet\u00e9 de champ \u00e9lev\u00e9e en photographie. Groupe fant\u00f4me<br \/>\nRev\u00eatement &#8211; pour un contraste et une transmission de la lumi\u00e8re maximum. direct<br \/>\nConnexion \u00e0 l&rsquo;Hyperion Zoom via l&rsquo;adaptateur A, connexion T2 (M42x0,75)<br \/>\nvia l&rsquo;adaptateur B<br \/>\nC\u00f4t\u00e9 t\u00e9lescope : filetage de filtre 1,25&Prime;<br \/>\nPoids : 104g<\/p>\n","protected":false},"excerpt":{"rendered":"<p>Objectif Hyperion Zoom Barlow, 2,25x (\u00e9galement disponible en bundle, avec Zoom Mark III). L&rsquo;objectif Baader Hyperion Zoom Barlow s&rsquo;enclenche facilement dans n&rsquo;importe quel Vissez le zoom Hyperion 8-24 mm et augmentez le facteur de grossissement environ 2,25x. La nettet\u00e9 sur l&rsquo;axe et dans le champ devient pleine maintenir. Vous pouvez donc utiliser le zoom Hyperion [&hellip;]<\/p>\n","protected":false},"featured_media":8214,"comment_status":"closed","ping_status":"open","template":"","meta":{"_acf_changed":false},"product_brand":[679],"product_cat":[1477,1339],"product_tag":[],"class_list":{"0":"post-59265","1":"product","2":"type-product","3":"status-publish","4":"has-post-thumbnail","6":"product_brand-baader","7":"product_cat-oculaires","8":"product_cat-optique","10":"first","11":"instock","12":"taxable","13":"shipping-taxable","14":"purchasable","15":"product-type-simple"},"acf":[],"_links":{"self":[{"href":"https:\/\/www.teleskopshop.ch\/fr\/wp-json\/wp\/v2\/product\/59265","targetHints":{"allow":["GET"]}}],"collection":[{"href":"https:\/\/www.teleskopshop.ch\/fr\/wp-json\/wp\/v2\/product"}],"about":[{"href":"https:\/\/www.teleskopshop.ch\/fr\/wp-json\/wp\/v2\/types\/product"}],"replies":[{"embeddable":true,"href":"https:\/\/www.teleskopshop.ch\/fr\/wp-json\/wp\/v2\/comments?post=59265"}],"wp:featuredmedia":[{"embeddable":true,"href":"https:\/\/www.teleskopshop.ch\/fr\/wp-json\/wp\/v2\/media\/8214"}],"wp:attachment":[{"href":"https:\/\/www.teleskopshop.ch\/fr\/wp-json\/wp\/v2\/media?parent=59265"}],"wp:term":[{"taxonomy":"product_brand","embeddable":true,"href":"https:\/\/www.teleskopshop.ch\/fr\/wp-json\/wp\/v2\/product_brand?post=59265"},{"taxonomy":"product_cat","embeddable":true,"href":"https:\/\/www.teleskopshop.ch\/fr\/wp-json\/wp\/v2\/product_cat?post=59265"},{"taxonomy":"product_tag","embeddable":true,"href":"https:\/\/www.teleskopshop.ch\/fr\/wp-json\/wp\/v2\/product_tag?post=59265"}],"curies":[{"name":"wp","href":"https:\/\/api.w.org\/{rel}","templated":true}]}}