{"id":59262,"date":"2023-12-18T00:00:00","date_gmt":"2023-12-17T23:00:00","guid":{"rendered":"https:\/\/2025.teleskopshop.ch\/shop\/non%20class\u00e9\/baader-ffc-fluorit-flatfield-konverter\/"},"modified":"2025-01-25T11:52:38","modified_gmt":"2025-01-25T10:52:38","slug":"baader-ffc-fluorit-flatfield-konverter","status":"publish","type":"product","link":"https:\/\/www.teleskopshop.ch\/fr\/shop\/optique\/extensions-optiques\/oculaires\/baader-ffc-fluorit-flatfield-konverter\/","title":{"rendered":"Baader FFC Fluorite Flatfield Convertisseur"},"content":{"rendered":"<p>Convertisseur de champ plat de fluorite (FFC) &#8211; Barlow.<br \/>\nAvec les bagues d&rsquo;adaptation appropri\u00e9es, le FFC permet des<br \/>\nFacteurs d&rsquo;extension sans affecter la qualit\u00e9 de l&rsquo;image sur<br \/>\naxe ou sur le terrain. Lorsque les convertisseurs photographiques ou les objectifs Barlow uniquement<br \/>\noffrent un facteur d&rsquo;extension limit\u00e9, en fonction de l&rsquo;optique<br \/>\nConstruction 2x, 3x ou 5x, le FFC permet une<br \/>\ngamme beaucoup plus large avec des performances de nettet\u00e9 compl\u00e8tes, \u00e0 savoir 3x<br \/>\njusqu&rsquo;\u00e0 8x.<br \/>\nPar exemple, tournez votre oculaire grand angle 2&Prime; 30 mm dans le<br \/>\naper\u00e7u agr\u00e9able un oculaire plan\u00e9taire de 4 mm sans sacrifier \u00e0<br \/>\nchamp de vision ou dans le comportement visuel.<br \/>\nLe FFC propose un filetage int\u00e9rieur T2 c\u00f4t\u00e9 t\u00e9lescope et un c\u00f4t\u00e9 cam\u00e9ra<br \/>\nFiletage ext\u00e9rieur T2. Ces fils photographiquement tr\u00e8s communs<br \/>\ntransformer le FFC en un convertisseur flexible qui peut \u00eatre connect\u00e9 \u00e0 tous les Tele<br \/>\nConvient aux objectifs avec une monture T2.<\/p>\n","protected":false},"excerpt":{"rendered":"<p>Convertisseur de champ plat de fluorite (FFC) &#8211; Barlow. Avec les bagues d&rsquo;adaptation appropri\u00e9es, le FFC permet des Facteurs d&rsquo;extension sans affecter la qualit\u00e9 de l&rsquo;image sur axe ou sur le terrain. Lorsque les convertisseurs photographiques ou les objectifs Barlow uniquement offrent un facteur d&rsquo;extension limit\u00e9, en fonction de l&rsquo;optique Construction 2x, 3x ou 5x, [&hellip;]<\/p>\n","protected":false},"featured_media":8210,"comment_status":"closed","ping_status":"open","template":"","meta":{"_acf_changed":false},"product_brand":[679],"product_cat":[1477,1339],"product_tag":[],"class_list":{"0":"post-59262","1":"product","2":"type-product","3":"status-publish","4":"has-post-thumbnail","6":"product_brand-baader","7":"product_cat-oculaires","8":"product_cat-optique","10":"first","11":"instock","12":"taxable","13":"shipping-taxable","14":"purchasable","15":"product-type-simple"},"acf":[],"_links":{"self":[{"href":"https:\/\/www.teleskopshop.ch\/fr\/wp-json\/wp\/v2\/product\/59262","targetHints":{"allow":["GET"]}}],"collection":[{"href":"https:\/\/www.teleskopshop.ch\/fr\/wp-json\/wp\/v2\/product"}],"about":[{"href":"https:\/\/www.teleskopshop.ch\/fr\/wp-json\/wp\/v2\/types\/product"}],"replies":[{"embeddable":true,"href":"https:\/\/www.teleskopshop.ch\/fr\/wp-json\/wp\/v2\/comments?post=59262"}],"wp:featuredmedia":[{"embeddable":true,"href":"https:\/\/www.teleskopshop.ch\/fr\/wp-json\/wp\/v2\/media\/8210"}],"wp:attachment":[{"href":"https:\/\/www.teleskopshop.ch\/fr\/wp-json\/wp\/v2\/media?parent=59262"}],"wp:term":[{"taxonomy":"product_brand","embeddable":true,"href":"https:\/\/www.teleskopshop.ch\/fr\/wp-json\/wp\/v2\/product_brand?post=59262"},{"taxonomy":"product_cat","embeddable":true,"href":"https:\/\/www.teleskopshop.ch\/fr\/wp-json\/wp\/v2\/product_cat?post=59262"},{"taxonomy":"product_tag","embeddable":true,"href":"https:\/\/www.teleskopshop.ch\/fr\/wp-json\/wp\/v2\/product_tag?post=59262"}],"curies":[{"name":"wp","href":"https:\/\/api.w.org\/{rel}","templated":true}]}}