{"id":59259,"date":"2023-12-18T00:00:00","date_gmt":"2023-12-17T23:00:00","guid":{"rendered":"https:\/\/2025.teleskopshop.ch\/shop\/non%20class\u00e9\/baader-gewindeschutzaugenmuschel-m43\/"},"modified":"2025-01-25T11:52:39","modified_gmt":"2025-01-25T10:52:39","slug":"baader-gewindeschutzaugenmuschel-m43","status":"publish","type":"product","link":"https:\/\/www.teleskopshop.ch\/fr\/shop\/optique\/extensions-optiques\/oculaires\/baader-gewindeschutzaugenmuschel-m43\/","title":{"rendered":"Baader prot\u00e8ge-fil + \u0153illeton M43"},"content":{"rendered":"<p>Anneau de protection du filetage et \u0153illeton Hyperion M43 (caoutchouc de silicone).<br \/>\nLa bague de protection du filetage prot\u00e8ge non seulement le filetage M43 de tous<br \/>\nOculaires Hyp\u00e9rion, mais sert \u00e9galement d&rsquo;\u0153illeton. Fait pour \u00e7a<br \/>\nFiletage M43 des oculaires Hyperion et Aspheric.<\/p>\n","protected":false},"excerpt":{"rendered":"<p>Anneau de protection du filetage et \u0153illeton Hyperion M43 (caoutchouc de silicone). La bague de protection du filetage prot\u00e8ge non seulement le filetage M43 de tous Oculaires Hyp\u00e9rion, mais sert \u00e9galement d&rsquo;\u0153illeton. Fait pour \u00e7a Filetage M43 des oculaires Hyperion et Aspheric.<\/p>\n","protected":false},"featured_media":8202,"comment_status":"closed","ping_status":"open","template":"","meta":{"_acf_changed":false},"product_brand":[679],"product_cat":[1477,1339],"product_tag":[],"class_list":{"0":"post-59259","1":"product","2":"type-product","3":"status-publish","4":"has-post-thumbnail","6":"product_brand-baader","7":"product_cat-oculaires","8":"product_cat-optique","10":"first","11":"instock","12":"taxable","13":"shipping-taxable","14":"purchasable","15":"product-type-simple"},"acf":[],"_links":{"self":[{"href":"https:\/\/www.teleskopshop.ch\/fr\/wp-json\/wp\/v2\/product\/59259","targetHints":{"allow":["GET"]}}],"collection":[{"href":"https:\/\/www.teleskopshop.ch\/fr\/wp-json\/wp\/v2\/product"}],"about":[{"href":"https:\/\/www.teleskopshop.ch\/fr\/wp-json\/wp\/v2\/types\/product"}],"replies":[{"embeddable":true,"href":"https:\/\/www.teleskopshop.ch\/fr\/wp-json\/wp\/v2\/comments?post=59259"}],"wp:featuredmedia":[{"embeddable":true,"href":"https:\/\/www.teleskopshop.ch\/fr\/wp-json\/wp\/v2\/media\/8202"}],"wp:attachment":[{"href":"https:\/\/www.teleskopshop.ch\/fr\/wp-json\/wp\/v2\/media?parent=59259"}],"wp:term":[{"taxonomy":"product_brand","embeddable":true,"href":"https:\/\/www.teleskopshop.ch\/fr\/wp-json\/wp\/v2\/product_brand?post=59259"},{"taxonomy":"product_cat","embeddable":true,"href":"https:\/\/www.teleskopshop.ch\/fr\/wp-json\/wp\/v2\/product_cat?post=59259"},{"taxonomy":"product_tag","embeddable":true,"href":"https:\/\/www.teleskopshop.ch\/fr\/wp-json\/wp\/v2\/product_tag?post=59259"}],"curies":[{"name":"wp","href":"https:\/\/api.w.org\/{rel}","templated":true}]}}