{"id":59256,"date":"2023-12-18T00:00:00","date_gmt":"2023-12-17T23:00:00","guid":{"rendered":"https:\/\/2025.teleskopshop.ch\/shop\/non%20class\u00e9\/baader-gewindeschutz-aus-silicon-sp54\/"},"modified":"2025-01-25T11:52:38","modified_gmt":"2025-01-25T10:52:38","slug":"baader-gewindeschutz-aus-silicon-sp54","status":"publish","type":"product","link":"https:\/\/www.teleskopshop.ch\/fr\/shop\/optique\/extensions-optiques\/oculaires\/baader-gewindeschutz-aus-silicon-sp54\/","title":{"rendered":"Protection de fil Baader en silicone SP54"},"content":{"rendered":"<p>Anneau de protection de filetage Hyperion SP54 (caoutchouc de silicone).<br \/>\nLa bague de protection du filetage prot\u00e8ge non seulement le filetage SP54 de presque tous<br \/>\nOculaires Hyperion contre les bosses et la salet\u00e9, mais aussi l&rsquo;utilisateur<br \/>\ncontre les coupures. Destin\u00e9 au thread SP54 de presque tous les Hyperion<br \/>\noculaires et les oculaires asph\u00e9riques.<\/p>\n","protected":false},"excerpt":{"rendered":"<p>Anneau de protection de filetage Hyperion SP54 (caoutchouc de silicone). La bague de protection du filetage prot\u00e8ge non seulement le filetage SP54 de presque tous Oculaires Hyperion contre les bosses et la salet\u00e9, mais aussi l&rsquo;utilisateur contre les coupures. Destin\u00e9 au thread SP54 de presque tous les Hyperion oculaires et les oculaires asph\u00e9riques.<\/p>\n","protected":false},"featured_media":8198,"comment_status":"closed","ping_status":"open","template":"","meta":{"_acf_changed":false},"product_brand":[679],"product_cat":[1477,1339],"product_tag":[],"class_list":{"0":"post-59256","1":"product","2":"type-product","3":"status-publish","4":"has-post-thumbnail","6":"product_brand-baader","7":"product_cat-oculaires","8":"product_cat-optique","10":"first","11":"instock","12":"taxable","13":"shipping-taxable","14":"purchasable","15":"product-type-simple"},"acf":[],"_links":{"self":[{"href":"https:\/\/www.teleskopshop.ch\/fr\/wp-json\/wp\/v2\/product\/59256","targetHints":{"allow":["GET"]}}],"collection":[{"href":"https:\/\/www.teleskopshop.ch\/fr\/wp-json\/wp\/v2\/product"}],"about":[{"href":"https:\/\/www.teleskopshop.ch\/fr\/wp-json\/wp\/v2\/types\/product"}],"replies":[{"embeddable":true,"href":"https:\/\/www.teleskopshop.ch\/fr\/wp-json\/wp\/v2\/comments?post=59256"}],"wp:featuredmedia":[{"embeddable":true,"href":"https:\/\/www.teleskopshop.ch\/fr\/wp-json\/wp\/v2\/media\/8198"}],"wp:attachment":[{"href":"https:\/\/www.teleskopshop.ch\/fr\/wp-json\/wp\/v2\/media?parent=59256"}],"wp:term":[{"taxonomy":"product_brand","embeddable":true,"href":"https:\/\/www.teleskopshop.ch\/fr\/wp-json\/wp\/v2\/product_brand?post=59256"},{"taxonomy":"product_cat","embeddable":true,"href":"https:\/\/www.teleskopshop.ch\/fr\/wp-json\/wp\/v2\/product_cat?post=59256"},{"taxonomy":"product_tag","embeddable":true,"href":"https:\/\/www.teleskopshop.ch\/fr\/wp-json\/wp\/v2\/product_tag?post=59256"}],"curies":[{"name":"wp","href":"https:\/\/api.w.org\/{rel}","templated":true}]}}