{"id":59253,"date":"2023-12-18T00:00:00","date_gmt":"2023-12-17T23:00:00","guid":{"rendered":"https:\/\/2025.teleskopshop.ch\/shop\/non%20class\u00e9\/baader-hyperion-okularkoffer-leer\/"},"modified":"2025-01-25T11:50:48","modified_gmt":"2025-01-25T10:50:48","slug":"baader-hyperion-okularkoffer-leer","status":"publish","type":"product","link":"https:\/\/www.teleskopshop.ch\/fr\/shop\/optique\/extensions-optiques\/oculaires\/baader-hyperion-okularkoffer-leer\/","title":{"rendered":"Mallette d&rsquo;oculaires Baader Hyperion vide"},"content":{"rendered":"<p>Mallette oculaire en aluminium Hyperion \/ Morpheus avec insert en mousse,<br \/>\nsans oculaires.<br \/>\nUne protection noble pour vos accessoires &#8211; \u00e9l\u00e9gante, robuste et verrouillable.<br \/>\nL&rsquo;\u00e9tui rigide a des bords en aluminium renforc\u00e9s, il offre donc<br \/>\nla rigidit\u00e9 et la durabilit\u00e9 n\u00e9cessaires.<br \/>\nLa mallette offre de la place pour 8 oculaires (1,25&Prime; et 2&Prime;). Du<br \/>\nla mousse r\u00e9siliente peut \u00eatre bien adapt\u00e9e aux besoins personnels<br \/>\n\u00eatre taill\u00e9.<br \/>\nDimensions ext\u00e9rieures : longueur 47,5 cm \/ largeur 33,5 cm \/ hauteur 13,5 cm<br \/>\n\u00c0 l&rsquo;int\u00e9rieur&nbsp;: 8 \u00e9videments de 55&nbsp;mm de largeur et de diff\u00e9rentes longueurs avec<br \/>\npoign\u00e9es encastr\u00e9es pratiques pour retirer les oculaires.<\/p>\n","protected":false},"excerpt":{"rendered":"<p>Mallette oculaire en aluminium Hyperion \/ Morpheus avec insert en mousse, sans oculaires. Une protection noble pour vos accessoires &#8211; \u00e9l\u00e9gante, robuste et verrouillable. L&rsquo;\u00e9tui rigide a des bords en aluminium renforc\u00e9s, il offre donc la rigidit\u00e9 et la durabilit\u00e9 n\u00e9cessaires. La mallette offre de la place pour 8 oculaires (1,25&Prime; et 2&Prime;). Du la [&hellip;]<\/p>\n","protected":false},"featured_media":8162,"comment_status":"closed","ping_status":"open","template":"","meta":{"_acf_changed":false},"product_brand":[679],"product_cat":[1477,1339],"product_tag":[],"class_list":{"0":"post-59253","1":"product","2":"type-product","3":"status-publish","4":"has-post-thumbnail","6":"product_brand-baader","7":"product_cat-oculaires","8":"product_cat-optique","10":"first","11":"instock","12":"taxable","13":"shipping-taxable","14":"purchasable","15":"product-type-simple"},"acf":[],"_links":{"self":[{"href":"https:\/\/www.teleskopshop.ch\/fr\/wp-json\/wp\/v2\/product\/59253","targetHints":{"allow":["GET"]}}],"collection":[{"href":"https:\/\/www.teleskopshop.ch\/fr\/wp-json\/wp\/v2\/product"}],"about":[{"href":"https:\/\/www.teleskopshop.ch\/fr\/wp-json\/wp\/v2\/types\/product"}],"replies":[{"embeddable":true,"href":"https:\/\/www.teleskopshop.ch\/fr\/wp-json\/wp\/v2\/comments?post=59253"}],"wp:featuredmedia":[{"embeddable":true,"href":"https:\/\/www.teleskopshop.ch\/fr\/wp-json\/wp\/v2\/media\/8162"}],"wp:attachment":[{"href":"https:\/\/www.teleskopshop.ch\/fr\/wp-json\/wp\/v2\/media?parent=59253"}],"wp:term":[{"taxonomy":"product_brand","embeddable":true,"href":"https:\/\/www.teleskopshop.ch\/fr\/wp-json\/wp\/v2\/product_brand?post=59253"},{"taxonomy":"product_cat","embeddable":true,"href":"https:\/\/www.teleskopshop.ch\/fr\/wp-json\/wp\/v2\/product_cat?post=59253"},{"taxonomy":"product_tag","embeddable":true,"href":"https:\/\/www.teleskopshop.ch\/fr\/wp-json\/wp\/v2\/product_tag?post=59253"}],"curies":[{"name":"wp","href":"https:\/\/api.w.org\/{rel}","templated":true}]}}