{"id":59247,"date":"2023-12-18T00:00:00","date_gmt":"2023-12-17T23:00:00","guid":{"rendered":"https:\/\/2025.teleskopshop.ch\/shop\/non%20class\u00e9\/baader-barlow-2x-vip-modular\/"},"modified":"2025-01-25T11:52:46","modified_gmt":"2025-01-25T10:52:46","slug":"baader-barlow-2x-vip-modular","status":"publish","type":"product","link":"https:\/\/www.teleskopshop.ch\/fr\/shop\/optique\/extensions-optiques\/oculaires\/baader-barlow-2x-vip-modular\/","title":{"rendered":"Baader Barlow 2x VIP modulaire"},"content":{"rendered":"<p>Lentille de Barlow 2x, 1\u00bc\u00a0\u00bb, MC (combinaison de composants T-2).<br \/>\nLe Barlow se compose de sept parties individuelles qui offrent une<br \/>\nPolyvalence garantie. Vous pouvez l&rsquo;utiliser pour remplir un format 35mm<br \/>\nilluminer, faire un barlow de haute qualit\u00e9 pour les oculaires de 2&Prime; ou<br \/>\nle Barlow comme correcteur de trajectoire du verre pour les accessoires c\u00f4t\u00e9 oculaire<br \/>\nutiliser un chemin optique plus long (accessoires binoculaires). Aussi 2&Prime; et 1,25&Prime;<br \/>\nDes filtres oculaires peuvent \u00eatre int\u00e9gr\u00e9s. Donc, vous avez \u00e9galement une premi\u00e8re classe<br \/>\nSyst\u00e8me de projection pour la photographie plan\u00e9taire\/lunaire et aussi pour compact<br \/>\nobjets du ciel profond.<\/p>\n","protected":false},"excerpt":{"rendered":"<p>Lentille de Barlow 2x, 1\u00bc\u00a0\u00bb, MC (combinaison de composants T-2). Le Barlow se compose de sept parties individuelles qui offrent une Polyvalence garantie. Vous pouvez l&rsquo;utiliser pour remplir un format 35mm illuminer, faire un barlow de haute qualit\u00e9 pour les oculaires de 2&Prime; ou le Barlow comme correcteur de trajectoire du verre pour les accessoires [&hellip;]<\/p>\n","protected":false},"featured_media":8150,"comment_status":"closed","ping_status":"open","template":"","meta":{"_acf_changed":false},"product_brand":[679],"product_cat":[1477,1339],"product_tag":[],"class_list":{"0":"post-59247","1":"product","2":"type-product","3":"status-publish","4":"has-post-thumbnail","6":"product_brand-baader","7":"product_cat-oculaires","8":"product_cat-optique","10":"first","11":"instock","12":"taxable","13":"shipping-taxable","14":"purchasable","15":"product-type-simple"},"acf":[],"_links":{"self":[{"href":"https:\/\/www.teleskopshop.ch\/fr\/wp-json\/wp\/v2\/product\/59247","targetHints":{"allow":["GET"]}}],"collection":[{"href":"https:\/\/www.teleskopshop.ch\/fr\/wp-json\/wp\/v2\/product"}],"about":[{"href":"https:\/\/www.teleskopshop.ch\/fr\/wp-json\/wp\/v2\/types\/product"}],"replies":[{"embeddable":true,"href":"https:\/\/www.teleskopshop.ch\/fr\/wp-json\/wp\/v2\/comments?post=59247"}],"wp:featuredmedia":[{"embeddable":true,"href":"https:\/\/www.teleskopshop.ch\/fr\/wp-json\/wp\/v2\/media\/8150"}],"wp:attachment":[{"href":"https:\/\/www.teleskopshop.ch\/fr\/wp-json\/wp\/v2\/media?parent=59247"}],"wp:term":[{"taxonomy":"product_brand","embeddable":true,"href":"https:\/\/www.teleskopshop.ch\/fr\/wp-json\/wp\/v2\/product_brand?post=59247"},{"taxonomy":"product_cat","embeddable":true,"href":"https:\/\/www.teleskopshop.ch\/fr\/wp-json\/wp\/v2\/product_cat?post=59247"},{"taxonomy":"product_tag","embeddable":true,"href":"https:\/\/www.teleskopshop.ch\/fr\/wp-json\/wp\/v2\/product_tag?post=59247"}],"curies":[{"name":"wp","href":"https:\/\/api.w.org\/{rel}","templated":true}]}}