{"id":59244,"date":"2023-12-18T00:00:00","date_gmt":"2023-12-17T23:00:00","guid":{"rendered":"https:\/\/2025.teleskopshop.ch\/shop\/non%20class\u00e9\/celestron-einfacher-zenitspiegel-1-1-4\/"},"modified":"2025-01-25T11:52:30","modified_gmt":"2025-01-25T10:52:30","slug":"celestron-einfacher-zenitspiegel-1-1-4","status":"publish","type":"product","link":"https:\/\/www.teleskopshop.ch\/fr\/shop\/optique\/extensions-optiques\/oculaires\/celestron-einfacher-zenitspiegel-1-1-4\/","title":{"rendered":"Diagonale \u00e9toile simple Celestron 1 1\/4&Prime;"},"content":{"rendered":"<p>Apr\u00e8s les oculaires, les prismes diagonaux sont les accessoires les plus importants pour<br \/>\nR\u00e9fracteurs et t\u00e9lescopes \u00e0 r\u00e9flexion Schmidt-Cassegrain ou Maksutov.<br \/>\nIls seront utilis\u00e9s pour une visualisation plus confortable lors d&rsquo;observations z\u00e9nithales ou<br \/>\nn\u00e9cessaire pour l&rsquo;inversion de l&rsquo;image.<br \/>\nPour des raisons optiques, ceux-ci peuvent \u00eatre attach\u00e9s \u00e0 des r\u00e9flecteurs Newton<br \/>\nLes accessoires ne sont pas utilis\u00e9s &#8211; et n&rsquo;en ont pas besoin, car<br \/>\nle trajet du faisceau dans le t\u00e9lescope newtonien rend cela inutile.<br \/>\nCe prisme diagonal fournit une image verticale invers\u00e9e lat\u00e9ralement.<br \/>\nTous les prismes diagonaux Celestron ont un rev\u00eatement de haute qualit\u00e9.<\/p>\n","protected":false},"excerpt":{"rendered":"<p>Apr\u00e8s les oculaires, les prismes diagonaux sont les accessoires les plus importants pour R\u00e9fracteurs et t\u00e9lescopes \u00e0 r\u00e9flexion Schmidt-Cassegrain ou Maksutov. Ils seront utilis\u00e9s pour une visualisation plus confortable lors d&rsquo;observations z\u00e9nithales ou n\u00e9cessaire pour l&rsquo;inversion de l&rsquo;image. Pour des raisons optiques, ceux-ci peuvent \u00eatre attach\u00e9s \u00e0 des r\u00e9flecteurs Newton Les accessoires ne sont pas [&hellip;]<\/p>\n","protected":false},"featured_media":8146,"comment_status":"closed","ping_status":"open","template":"","meta":{"_acf_changed":false},"product_brand":[674],"product_cat":[1477,1339],"product_tag":[],"class_list":{"0":"post-59244","1":"product","2":"type-product","3":"status-publish","4":"has-post-thumbnail","6":"product_brand-celestron","7":"product_cat-oculaires","8":"product_cat-optique","10":"first","11":"instock","12":"taxable","13":"shipping-taxable","14":"purchasable","15":"product-type-simple"},"acf":[],"_links":{"self":[{"href":"https:\/\/www.teleskopshop.ch\/fr\/wp-json\/wp\/v2\/product\/59244","targetHints":{"allow":["GET"]}}],"collection":[{"href":"https:\/\/www.teleskopshop.ch\/fr\/wp-json\/wp\/v2\/product"}],"about":[{"href":"https:\/\/www.teleskopshop.ch\/fr\/wp-json\/wp\/v2\/types\/product"}],"replies":[{"embeddable":true,"href":"https:\/\/www.teleskopshop.ch\/fr\/wp-json\/wp\/v2\/comments?post=59244"}],"wp:featuredmedia":[{"embeddable":true,"href":"https:\/\/www.teleskopshop.ch\/fr\/wp-json\/wp\/v2\/media\/8146"}],"wp:attachment":[{"href":"https:\/\/www.teleskopshop.ch\/fr\/wp-json\/wp\/v2\/media?parent=59244"}],"wp:term":[{"taxonomy":"product_brand","embeddable":true,"href":"https:\/\/www.teleskopshop.ch\/fr\/wp-json\/wp\/v2\/product_brand?post=59244"},{"taxonomy":"product_cat","embeddable":true,"href":"https:\/\/www.teleskopshop.ch\/fr\/wp-json\/wp\/v2\/product_cat?post=59244"},{"taxonomy":"product_tag","embeddable":true,"href":"https:\/\/www.teleskopshop.ch\/fr\/wp-json\/wp\/v2\/product_tag?post=59244"}],"curies":[{"name":"wp","href":"https:\/\/api.w.org\/{rel}","templated":true}]}}