{"id":59223,"date":"2023-12-18T00:00:00","date_gmt":"2023-12-17T23:00:00","guid":{"rendered":"https:\/\/2025.teleskopshop.ch\/shop\/non%20class\u00e9\/celestron-9x50-suchfernrohr\/"},"modified":"2025-01-25T11:52:49","modified_gmt":"2025-01-25T10:52:49","slug":"celestron-9x50-suchfernrohr","status":"publish","type":"product","link":"https:\/\/www.teleskopshop.ch\/fr\/shop\/optique\/extensions-optiques\/oculaires\/celestron-9x50-suchfernrohr\/","title":{"rendered":"Chercheur Celestron 9X50"},"content":{"rendered":"<p>Viseur Celestron \u00e9clair\u00e9 9&#215;50 avec vue \u00e0 90\u00b0 et plus correct<br \/>\nAffichage de l&rsquo;image &#8211; avec oculaire \u00e0 double r\u00e9ticule \u00e9clair\u00e9 et<br \/>\nsupport stable avec raccord rapide.<br \/>\nTrouvez facilement votre chemin dans le ciel avec ce chercheur. Ce<br \/>\na une image dress\u00e9e, une vue \u00e0 90\u00b0 et une queue d&rsquo;aronde<br \/>\nAccouplement rapide pour un montage et un d\u00e9montage facile pour le transport.<br \/>\nL&rsquo;oculaire tourne \u00e0 gauche et \u00e0 droite pour une visualisation facile<br \/>\n\u00e0 faire demi-tour.<br \/>\nPoids : 680g<br \/>\nLongueur : 19cm<br \/>\nOuverture : 50mm<br \/>\nGrossissement : 9x<\/p>\n","protected":false},"excerpt":{"rendered":"<p>Viseur Celestron \u00e9clair\u00e9 9&#215;50 avec vue \u00e0 90\u00b0 et plus correct Affichage de l&rsquo;image &#8211; avec oculaire \u00e0 double r\u00e9ticule \u00e9clair\u00e9 et support stable avec raccord rapide. Trouvez facilement votre chemin dans le ciel avec ce chercheur. Ce a une image dress\u00e9e, une vue \u00e0 90\u00b0 et une queue d&rsquo;aronde Accouplement rapide pour un montage [&hellip;]<\/p>\n","protected":false},"featured_media":8030,"comment_status":"closed","ping_status":"open","template":"","meta":{"_acf_changed":false},"product_brand":[674],"product_cat":[1477,1339],"product_tag":[],"class_list":{"0":"post-59223","1":"product","2":"type-product","3":"status-publish","4":"has-post-thumbnail","6":"product_brand-celestron","7":"product_cat-oculaires","8":"product_cat-optique","10":"first","11":"instock","12":"taxable","13":"shipping-taxable","14":"purchasable","15":"product-type-simple"},"acf":[],"_links":{"self":[{"href":"https:\/\/www.teleskopshop.ch\/fr\/wp-json\/wp\/v2\/product\/59223","targetHints":{"allow":["GET"]}}],"collection":[{"href":"https:\/\/www.teleskopshop.ch\/fr\/wp-json\/wp\/v2\/product"}],"about":[{"href":"https:\/\/www.teleskopshop.ch\/fr\/wp-json\/wp\/v2\/types\/product"}],"replies":[{"embeddable":true,"href":"https:\/\/www.teleskopshop.ch\/fr\/wp-json\/wp\/v2\/comments?post=59223"}],"wp:featuredmedia":[{"embeddable":true,"href":"https:\/\/www.teleskopshop.ch\/fr\/wp-json\/wp\/v2\/media\/8030"}],"wp:attachment":[{"href":"https:\/\/www.teleskopshop.ch\/fr\/wp-json\/wp\/v2\/media?parent=59223"}],"wp:term":[{"taxonomy":"product_brand","embeddable":true,"href":"https:\/\/www.teleskopshop.ch\/fr\/wp-json\/wp\/v2\/product_brand?post=59223"},{"taxonomy":"product_cat","embeddable":true,"href":"https:\/\/www.teleskopshop.ch\/fr\/wp-json\/wp\/v2\/product_cat?post=59223"},{"taxonomy":"product_tag","embeddable":true,"href":"https:\/\/www.teleskopshop.ch\/fr\/wp-json\/wp\/v2\/product_tag?post=59223"}],"curies":[{"name":"wp","href":"https:\/\/api.w.org\/{rel}","templated":true}]}}