{"id":59220,"date":"2023-12-18T00:00:00","date_gmt":"2023-12-17T23:00:00","guid":{"rendered":"https:\/\/2025.teleskopshop.ch\/shop\/non%20class\u00e9\/celestron-binocular-fuer-teleskope\/"},"modified":"2025-01-25T11:52:56","modified_gmt":"2025-01-25T10:52:56","slug":"celestron-binocular-fuer-teleskope","status":"publish","type":"product","link":"https:\/\/www.teleskopshop.ch\/fr\/shop\/optique\/extensions-optiques\/oculaires\/celestron-binocular-fuer-teleskope\/","title":{"rendered":"Jumelles Celestron pour t\u00e9lescopes"},"content":{"rendered":"<p>Avec la visionneuse st\u00e9r\u00e9o binoculaire pour t\u00e9lescope Celestron 93691, vous pouvez<br \/>\nadapter deux oculaires identiques \u00e0 votre t\u00e9lescope et avec les deux yeux<br \/>\nvoir en m\u00eame temps.<br \/>\nConvient pour la connexion \u00e0 Schmidt-Cassegrain-(SCT) et \u00e0 de nombreux<br \/>\nplus de t\u00e9lescopes.<br \/>\nLes prismes FMC BAK-4 de haute qualit\u00e9 r\u00e9duisent la perte de lumi\u00e8re.<\/p>\n","protected":false},"excerpt":{"rendered":"<p>Avec la visionneuse st\u00e9r\u00e9o binoculaire pour t\u00e9lescope Celestron 93691, vous pouvez adapter deux oculaires identiques \u00e0 votre t\u00e9lescope et avec les deux yeux voir en m\u00eame temps. Convient pour la connexion \u00e0 Schmidt-Cassegrain-(SCT) et \u00e0 de nombreux plus de t\u00e9lescopes. Les prismes FMC BAK-4 de haute qualit\u00e9 r\u00e9duisent la perte de lumi\u00e8re.<\/p>\n","protected":false},"featured_media":8026,"comment_status":"closed","ping_status":"open","template":"","meta":{"_acf_changed":false},"product_brand":[674],"product_cat":[1477,1339],"product_tag":[],"class_list":{"0":"post-59220","1":"product","2":"type-product","3":"status-publish","4":"has-post-thumbnail","6":"product_brand-celestron","7":"product_cat-oculaires","8":"product_cat-optique","10":"first","11":"instock","12":"taxable","13":"shipping-taxable","14":"purchasable","15":"product-type-simple"},"acf":[],"_links":{"self":[{"href":"https:\/\/www.teleskopshop.ch\/fr\/wp-json\/wp\/v2\/product\/59220","targetHints":{"allow":["GET"]}}],"collection":[{"href":"https:\/\/www.teleskopshop.ch\/fr\/wp-json\/wp\/v2\/product"}],"about":[{"href":"https:\/\/www.teleskopshop.ch\/fr\/wp-json\/wp\/v2\/types\/product"}],"replies":[{"embeddable":true,"href":"https:\/\/www.teleskopshop.ch\/fr\/wp-json\/wp\/v2\/comments?post=59220"}],"wp:featuredmedia":[{"embeddable":true,"href":"https:\/\/www.teleskopshop.ch\/fr\/wp-json\/wp\/v2\/media\/8026"}],"wp:attachment":[{"href":"https:\/\/www.teleskopshop.ch\/fr\/wp-json\/wp\/v2\/media?parent=59220"}],"wp:term":[{"taxonomy":"product_brand","embeddable":true,"href":"https:\/\/www.teleskopshop.ch\/fr\/wp-json\/wp\/v2\/product_brand?post=59220"},{"taxonomy":"product_cat","embeddable":true,"href":"https:\/\/www.teleskopshop.ch\/fr\/wp-json\/wp\/v2\/product_cat?post=59220"},{"taxonomy":"product_tag","embeddable":true,"href":"https:\/\/www.teleskopshop.ch\/fr\/wp-json\/wp\/v2\/product_tag?post=59220"}],"curies":[{"name":"wp","href":"https:\/\/api.w.org\/{rel}","templated":true}]}}