{"id":59214,"date":"2023-12-18T00:00:00","date_gmt":"2023-12-17T23:00:00","guid":{"rendered":"https:\/\/2025.teleskopshop.ch\/shop\/non%20class\u00e9\/celestron-fadenkreuz-okular\/"},"modified":"2025-01-25T11:52:54","modified_gmt":"2025-01-25T10:52:54","slug":"celestron-fadenkreuz-okular","status":"publish","type":"product","link":"https:\/\/www.teleskopshop.ch\/fr\/shop\/optique\/extensions-optiques\/oculaires\/celestron-fadenkreuz-okular\/","title":{"rendered":"Oculaire en croix Celestron"},"content":{"rendered":"<p>12mm 42\u00b0<br \/>\nCet oculaire de mesure et de r\u00e9ticule unique a une transparence<br \/>\ndomaines d&rsquo;application in\u00e9puisables. Le r\u00e9ticule a un 360<br \/>\n\u00e9chelle de degr\u00e9s pour mesurer les positions angulaires et les distances<br \/>\n\u00e9toiles doubles, une \u00e9chelle divis\u00e9e en dixi\u00e8mes de millim\u00e8tre<br \/>\nMesurer les diam\u00e8tres des plan\u00e8tes, les crat\u00e8res lunaires et leurs longueurs d&rsquo;ombre<br \/>\net beaucoup plus. La fine gravure au laser de l&rsquo;\u00e9chelle microm\u00e9trique sur le<br \/>\nLa plaque de mesure permet des largeurs de ligne de seulement 15 microns et<br \/>\nInterligne de seulement 50 microns ! Cela permet \u00e9galement aux plus petits<br \/>\nUtilisez des \u00e9toiles guides et restez bien entre les lignes.<\/p>\n","protected":false},"excerpt":{"rendered":"<p>12mm 42\u00b0 Cet oculaire de mesure et de r\u00e9ticule unique a une transparence domaines d&rsquo;application in\u00e9puisables. Le r\u00e9ticule a un 360 \u00e9chelle de degr\u00e9s pour mesurer les positions angulaires et les distances \u00e9toiles doubles, une \u00e9chelle divis\u00e9e en dixi\u00e8mes de millim\u00e8tre Mesurer les diam\u00e8tres des plan\u00e8tes, les crat\u00e8res lunaires et leurs longueurs d&rsquo;ombre et beaucoup [&hellip;]<\/p>\n","protected":false},"featured_media":7982,"comment_status":"closed","ping_status":"open","template":"","meta":{"_acf_changed":false},"product_brand":[674],"product_cat":[1477,1339],"product_tag":[],"class_list":{"0":"post-59214","1":"product","2":"type-product","3":"status-publish","4":"has-post-thumbnail","6":"product_brand-celestron","7":"product_cat-oculaires","8":"product_cat-optique","10":"first","11":"instock","12":"taxable","13":"shipping-taxable","14":"purchasable","15":"product-type-simple"},"acf":[],"_links":{"self":[{"href":"https:\/\/www.teleskopshop.ch\/fr\/wp-json\/wp\/v2\/product\/59214","targetHints":{"allow":["GET"]}}],"collection":[{"href":"https:\/\/www.teleskopshop.ch\/fr\/wp-json\/wp\/v2\/product"}],"about":[{"href":"https:\/\/www.teleskopshop.ch\/fr\/wp-json\/wp\/v2\/types\/product"}],"replies":[{"embeddable":true,"href":"https:\/\/www.teleskopshop.ch\/fr\/wp-json\/wp\/v2\/comments?post=59214"}],"wp:featuredmedia":[{"embeddable":true,"href":"https:\/\/www.teleskopshop.ch\/fr\/wp-json\/wp\/v2\/media\/7982"}],"wp:attachment":[{"href":"https:\/\/www.teleskopshop.ch\/fr\/wp-json\/wp\/v2\/media?parent=59214"}],"wp:term":[{"taxonomy":"product_brand","embeddable":true,"href":"https:\/\/www.teleskopshop.ch\/fr\/wp-json\/wp\/v2\/product_brand?post=59214"},{"taxonomy":"product_cat","embeddable":true,"href":"https:\/\/www.teleskopshop.ch\/fr\/wp-json\/wp\/v2\/product_cat?post=59214"},{"taxonomy":"product_tag","embeddable":true,"href":"https:\/\/www.teleskopshop.ch\/fr\/wp-json\/wp\/v2\/product_tag?post=59214"}],"curies":[{"name":"wp","href":"https:\/\/api.w.org\/{rel}","templated":true}]}}