{"id":59208,"date":"2023-12-18T00:00:00","date_gmt":"2023-12-17T23:00:00","guid":{"rendered":"https:\/\/2025.teleskopshop.ch\/shop\/non%20class\u00e9\/celestron-off-axis-guider\/"},"modified":"2025-01-25T11:52:47","modified_gmt":"2025-01-25T10:52:47","slug":"celestron-off-axis-guider","status":"publish","type":"product","link":"https:\/\/www.teleskopshop.ch\/fr\/shop\/optique\/extensions-optiques\/composants-dalignement\/aides-a-la-poursuite\/celestron-off-axis-guider\/","title":{"rendered":"Guideur hors axe Celestron"},"content":{"rendered":"<p>Le Off-Axis Guider est un accessoire indispensable pour<br \/>\nL&rsquo;astrophotographie \u00e0 longues focales car c&rsquo;est la plus \u00e9lev\u00e9e<br \/>\npermet la pr\u00e9cision du suivi. Le guide hors axe de Celestron<br \/>\nutilise un prisme pour extraire une petite partie de la lumi\u00e8re du plan image<br \/>\ndu t\u00e9lescope (et en dehors du champ de vision de la cam\u00e9ra principale)<br \/>\nd\u00e9vier pour pouvoir suivre une \u00e9toile guide. Chaque mouvement<br \/>\nde cette \u00e9toile correspond exactement aux mouvements qu&rsquo;aussi le<br \/>\ncam\u00e9ra principale voit. Par exemple, un autoguidage peut suivre les erreurs<br \/>\ncompenser sans sources d&rsquo;erreur suppl\u00e9mentaires telles que la d\u00e9viation ou<br \/>\ntorsion du tube de guidage \u00e0 perturber. Le r\u00e9sultat : aiguis\u00e9 comme une aiguille<br \/>\n\u00c9toiles.<br \/>\n&#8211; M\u00e9thode de suivi la plus exacte = plus grande pr\u00e9cision en comparaison<br \/>\n \u00e0 un tube de guidage<br \/>\n&#8211; Prisme multicouche de 12,5 mm avec rev\u00eatement en aluminium<br \/>\n Arri\u00e8re pour une r\u00e9flexion maximale et une image lumineuse pour le<br \/>\n autoguidage<br \/>\n&#8211; Mise au point h\u00e9lico\u00efdale \u00e0 orientation fixe pour une mise au point facile et pr\u00e9cise<br \/>\n et mise au point exacte de l&rsquo;autoguidage<br \/>\n&#8211; L&rsquo;ouverture d\u00e9gag\u00e9e de 48 mm permet d&rsquo;utiliser des appareils photo plein format sans<br \/>\n vignettage<br \/>\n&#8211; Adaptateur pour la bonne distance des appareils photo reflex,<br \/>\n Cam\u00e9ras CCD Nightscape et autres cam\u00e9ras populaires pour le<br \/>\n astrophotographie<br \/>\n&#8211; Id\u00e9al pour les t\u00e9lescopes Schmidt-Cassegrain et EdgeHD<\/p>\n","protected":false},"excerpt":{"rendered":"<p>Le Off-Axis Guider est un accessoire indispensable pour L&rsquo;astrophotographie \u00e0 longues focales car c&rsquo;est la plus \u00e9lev\u00e9e permet la pr\u00e9cision du suivi. Le guide hors axe de Celestron utilise un prisme pour extraire une petite partie de la lumi\u00e8re du plan image du t\u00e9lescope (et en dehors du champ de vision de la cam\u00e9ra principale) [&hellip;]<\/p>\n","protected":false},"featured_media":8022,"comment_status":"closed","ping_status":"open","template":"","meta":{"_acf_changed":false},"product_brand":[674],"product_cat":[1465,1444,1339],"product_tag":[],"class_list":{"0":"post-59208","1":"product","2":"type-product","3":"status-publish","4":"has-post-thumbnail","6":"product_brand-celestron","7":"product_cat-aides-a-la-poursuite","8":"product_cat-composants-dalignement","9":"product_cat-optique","11":"first","12":"instock","13":"taxable","14":"shipping-taxable","15":"purchasable","16":"product-type-simple"},"acf":[],"_links":{"self":[{"href":"https:\/\/www.teleskopshop.ch\/fr\/wp-json\/wp\/v2\/product\/59208","targetHints":{"allow":["GET"]}}],"collection":[{"href":"https:\/\/www.teleskopshop.ch\/fr\/wp-json\/wp\/v2\/product"}],"about":[{"href":"https:\/\/www.teleskopshop.ch\/fr\/wp-json\/wp\/v2\/types\/product"}],"replies":[{"embeddable":true,"href":"https:\/\/www.teleskopshop.ch\/fr\/wp-json\/wp\/v2\/comments?post=59208"}],"wp:featuredmedia":[{"embeddable":true,"href":"https:\/\/www.teleskopshop.ch\/fr\/wp-json\/wp\/v2\/media\/8022"}],"wp:attachment":[{"href":"https:\/\/www.teleskopshop.ch\/fr\/wp-json\/wp\/v2\/media?parent=59208"}],"wp:term":[{"taxonomy":"product_brand","embeddable":true,"href":"https:\/\/www.teleskopshop.ch\/fr\/wp-json\/wp\/v2\/product_brand?post=59208"},{"taxonomy":"product_cat","embeddable":true,"href":"https:\/\/www.teleskopshop.ch\/fr\/wp-json\/wp\/v2\/product_cat?post=59208"},{"taxonomy":"product_tag","embeddable":true,"href":"https:\/\/www.teleskopshop.ch\/fr\/wp-json\/wp\/v2\/product_tag?post=59208"}],"curies":[{"name":"wp","href":"https:\/\/api.w.org\/{rel}","templated":true}]}}