{"id":59199,"date":"2023-12-18T00:00:00","date_gmt":"2023-12-17T23:00:00","guid":{"rendered":"https:\/\/2025.teleskopshop.ch\/shop\/non%20class\u00e9\/baader-laser-colli-mark-iii\/"},"modified":"2025-01-25T11:58:15","modified_gmt":"2025-01-25T10:58:15","slug":"baader-laser-colli-mark-iii","status":"publish","type":"product","link":"https:\/\/www.teleskopshop.ch\/fr\/shop\/optique\/extensions-optiques\/composants-dalignement\/collimateurs-laser\/baader-laser-colli-mark-iii\/","title":{"rendered":"Baader colli laser Mark III"},"content":{"rendered":"<p>Classe laser 2<br \/>\nCet appareil est un article de service et ne peut \u00eatre utilis\u00e9 que pour<br \/>\ncollimation de l&rsquo;optique du t\u00e9lescope.<br \/>\nNe rel\u00e8ve pas de la mise en \u0153uvre du V-NISSG !<br \/>\n&#8211; Collimateur laser pour collimater facilement votre t\u00e9lescope en 1-2<br \/>\n minutes<br \/>\n&#8211; Laser de haute qualit\u00e9, antichoc, ajust\u00e9 avec une grande pr\u00e9cision<br \/>\n vis de r\u00e9glage cach\u00e9es<br \/>\n&#8211; Corps usin\u00e9 avec pr\u00e9cision et anodis\u00e9 dur<br \/>\n&#8211; La protection de la poign\u00e9e en caoutchouc de silicone facilite la manipulation<br \/>\n des gants<br \/>\n&#8211; Convient aux t\u00e9lescopes newtoniens et SC, instructions incluses<br \/>\nLes t\u00e9lescopes \u00e0 r\u00e9flexion newtoniens sont g\u00e9n\u00e9ralement consid\u00e9r\u00e9s comme sujets \u00e0<br \/>\nD\u00e9colimation &#8211; surtout s&rsquo;ils sont souvent dans le coffre d&rsquo;une voiture<br \/>\n\u00eatre transport\u00e9. Si vous faites partie de ces observateurs, vous devriez<br \/>\nLe Laser Colli fait partie des accessoires de base du t\u00e9lescope. Avec un peu de pratique<br \/>\net un peu de travail pr\u00e9paratoire est le t\u00e9lescope dans une minute ou deux<br \/>\nproprement collimat\u00e9.<\/p>\n","protected":false},"excerpt":{"rendered":"<p>Classe laser 2 Cet appareil est un article de service et ne peut \u00eatre utilis\u00e9 que pour collimation de l&rsquo;optique du t\u00e9lescope. Ne rel\u00e8ve pas de la mise en \u0153uvre du V-NISSG ! &#8211; Collimateur laser pour collimater facilement votre t\u00e9lescope en 1-2 minutes &#8211; Laser de haute qualit\u00e9, antichoc, ajust\u00e9 avec une grande pr\u00e9cision [&hellip;]<\/p>\n","protected":false},"featured_media":10466,"comment_status":"closed","ping_status":"open","template":"","meta":{"_acf_changed":false},"product_brand":[679],"product_cat":[1459,1444,1339],"product_tag":[],"class_list":{"0":"post-59199","1":"product","2":"type-product","3":"status-publish","4":"has-post-thumbnail","6":"product_brand-baader","7":"product_cat-collimateurs-laser","8":"product_cat-composants-dalignement","9":"product_cat-optique","11":"first","12":"instock","13":"taxable","14":"shipping-taxable","15":"purchasable","16":"product-type-simple"},"acf":[],"_links":{"self":[{"href":"https:\/\/www.teleskopshop.ch\/fr\/wp-json\/wp\/v2\/product\/59199","targetHints":{"allow":["GET"]}}],"collection":[{"href":"https:\/\/www.teleskopshop.ch\/fr\/wp-json\/wp\/v2\/product"}],"about":[{"href":"https:\/\/www.teleskopshop.ch\/fr\/wp-json\/wp\/v2\/types\/product"}],"replies":[{"embeddable":true,"href":"https:\/\/www.teleskopshop.ch\/fr\/wp-json\/wp\/v2\/comments?post=59199"}],"wp:featuredmedia":[{"embeddable":true,"href":"https:\/\/www.teleskopshop.ch\/fr\/wp-json\/wp\/v2\/media\/10466"}],"wp:attachment":[{"href":"https:\/\/www.teleskopshop.ch\/fr\/wp-json\/wp\/v2\/media?parent=59199"}],"wp:term":[{"taxonomy":"product_brand","embeddable":true,"href":"https:\/\/www.teleskopshop.ch\/fr\/wp-json\/wp\/v2\/product_brand?post=59199"},{"taxonomy":"product_cat","embeddable":true,"href":"https:\/\/www.teleskopshop.ch\/fr\/wp-json\/wp\/v2\/product_cat?post=59199"},{"taxonomy":"product_tag","embeddable":true,"href":"https:\/\/www.teleskopshop.ch\/fr\/wp-json\/wp\/v2\/product_tag?post=59199"}],"curies":[{"name":"wp","href":"https:\/\/api.w.org\/{rel}","templated":true}]}}