{"id":59187,"date":"2023-12-18T00:00:00","date_gmt":"2023-12-17T23:00:00","guid":{"rendered":"https:\/\/2025.teleskopshop.ch\/shop\/non%20class\u00e9\/baader-ufc-1-1-4-aux-adapter-zu-2459113\/"},"modified":"2025-01-25T12:00:43","modified_gmt":"2025-01-25T11:00:43","slug":"baader-ufc-1-1-4-aux-adapter-zu-2459113","status":"publish","type":"product","link":"https:\/\/www.teleskopshop.ch\/fr\/shop\/optique\/extensions-optiques\/filtre-porte-filtre\/filtres-ufc\/baader-ufc-1-1-4-aux-adapter-zu-2459113\/","title":{"rendered":"Adaptateur Baader UFC 1 1\/4&Prime; AUX pour 2459113"},"content":{"rendered":"<p>Porte-filtre Baader UFC 1\u00bc\u00a0\u00bb AUX<br \/>\n&#8211; convient aux filtres mont\u00e9s 1\u00bc\u00a0\u00bb<br \/>\n&#8211; N\u00e9cessite 1x curseur de filtre UFC D50 #2459113<br \/>\n&#8211; est mont\u00e9 dans la glissi\u00e8re de filtre UFC D50, celle-ci est ins\u00e9r\u00e9e dans l&rsquo;UFC<br \/>\n Base de filtre enfonc\u00e9e et permet une commutation rapide entre<br \/>\n Filtres &#8211; maintient tout filtre absolument solidement et fermement<br \/>\n&#8211; Un simple \u00ab\u00a0clic\u00a0\u00bb sur la goupille lib\u00e8re le filtre de l&rsquo;aimant<br \/>\n Ancrage. Apr\u00e8s cela, il peut \u00eatre facilement retir\u00e9<\/p>\n","protected":false},"excerpt":{"rendered":"<p>Porte-filtre Baader UFC 1\u00bc\u00a0\u00bb AUX &#8211; convient aux filtres mont\u00e9s 1\u00bc\u00a0\u00bb &#8211; N\u00e9cessite 1x curseur de filtre UFC D50 #2459113 &#8211; est mont\u00e9 dans la glissi\u00e8re de filtre UFC D50, celle-ci est ins\u00e9r\u00e9e dans l&rsquo;UFC Base de filtre enfonc\u00e9e et permet une commutation rapide entre Filtres &#8211; maintient tout filtre absolument solidement et fermement &#8211; [&hellip;]<\/p>\n","protected":false},"featured_media":9682,"comment_status":"closed","ping_status":"open","template":"","meta":{"_acf_changed":false},"product_brand":[679],"product_cat":[1378,1435,1339],"product_tag":[],"class_list":{"0":"post-59187","1":"product","2":"type-product","3":"status-publish","4":"has-post-thumbnail","6":"product_brand-baader","7":"product_cat-filtre-porte-filtre","8":"product_cat-filtres-ufc","9":"product_cat-optique","11":"first","12":"instock","13":"taxable","14":"shipping-taxable","15":"purchasable","16":"product-type-simple"},"acf":[],"_links":{"self":[{"href":"https:\/\/www.teleskopshop.ch\/fr\/wp-json\/wp\/v2\/product\/59187","targetHints":{"allow":["GET"]}}],"collection":[{"href":"https:\/\/www.teleskopshop.ch\/fr\/wp-json\/wp\/v2\/product"}],"about":[{"href":"https:\/\/www.teleskopshop.ch\/fr\/wp-json\/wp\/v2\/types\/product"}],"replies":[{"embeddable":true,"href":"https:\/\/www.teleskopshop.ch\/fr\/wp-json\/wp\/v2\/comments?post=59187"}],"wp:featuredmedia":[{"embeddable":true,"href":"https:\/\/www.teleskopshop.ch\/fr\/wp-json\/wp\/v2\/media\/9682"}],"wp:attachment":[{"href":"https:\/\/www.teleskopshop.ch\/fr\/wp-json\/wp\/v2\/media?parent=59187"}],"wp:term":[{"taxonomy":"product_brand","embeddable":true,"href":"https:\/\/www.teleskopshop.ch\/fr\/wp-json\/wp\/v2\/product_brand?post=59187"},{"taxonomy":"product_cat","embeddable":true,"href":"https:\/\/www.teleskopshop.ch\/fr\/wp-json\/wp\/v2\/product_cat?post=59187"},{"taxonomy":"product_tag","embeddable":true,"href":"https:\/\/www.teleskopshop.ch\/fr\/wp-json\/wp\/v2\/product_tag?post=59187"}],"curies":[{"name":"wp","href":"https:\/\/api.w.org\/{rel}","templated":true}]}}