{"id":59175,"date":"2023-12-18T00:00:00","date_gmt":"2023-12-17T23:00:00","guid":{"rendered":"https:\/\/2025.teleskopshop.ch\/shop\/non%20class\u00e9\/baader-ufc-sp54-ufc-base\/"},"modified":"2025-01-25T12:00:48","modified_gmt":"2025-01-25T11:00:48","slug":"baader-ufc-sp54-ufc-base","status":"publish","type":"product","link":"https:\/\/www.teleskopshop.ch\/fr\/shop\/optique\/extensions-optiques\/filtre-porte-filtre\/filtres-ufc\/baader-ufc-sp54-ufc-base\/","title":{"rendered":"Socle Baader UFC SP54 UFC"},"content":{"rendered":"<p>Adaptateur de t\u00e9lescope Baader UFC S70 \/ SP54 (m) (hauteur : 1 mm)<br \/>\n&#8211; Adaptateur Baader UFC S70 \/ SP54 (m)<br \/>\n&#8211; c\u00f4t\u00e9 t\u00e9lescope avec filetage ext\u00e9rieur SP54<br \/>\n&#8211; c\u00f4t\u00e9 cam\u00e9ra avec queue d&rsquo;aronde S70<br \/>\n&#8211; peut \u00eatre connect\u00e9 \u00e0 la base de filtre UFC #2459110 via la queue d&rsquo;aronde S70<br \/>\n et les extensions UFC sont adapt\u00e9es<br \/>\n&#8211; Permet l&rsquo;utilisation d&rsquo;anneaux de matelassage autour du tiroir du filtre<br \/>\n pouvoir adapter presque tous les objectifs d&rsquo;appareils photo reflex num\u00e9riques courants<\/p>\n","protected":false},"excerpt":{"rendered":"<p>Adaptateur de t\u00e9lescope Baader UFC S70 \/ SP54 (m) (hauteur : 1 mm) &#8211; Adaptateur Baader UFC S70 \/ SP54 (m) &#8211; c\u00f4t\u00e9 t\u00e9lescope avec filetage ext\u00e9rieur SP54 &#8211; c\u00f4t\u00e9 cam\u00e9ra avec queue d&rsquo;aronde S70 &#8211; peut \u00eatre connect\u00e9 \u00e0 la base de filtre UFC #2459110 via la queue d&rsquo;aronde S70 et les extensions UFC [&hellip;]<\/p>\n","protected":false},"featured_media":9666,"comment_status":"closed","ping_status":"open","template":"","meta":{"_acf_changed":false},"product_brand":[679],"product_cat":[1378,1435,1339],"product_tag":[],"class_list":{"0":"post-59175","1":"product","2":"type-product","3":"status-publish","4":"has-post-thumbnail","6":"product_brand-baader","7":"product_cat-filtre-porte-filtre","8":"product_cat-filtres-ufc","9":"product_cat-optique","11":"first","12":"instock","13":"taxable","14":"shipping-taxable","15":"purchasable","16":"product-type-simple"},"acf":[],"_links":{"self":[{"href":"https:\/\/www.teleskopshop.ch\/fr\/wp-json\/wp\/v2\/product\/59175","targetHints":{"allow":["GET"]}}],"collection":[{"href":"https:\/\/www.teleskopshop.ch\/fr\/wp-json\/wp\/v2\/product"}],"about":[{"href":"https:\/\/www.teleskopshop.ch\/fr\/wp-json\/wp\/v2\/types\/product"}],"replies":[{"embeddable":true,"href":"https:\/\/www.teleskopshop.ch\/fr\/wp-json\/wp\/v2\/comments?post=59175"}],"wp:featuredmedia":[{"embeddable":true,"href":"https:\/\/www.teleskopshop.ch\/fr\/wp-json\/wp\/v2\/media\/9666"}],"wp:attachment":[{"href":"https:\/\/www.teleskopshop.ch\/fr\/wp-json\/wp\/v2\/media?parent=59175"}],"wp:term":[{"taxonomy":"product_brand","embeddable":true,"href":"https:\/\/www.teleskopshop.ch\/fr\/wp-json\/wp\/v2\/product_brand?post=59175"},{"taxonomy":"product_cat","embeddable":true,"href":"https:\/\/www.teleskopshop.ch\/fr\/wp-json\/wp\/v2\/product_cat?post=59175"},{"taxonomy":"product_tag","embeddable":true,"href":"https:\/\/www.teleskopshop.ch\/fr\/wp-json\/wp\/v2\/product_tag?post=59175"}],"curies":[{"name":"wp","href":"https:\/\/api.w.org\/{rel}","templated":true}]}}