{"id":59172,"date":"2023-12-18T00:00:00","date_gmt":"2023-12-17T23:00:00","guid":{"rendered":"https:\/\/2025.teleskopshop.ch\/shop\/non%20class\u00e9\/baader-ufc-straylight-flange\/"},"modified":"2025-01-25T12:00:49","modified_gmt":"2025-01-25T11:00:49","slug":"baader-ufc-straylight-flange","status":"publish","type":"product","link":"https:\/\/www.teleskopshop.ch\/fr\/shop\/optique\/extensions-optiques\/filtre-porte-filtre\/filtres-ufc\/baader-ufc-straylight-flange\/","title":{"rendered":"Baader UFC Straylight Bride"},"content":{"rendered":"<p>Baader UFC Straylight-Flange lors du montage de l&rsquo;UFC devant la cam\u00e9ra<br \/>\nlentilles incl. plaque de montage pour base UFC<br \/>\n&#8211; Pare-soleil Baader UFC<br \/>\n&#8211; c\u00f4t\u00e9 t\u00e9lescope avec une plaque de montage sur la base UFC<br \/>\n&#8211; Pare-soleil c\u00f4t\u00e9 cam\u00e9ra, requis lors du montage de la base UFC<br \/>\n devant un objectif de cam\u00e9ra sans connexion suppl\u00e9mentaire \u00e0 un t\u00e9lescope<br \/>\n&#8211; Peut \u00eatre fix\u00e9 \u00e0 l&rsquo;aide des vis et de la plaque de montage fournies<br \/>\n La base de filtre UFC #2459110 peut \u00eatre adapt\u00e9e<\/p>\n","protected":false},"excerpt":{"rendered":"<p>Baader UFC Straylight-Flange lors du montage de l&rsquo;UFC devant la cam\u00e9ra lentilles incl. plaque de montage pour base UFC &#8211; Pare-soleil Baader UFC &#8211; c\u00f4t\u00e9 t\u00e9lescope avec une plaque de montage sur la base UFC &#8211; Pare-soleil c\u00f4t\u00e9 cam\u00e9ra, requis lors du montage de la base UFC devant un objectif de cam\u00e9ra sans connexion suppl\u00e9mentaire [&hellip;]<\/p>\n","protected":false},"featured_media":9662,"comment_status":"closed","ping_status":"open","template":"","meta":{"_acf_changed":false},"product_brand":[679],"product_cat":[1378,1435,1339],"product_tag":[],"class_list":{"0":"post-59172","1":"product","2":"type-product","3":"status-publish","4":"has-post-thumbnail","6":"product_brand-baader","7":"product_cat-filtre-porte-filtre","8":"product_cat-filtres-ufc","9":"product_cat-optique","11":"first","12":"instock","13":"taxable","14":"shipping-taxable","15":"purchasable","16":"product-type-simple"},"acf":[],"_links":{"self":[{"href":"https:\/\/www.teleskopshop.ch\/fr\/wp-json\/wp\/v2\/product\/59172","targetHints":{"allow":["GET"]}}],"collection":[{"href":"https:\/\/www.teleskopshop.ch\/fr\/wp-json\/wp\/v2\/product"}],"about":[{"href":"https:\/\/www.teleskopshop.ch\/fr\/wp-json\/wp\/v2\/types\/product"}],"replies":[{"embeddable":true,"href":"https:\/\/www.teleskopshop.ch\/fr\/wp-json\/wp\/v2\/comments?post=59172"}],"wp:featuredmedia":[{"embeddable":true,"href":"https:\/\/www.teleskopshop.ch\/fr\/wp-json\/wp\/v2\/media\/9662"}],"wp:attachment":[{"href":"https:\/\/www.teleskopshop.ch\/fr\/wp-json\/wp\/v2\/media?parent=59172"}],"wp:term":[{"taxonomy":"product_brand","embeddable":true,"href":"https:\/\/www.teleskopshop.ch\/fr\/wp-json\/wp\/v2\/product_brand?post=59172"},{"taxonomy":"product_cat","embeddable":true,"href":"https:\/\/www.teleskopshop.ch\/fr\/wp-json\/wp\/v2\/product_cat?post=59172"},{"taxonomy":"product_tag","embeddable":true,"href":"https:\/\/www.teleskopshop.ch\/fr\/wp-json\/wp\/v2\/product_tag?post=59172"}],"curies":[{"name":"wp","href":"https:\/\/api.w.org\/{rel}","templated":true}]}}