{"id":59163,"date":"2023-12-18T00:00:00","date_gmt":"2023-12-17T23:00:00","guid":{"rendered":"https:\/\/2025.teleskopshop.ch\/shop\/non%20class\u00e9\/baader-ufc-s70-extension-15mm\/"},"modified":"2025-01-25T12:00:47","modified_gmt":"2025-01-25T11:00:47","slug":"baader-ufc-s70-extension-15mm","status":"publish","type":"product","link":"https:\/\/www.teleskopshop.ch\/fr\/shop\/optique\/extensions-optiques\/filtre-porte-filtre\/filtres-ufc\/baader-ufc-s70-extension-15mm\/","title":{"rendered":"Rallonge Baader UFC S70 15mm"},"content":{"rendered":"<p>Baader UFC S70\/15 Rallonge 15mm avec queue d&rsquo;aronde S70 \/<br \/>\nvis de serrage en queue d&rsquo;aronde<br \/>\n&#8211; Rallonge Baader UFC S70 15mm<br \/>\n&#8211; C\u00f4t\u00e9 t\u00e9lescope avec douille\/embase S70 pour adaptateur c\u00f4t\u00e9 t\u00e9lescope<br \/>\n&#8211; c\u00f4t\u00e9 cam\u00e9ra avec queue d&rsquo;aronde S70<br \/>\n&#8211; peut \u00eatre connect\u00e9 \u00e0 la base de filtre UFC #2459110 via la queue d&rsquo;aronde S70<br \/>\n \u00eatre adapt\u00e9 et permet l&rsquo;inclusion d&rsquo;adaptateurs c\u00f4t\u00e9 t\u00e9lescope<br \/>\n \u00e0 l&rsquo;aide des vis fournies<\/p>\n","protected":false},"excerpt":{"rendered":"<p>Baader UFC S70\/15 Rallonge 15mm avec queue d&rsquo;aronde S70 \/ vis de serrage en queue d&rsquo;aronde &#8211; Rallonge Baader UFC S70 15mm &#8211; C\u00f4t\u00e9 t\u00e9lescope avec douille\/embase S70 pour adaptateur c\u00f4t\u00e9 t\u00e9lescope &#8211; c\u00f4t\u00e9 cam\u00e9ra avec queue d&rsquo;aronde S70 &#8211; peut \u00eatre connect\u00e9 \u00e0 la base de filtre UFC #2459110 via la queue d&rsquo;aronde S70 [&hellip;]<\/p>\n","protected":false},"featured_media":9650,"comment_status":"closed","ping_status":"open","template":"","meta":{"_acf_changed":false},"product_brand":[679],"product_cat":[1378,1435,1339],"product_tag":[],"class_list":{"0":"post-59163","1":"product","2":"type-product","3":"status-publish","4":"has-post-thumbnail","6":"product_brand-baader","7":"product_cat-filtre-porte-filtre","8":"product_cat-filtres-ufc","9":"product_cat-optique","11":"first","12":"instock","13":"taxable","14":"shipping-taxable","15":"purchasable","16":"product-type-simple"},"acf":[],"_links":{"self":[{"href":"https:\/\/www.teleskopshop.ch\/fr\/wp-json\/wp\/v2\/product\/59163","targetHints":{"allow":["GET"]}}],"collection":[{"href":"https:\/\/www.teleskopshop.ch\/fr\/wp-json\/wp\/v2\/product"}],"about":[{"href":"https:\/\/www.teleskopshop.ch\/fr\/wp-json\/wp\/v2\/types\/product"}],"replies":[{"embeddable":true,"href":"https:\/\/www.teleskopshop.ch\/fr\/wp-json\/wp\/v2\/comments?post=59163"}],"wp:featuredmedia":[{"embeddable":true,"href":"https:\/\/www.teleskopshop.ch\/fr\/wp-json\/wp\/v2\/media\/9650"}],"wp:attachment":[{"href":"https:\/\/www.teleskopshop.ch\/fr\/wp-json\/wp\/v2\/media?parent=59163"}],"wp:term":[{"taxonomy":"product_brand","embeddable":true,"href":"https:\/\/www.teleskopshop.ch\/fr\/wp-json\/wp\/v2\/product_brand?post=59163"},{"taxonomy":"product_cat","embeddable":true,"href":"https:\/\/www.teleskopshop.ch\/fr\/wp-json\/wp\/v2\/product_cat?post=59163"},{"taxonomy":"product_tag","embeddable":true,"href":"https:\/\/www.teleskopshop.ch\/fr\/wp-json\/wp\/v2\/product_tag?post=59163"}],"curies":[{"name":"wp","href":"https:\/\/api.w.org\/{rel}","templated":true}]}}