{"id":59133,"date":"2023-12-18T00:00:00","date_gmt":"2023-12-17T23:00:00","guid":{"rendered":"https:\/\/2025.teleskopshop.ch\/shop\/non%20class\u00e9\/baader-ufc-fli-kamera-adapter\/"},"modified":"2025-01-25T12:00:55","modified_gmt":"2025-01-25T11:00:55","slug":"baader-ufc-fli-kamera-adapter","status":"publish","type":"product","link":"https:\/\/www.teleskopshop.ch\/fr\/shop\/optique\/extensions-optiques\/filtre-porte-filtre\/filtres-ufc\/baader-ufc-fli-kamera-adapter\/","title":{"rendered":"Adaptateur de cam\u00e9ra Baader UFC FLI"},"content":{"rendered":"<p>Adaptateur Baader UFC FLI, se connecte aux cam\u00e9ras FLI, pour ML et<br \/>\nBride PL avec plaque de montage pour embase UFC<br \/>\n&#8211; Bride d&rsquo;adaptation Baader UFC 2&Prime; FLI<br \/>\n&#8211; c\u00f4t\u00e9 t\u00e9lescope avec une platine de fixation sur la base UFC (se visse<br \/>\n contenu de la livraison inclus)<br \/>\n&#8211; Adaptateur 2&Prime; c\u00f4t\u00e9 cam\u00e9ra, pour bride FLI-ML et FLI-PS<br \/>\n&#8211; Peut \u00eatre fix\u00e9 \u00e0 l&rsquo;aide des vis et de la plaque de montage fournies<br \/>\n La base de filtre UFC #2459110 peut \u00eatre adapt\u00e9e et permet<br \/>\n connexion c\u00f4t\u00e9 cam\u00e9ra des cam\u00e9ras FLI-ML et FLI-PS<\/p>\n","protected":false},"excerpt":{"rendered":"<p>Adaptateur Baader UFC FLI, se connecte aux cam\u00e9ras FLI, pour ML et Bride PL avec plaque de montage pour embase UFC &#8211; Bride d&rsquo;adaptation Baader UFC 2&Prime; FLI &#8211; c\u00f4t\u00e9 t\u00e9lescope avec une platine de fixation sur la base UFC (se visse contenu de la livraison inclus) &#8211; Adaptateur 2&Prime; c\u00f4t\u00e9 cam\u00e9ra, pour bride FLI-ML [&hellip;]<\/p>\n","protected":false},"featured_media":9610,"comment_status":"closed","ping_status":"open","template":"","meta":{"_acf_changed":false},"product_brand":[679],"product_cat":[1378,1435,1339],"product_tag":[],"class_list":{"0":"post-59133","1":"product","2":"type-product","3":"status-publish","4":"has-post-thumbnail","6":"product_brand-baader","7":"product_cat-filtre-porte-filtre","8":"product_cat-filtres-ufc","9":"product_cat-optique","11":"first","12":"instock","13":"taxable","14":"shipping-taxable","15":"purchasable","16":"product-type-simple"},"acf":[],"_links":{"self":[{"href":"https:\/\/www.teleskopshop.ch\/fr\/wp-json\/wp\/v2\/product\/59133","targetHints":{"allow":["GET"]}}],"collection":[{"href":"https:\/\/www.teleskopshop.ch\/fr\/wp-json\/wp\/v2\/product"}],"about":[{"href":"https:\/\/www.teleskopshop.ch\/fr\/wp-json\/wp\/v2\/types\/product"}],"replies":[{"embeddable":true,"href":"https:\/\/www.teleskopshop.ch\/fr\/wp-json\/wp\/v2\/comments?post=59133"}],"wp:featuredmedia":[{"embeddable":true,"href":"https:\/\/www.teleskopshop.ch\/fr\/wp-json\/wp\/v2\/media\/9610"}],"wp:attachment":[{"href":"https:\/\/www.teleskopshop.ch\/fr\/wp-json\/wp\/v2\/media?parent=59133"}],"wp:term":[{"taxonomy":"product_brand","embeddable":true,"href":"https:\/\/www.teleskopshop.ch\/fr\/wp-json\/wp\/v2\/product_brand?post=59133"},{"taxonomy":"product_cat","embeddable":true,"href":"https:\/\/www.teleskopshop.ch\/fr\/wp-json\/wp\/v2\/product_cat?post=59133"},{"taxonomy":"product_tag","embeddable":true,"href":"https:\/\/www.teleskopshop.ch\/fr\/wp-json\/wp\/v2\/product_tag?post=59133"}],"curies":[{"name":"wp","href":"https:\/\/api.w.org\/{rel}","templated":true}]}}