{"id":59130,"date":"2023-12-18T00:00:00","date_gmt":"2023-12-17T23:00:00","guid":{"rendered":"https:\/\/2025.teleskopshop.ch\/shop\/non%20class\u00e9\/baader-ufc-2-sc-adapter-2\/"},"modified":"2025-01-25T12:00:54","modified_gmt":"2025-01-25T11:00:54","slug":"baader-ufc-2-sc-adapter-2","status":"publish","type":"product","link":"https:\/\/www.teleskopshop.ch\/fr\/shop\/optique\/extensions-optiques\/filtre-porte-filtre\/filtres-ufc\/baader-ufc-2-sc-adapter-2\/","title":{"rendered":"Adaptateur Baader UFC 2&Prime; SC, 2&Prime;"},"content":{"rendered":"<p>Adaptateur Baader UFC 2&Prime; SC, filetage 2&Prime; (m) face \u00e0 la cam\u00e9ra avec montage<br \/>\nplaque pour base UFC<br \/>\n&#8211; Adaptateur de filetage Baader UFC 2&Prime; (m) SC<br \/>\n&#8211; c\u00f4t\u00e9 t\u00e9lescope avec une platine de fixation sur la base UFC (se visse<br \/>\n contenu de la livraison inclus)<br \/>\n&#8211; c\u00f4t\u00e9 cam\u00e9ra avec filetage externe 2&Prime; SC<br \/>\n&#8211; Peut \u00eatre fix\u00e9 \u00e0 l&rsquo;aide des vis et de la plaque de montage fournies<br \/>\n La base de filtre UFC #2459110 peut \u00eatre adapt\u00e9e et permet<br \/>\n connexion c\u00f4t\u00e9 cam\u00e9ra d&rsquo;adaptateurs\/appareils avec 2&Prime; UFC<br \/>\n filetages internes<\/p>\n","protected":false},"excerpt":{"rendered":"<p>Adaptateur Baader UFC 2&Prime; SC, filetage 2&Prime; (m) face \u00e0 la cam\u00e9ra avec montage plaque pour base UFC &#8211; Adaptateur de filetage Baader UFC 2&Prime; (m) SC &#8211; c\u00f4t\u00e9 t\u00e9lescope avec une platine de fixation sur la base UFC (se visse contenu de la livraison inclus) &#8211; c\u00f4t\u00e9 cam\u00e9ra avec filetage externe 2&Prime; SC &#8211; [&hellip;]<\/p>\n","protected":false},"featured_media":9606,"comment_status":"closed","ping_status":"open","template":"","meta":{"_acf_changed":false},"product_brand":[679],"product_cat":[1378,1435,1339],"product_tag":[],"class_list":{"0":"post-59130","1":"product","2":"type-product","3":"status-publish","4":"has-post-thumbnail","6":"product_brand-baader","7":"product_cat-filtre-porte-filtre","8":"product_cat-filtres-ufc","9":"product_cat-optique","11":"first","12":"instock","13":"taxable","14":"shipping-taxable","15":"purchasable","16":"product-type-simple"},"acf":[],"_links":{"self":[{"href":"https:\/\/www.teleskopshop.ch\/fr\/wp-json\/wp\/v2\/product\/59130","targetHints":{"allow":["GET"]}}],"collection":[{"href":"https:\/\/www.teleskopshop.ch\/fr\/wp-json\/wp\/v2\/product"}],"about":[{"href":"https:\/\/www.teleskopshop.ch\/fr\/wp-json\/wp\/v2\/types\/product"}],"replies":[{"embeddable":true,"href":"https:\/\/www.teleskopshop.ch\/fr\/wp-json\/wp\/v2\/comments?post=59130"}],"wp:featuredmedia":[{"embeddable":true,"href":"https:\/\/www.teleskopshop.ch\/fr\/wp-json\/wp\/v2\/media\/9606"}],"wp:attachment":[{"href":"https:\/\/www.teleskopshop.ch\/fr\/wp-json\/wp\/v2\/media?parent=59130"}],"wp:term":[{"taxonomy":"product_brand","embeddable":true,"href":"https:\/\/www.teleskopshop.ch\/fr\/wp-json\/wp\/v2\/product_brand?post=59130"},{"taxonomy":"product_cat","embeddable":true,"href":"https:\/\/www.teleskopshop.ch\/fr\/wp-json\/wp\/v2\/product_cat?post=59130"},{"taxonomy":"product_tag","embeddable":true,"href":"https:\/\/www.teleskopshop.ch\/fr\/wp-json\/wp\/v2\/product_tag?post=59130"}],"curies":[{"name":"wp","href":"https:\/\/api.w.org\/{rel}","templated":true}]}}