{"id":59115,"date":"2023-12-18T00:00:00","date_gmt":"2023-12-17T23:00:00","guid":{"rendered":"https:\/\/2025.teleskopshop.ch\/shop\/non%20class\u00e9\/baader-ufc-t-2-kamera-adapter\/"},"modified":"2025-01-25T12:00:51","modified_gmt":"2025-01-25T11:00:51","slug":"baader-ufc-t-2-kamera-adapter","status":"publish","type":"product","link":"https:\/\/www.teleskopshop.ch\/fr\/shop\/optique\/extensions-optiques\/filtre-porte-filtre\/filtres-ufc\/baader-ufc-t-2-kamera-adapter\/","title":{"rendered":"Adaptateur de cam\u00e9ra Baader UFC T-2"},"content":{"rendered":"<p>Adaptateur Baader UFC T-2, filetage T-2 (m) c\u00f4t\u00e9 cam\u00e9ra avec<br \/>\nPlaque de montage sur la base UFC.<br \/>\n&#8211; Adaptateur de filetage Baader UFC S70 \/ T-2 (m)<br \/>\n&#8211; c\u00f4t\u00e9 t\u00e9lescope avec une platine de fixation sur la base UFC (se visse<br \/>\n contenu de la livraison inclus)<br \/>\n&#8211; Filetage externe T-2 c\u00f4t\u00e9 cam\u00e9ra<br \/>\n&#8211; Peut \u00eatre fix\u00e9 \u00e0 l&rsquo;aide des vis et de la plaque de montage fournies<br \/>\n La base de filtre UFC 2459110 peut \u00eatre adapt\u00e9e et permet la<br \/>\n connexion c\u00f4t\u00e9 cam\u00e9ra d&rsquo;adaptateurs\/appareils avec filetage interne T-2<\/p>\n","protected":false},"excerpt":{"rendered":"<p>Adaptateur Baader UFC T-2, filetage T-2 (m) c\u00f4t\u00e9 cam\u00e9ra avec Plaque de montage sur la base UFC. &#8211; Adaptateur de filetage Baader UFC S70 \/ T-2 (m) &#8211; c\u00f4t\u00e9 t\u00e9lescope avec une platine de fixation sur la base UFC (se visse contenu de la livraison inclus) &#8211; Filetage externe T-2 c\u00f4t\u00e9 cam\u00e9ra &#8211; Peut \u00eatre [&hellip;]<\/p>\n","protected":false},"featured_media":9586,"comment_status":"closed","ping_status":"open","template":"","meta":{"_acf_changed":false},"product_brand":[679],"product_cat":[1378,1435,1339],"product_tag":[],"class_list":{"0":"post-59115","1":"product","2":"type-product","3":"status-publish","4":"has-post-thumbnail","6":"product_brand-baader","7":"product_cat-filtre-porte-filtre","8":"product_cat-filtres-ufc","9":"product_cat-optique","11":"first","12":"instock","13":"taxable","14":"shipping-taxable","15":"purchasable","16":"product-type-simple"},"acf":[],"_links":{"self":[{"href":"https:\/\/www.teleskopshop.ch\/fr\/wp-json\/wp\/v2\/product\/59115","targetHints":{"allow":["GET"]}}],"collection":[{"href":"https:\/\/www.teleskopshop.ch\/fr\/wp-json\/wp\/v2\/product"}],"about":[{"href":"https:\/\/www.teleskopshop.ch\/fr\/wp-json\/wp\/v2\/types\/product"}],"replies":[{"embeddable":true,"href":"https:\/\/www.teleskopshop.ch\/fr\/wp-json\/wp\/v2\/comments?post=59115"}],"wp:featuredmedia":[{"embeddable":true,"href":"https:\/\/www.teleskopshop.ch\/fr\/wp-json\/wp\/v2\/media\/9586"}],"wp:attachment":[{"href":"https:\/\/www.teleskopshop.ch\/fr\/wp-json\/wp\/v2\/media?parent=59115"}],"wp:term":[{"taxonomy":"product_brand","embeddable":true,"href":"https:\/\/www.teleskopshop.ch\/fr\/wp-json\/wp\/v2\/product_brand?post=59115"},{"taxonomy":"product_cat","embeddable":true,"href":"https:\/\/www.teleskopshop.ch\/fr\/wp-json\/wp\/v2\/product_cat?post=59115"},{"taxonomy":"product_tag","embeddable":true,"href":"https:\/\/www.teleskopshop.ch\/fr\/wp-json\/wp\/v2\/product_tag?post=59115"}],"curies":[{"name":"wp","href":"https:\/\/api.w.org\/{rel}","templated":true}]}}