{"id":59019,"date":"2023-12-18T00:00:00","date_gmt":"2023-12-17T23:00:00","guid":{"rendered":"https:\/\/2025.teleskopshop.ch\/shop\/non%20class\u00e9\/baader-sundancer-ii-tz-4s\/"},"modified":"2025-01-25T11:58:30","modified_gmt":"2025-01-25T10:58:30","slug":"baader-sundancer-ii-tz-4s","status":"publish","type":"product","link":"https:\/\/www.teleskopshop.ch\/fr\/shop\/optique\/extensions-optiques\/filtre-porte-filtre\/observation-solaire\/baader-sundancer-ii-tz-4s\/","title":{"rendered":"Baader SunDancer II TZ-4S"},"content":{"rendered":"<p>Fournit un faisceau achromatique parall\u00e8le au plan de 36 mm<br \/>\ndiam\u00e8tre et 4 fois la largeur de course t\u00e9lescopique&nbsp;;<br \/>\nTout d\u2019abord, con\u00e7u pour les \u00e9talons subangstro\u00e8mes H-alpha et CaK ;<br \/>\nEst-ce qu\u2019un 1\/2 inclut&nbsp;? Douille pour le filtre bloc 2 nm du Baader<br \/>\nSunDancer II Filtre H-alpha&nbsp;;<br \/>\nPeut \u00eatre utilis\u00e9 \u00e0 la place d\u2019une lentille de Barlow ;<br \/>\nRev\u00eatement BBAR (BBAR = Broad-Band Anti-Reflection) ;<br \/>\nFiletages antireflets et bords noircis des verres contre les reflets et pour<br \/>\ncontraste maximal&nbsp;;<br \/>\nCercle d\u2019image 36 mm, nominal \u00e0 une distance de 97 mm du fond filet\u00e9 T-2 ;<br \/>\nRaccord enfichable 11\/4&nbsp;\u00bb et 2&nbsp;\u00bb avec filetage de filtre 11\/4&nbsp;\u00bb, c\u00f4t\u00e9 cam\u00e9ra T-2<br \/>\nFil;<br \/>\nComprend une cl\u00e9 \u00e0 filtre de 1\/2 po (12,5 mm)&nbsp;;<br \/>\nGarantie de 5 ans si elle est manipul\u00e9e correctement&nbsp;;<\/p>\n","protected":false},"excerpt":{"rendered":"<p>Fournit un faisceau achromatique parall\u00e8le au plan de 36 mm diam\u00e8tre et 4 fois la largeur de course t\u00e9lescopique&nbsp;; Tout d\u2019abord, con\u00e7u pour les \u00e9talons subangstro\u00e8mes H-alpha et CaK ; Est-ce qu\u2019un 1\/2 inclut&nbsp;? Douille pour le filtre bloc 2 nm du Baader SunDancer II Filtre H-alpha&nbsp;; Peut \u00eatre utilis\u00e9 \u00e0 la place d\u2019une lentille [&hellip;]<\/p>\n","protected":false},"featured_media":10270,"comment_status":"closed","ping_status":"open","template":"","meta":{"_acf_changed":false},"product_brand":[679],"product_cat":[1378,1432,1339],"product_tag":[],"class_list":{"0":"post-59019","1":"product","2":"type-product","3":"status-publish","4":"has-post-thumbnail","6":"product_brand-baader","7":"product_cat-filtre-porte-filtre","8":"product_cat-observation-solaire","9":"product_cat-optique","11":"first","12":"instock","13":"taxable","14":"shipping-taxable","15":"purchasable","16":"product-type-simple"},"acf":[],"_links":{"self":[{"href":"https:\/\/www.teleskopshop.ch\/fr\/wp-json\/wp\/v2\/product\/59019","targetHints":{"allow":["GET"]}}],"collection":[{"href":"https:\/\/www.teleskopshop.ch\/fr\/wp-json\/wp\/v2\/product"}],"about":[{"href":"https:\/\/www.teleskopshop.ch\/fr\/wp-json\/wp\/v2\/types\/product"}],"replies":[{"embeddable":true,"href":"https:\/\/www.teleskopshop.ch\/fr\/wp-json\/wp\/v2\/comments?post=59019"}],"wp:featuredmedia":[{"embeddable":true,"href":"https:\/\/www.teleskopshop.ch\/fr\/wp-json\/wp\/v2\/media\/10270"}],"wp:attachment":[{"href":"https:\/\/www.teleskopshop.ch\/fr\/wp-json\/wp\/v2\/media?parent=59019"}],"wp:term":[{"taxonomy":"product_brand","embeddable":true,"href":"https:\/\/www.teleskopshop.ch\/fr\/wp-json\/wp\/v2\/product_brand?post=59019"},{"taxonomy":"product_cat","embeddable":true,"href":"https:\/\/www.teleskopshop.ch\/fr\/wp-json\/wp\/v2\/product_cat?post=59019"},{"taxonomy":"product_tag","embeddable":true,"href":"https:\/\/www.teleskopshop.ch\/fr\/wp-json\/wp\/v2\/product_tag?post=59019"}],"curies":[{"name":"wp","href":"https:\/\/api.w.org\/{rel}","templated":true}]}}