{"id":58761,"date":"2023-12-18T00:00:00","date_gmt":"2023-12-17T23:00:00","guid":{"rendered":"https:\/\/2025.teleskopshop.ch\/shop\/non%20class\u00e9\/celestron-focus-motor-for-sct-edge-hd\/"},"modified":"2025-01-25T11:52:07","modified_gmt":"2025-01-25T10:52:07","slug":"celestron-focus-motor-for-sct-edge-hd","status":"publish","type":"product","link":"https:\/\/www.teleskopshop.ch\/fr\/shop\/astronomie-accessoires-fr\/computer-hardware-pour-telescopes-fr\/celestron-focus-motor-for-sct-edge-hd\/","title":{"rendered":"Moteur de mise au point Celestron pour SCT\/EDGE HD"},"content":{"rendered":"<p>Moteur de mise au point pour optique SCT &amp; Edge HD.<br \/>\nMod\u00e8le 94155-A<br \/>\nPeut \u00eatre utilis\u00e9 avec les mod\u00e8les suivants :<br \/>\n&#8211; 6&Prime; Schmidt-Cassegrain tous mod\u00e8les \u00e0 partir de 2006, sans hors axe<br \/>\n Guide<br \/>\n&#8211; Cassegrain Maksutov 7&Prime;<br \/>\n&#8211; 8, 9.25, 11 et 14&Prime; Schmidt-Cassegrain de l&rsquo;ann\u00e9e 2006<br \/>\n&#8211; 8, 9.25, 11 et 14&Prime; Edge HD tous mod\u00e8les<br \/>\n-RASA 8&Prime;<br \/>\n&#8211; RASA 11&Prime; avec kit de r\u00e9trofit 131231<br \/>\n-RASA 14&Prime; 36cm.<br \/>\nNon utilisable pour 5&Prime; SCT et autres optiques SCT avant 2006<\/p>\n","protected":false},"excerpt":{"rendered":"<p>Moteur de mise au point pour optique SCT &amp; Edge HD. Mod\u00e8le 94155-A Peut \u00eatre utilis\u00e9 avec les mod\u00e8les suivants : &#8211; 6&Prime; Schmidt-Cassegrain tous mod\u00e8les \u00e0 partir de 2006, sans hors axe Guide &#8211; Cassegrain Maksutov 7&Prime; &#8211; 8, 9.25, 11 et 14&Prime; Schmidt-Cassegrain de l&rsquo;ann\u00e9e 2006 &#8211; 8, 9.25, 11 et 14&Prime; Edge [&hellip;]<\/p>\n","protected":false},"featured_media":8546,"comment_status":"closed","ping_status":"open","template":"","meta":{"_acf_changed":false},"product_brand":[674],"product_cat":[1654,1721],"product_tag":[],"class_list":{"0":"post-58761","1":"product","2":"type-product","3":"status-publish","4":"has-post-thumbnail","6":"product_brand-celestron","7":"product_cat-astronomie-accessoires-fr","8":"product_cat-computer-hardware-pour-telescopes-fr","10":"first","11":"instock","12":"taxable","13":"shipping-taxable","14":"purchasable","15":"product-type-simple"},"acf":[],"_links":{"self":[{"href":"https:\/\/www.teleskopshop.ch\/fr\/wp-json\/wp\/v2\/product\/58761","targetHints":{"allow":["GET"]}}],"collection":[{"href":"https:\/\/www.teleskopshop.ch\/fr\/wp-json\/wp\/v2\/product"}],"about":[{"href":"https:\/\/www.teleskopshop.ch\/fr\/wp-json\/wp\/v2\/types\/product"}],"replies":[{"embeddable":true,"href":"https:\/\/www.teleskopshop.ch\/fr\/wp-json\/wp\/v2\/comments?post=58761"}],"wp:featuredmedia":[{"embeddable":true,"href":"https:\/\/www.teleskopshop.ch\/fr\/wp-json\/wp\/v2\/media\/8546"}],"wp:attachment":[{"href":"https:\/\/www.teleskopshop.ch\/fr\/wp-json\/wp\/v2\/media?parent=58761"}],"wp:term":[{"taxonomy":"product_brand","embeddable":true,"href":"https:\/\/www.teleskopshop.ch\/fr\/wp-json\/wp\/v2\/product_brand?post=58761"},{"taxonomy":"product_cat","embeddable":true,"href":"https:\/\/www.teleskopshop.ch\/fr\/wp-json\/wp\/v2\/product_cat?post=58761"},{"taxonomy":"product_tag","embeddable":true,"href":"https:\/\/www.teleskopshop.ch\/fr\/wp-json\/wp\/v2\/product_tag?post=58761"}],"curies":[{"name":"wp","href":"https:\/\/api.w.org\/{rel}","templated":true}]}}