{"id":58758,"date":"2023-12-18T00:00:00","date_gmt":"2023-12-17T23:00:00","guid":{"rendered":"https:\/\/2025.teleskopshop.ch\/shop\/non%20class\u00e9\/baader-usb-rs-232-konverter-mit-kabel\/"},"modified":"2025-01-25T12:03:05","modified_gmt":"2025-01-25T11:03:05","slug":"baader-usb-rs-232-konverter-mit-kabel","status":"publish","type":"product","link":"https:\/\/www.teleskopshop.ch\/fr\/shop\/astronomie-accessoires-fr\/computer-hardware-pour-telescopes-fr\/baader-usb-rs-232-konverter-mit-kabel\/","title":{"rendered":"Convertisseur Baader USB\/RS-232 avec c\u00e2ble"},"content":{"rendered":"<p>C\u00e2ble convertisseur USB \/ RS-232 Baader (similaire \u00e0 l&rsquo;article Celestron n\u00b0 18775),<br \/>\ncependant fabriqu\u00e9 en Allemagne<br \/>\nPour connecter un appareil avec une interface RS 232 \u00e0 un port USB<br \/>\nordinateurs portables.<br \/>\nAncien num\u00e9ro 821035BA<\/p>\n","protected":false},"excerpt":{"rendered":"<p>C\u00e2ble convertisseur USB \/ RS-232 Baader (similaire \u00e0 l&rsquo;article Celestron n\u00b0 18775), cependant fabriqu\u00e9 en Allemagne Pour connecter un appareil avec une interface RS 232 \u00e0 un port USB ordinateurs portables. Ancien num\u00e9ro 821035BA<\/p>\n","protected":false},"featured_media":8946,"comment_status":"closed","ping_status":"open","template":"","meta":{"_acf_changed":false},"product_brand":[679],"product_cat":[1654,1721],"product_tag":[],"class_list":{"0":"post-58758","1":"product","2":"type-product","3":"status-publish","4":"has-post-thumbnail","6":"product_brand-baader","7":"product_cat-astronomie-accessoires-fr","8":"product_cat-computer-hardware-pour-telescopes-fr","10":"first","11":"instock","12":"taxable","13":"shipping-taxable","14":"purchasable","15":"product-type-simple"},"acf":[],"_links":{"self":[{"href":"https:\/\/www.teleskopshop.ch\/fr\/wp-json\/wp\/v2\/product\/58758","targetHints":{"allow":["GET"]}}],"collection":[{"href":"https:\/\/www.teleskopshop.ch\/fr\/wp-json\/wp\/v2\/product"}],"about":[{"href":"https:\/\/www.teleskopshop.ch\/fr\/wp-json\/wp\/v2\/types\/product"}],"replies":[{"embeddable":true,"href":"https:\/\/www.teleskopshop.ch\/fr\/wp-json\/wp\/v2\/comments?post=58758"}],"wp:featuredmedia":[{"embeddable":true,"href":"https:\/\/www.teleskopshop.ch\/fr\/wp-json\/wp\/v2\/media\/8946"}],"wp:attachment":[{"href":"https:\/\/www.teleskopshop.ch\/fr\/wp-json\/wp\/v2\/media?parent=58758"}],"wp:term":[{"taxonomy":"product_brand","embeddable":true,"href":"https:\/\/www.teleskopshop.ch\/fr\/wp-json\/wp\/v2\/product_brand?post=58758"},{"taxonomy":"product_cat","embeddable":true,"href":"https:\/\/www.teleskopshop.ch\/fr\/wp-json\/wp\/v2\/product_cat?post=58758"},{"taxonomy":"product_tag","embeddable":true,"href":"https:\/\/www.teleskopshop.ch\/fr\/wp-json\/wp\/v2\/product_tag?post=58758"}],"curies":[{"name":"wp","href":"https:\/\/api.w.org\/{rel}","templated":true}]}}