{"id":58755,"date":"2023-12-18T00:00:00","date_gmt":"2023-12-17T23:00:00","guid":{"rendered":"https:\/\/2025.teleskopshop.ch\/shop\/non%20class\u00e9\/baader-rs-232-rj11-3-5m-fuer-celestron\/"},"modified":"2025-01-25T12:02:45","modified_gmt":"2025-01-25T11:02:45","slug":"baader-rs-232-rj11-3-5m-fuer-celestron","status":"publish","type":"product","link":"https:\/\/www.teleskopshop.ch\/fr\/shop\/astronomie-accessoires-fr\/computer-hardware-pour-telescopes-fr\/baader-rs-232-rj11-3-5m-fuer-celestron\/","title":{"rendered":"Baader RS 232\/RJ11 3.5m pour Celestron"},"content":{"rendered":"<p>C\u00e2ble Baader RS-232 pour NexStar &#8211; fabriqu\u00e9 en Allemagne<br \/>\nConnecte le port RJ 11 de votre t\u00e9l\u00e9commande au port s\u00e9rie RS 232<br \/>\nport de votre PC.<br \/>\nN\u00e9cessaire pour mettre \u00e0 jour la t\u00e9l\u00e9commande Flash EProm et pour contr\u00f4ler le<br \/>\nt\u00e9lescope par ex. B. via NexRemote.<br \/>\nSi votre PC\/ordinateur portable n&rsquo;a plus d&rsquo;interface RS 232, vous en aurez besoin<br \/>\nen plus le c\u00e2ble convertisseur USB &#8211; RS 232<\/p>\n","protected":false},"excerpt":{"rendered":"<p>C\u00e2ble Baader RS-232 pour NexStar &#8211; fabriqu\u00e9 en Allemagne Connecte le port RJ 11 de votre t\u00e9l\u00e9commande au port s\u00e9rie RS 232 port de votre PC. N\u00e9cessaire pour mettre \u00e0 jour la t\u00e9l\u00e9commande Flash EProm et pour contr\u00f4ler le t\u00e9lescope par ex. B. via NexRemote. Si votre PC\/ordinateur portable n&rsquo;a plus d&rsquo;interface RS 232, vous [&hellip;]<\/p>\n","protected":false},"featured_media":8942,"comment_status":"closed","ping_status":"open","template":"","meta":{"_acf_changed":false},"product_brand":[679],"product_cat":[1654,1721],"product_tag":[],"class_list":{"0":"post-58755","1":"product","2":"type-product","3":"status-publish","4":"has-post-thumbnail","6":"product_brand-baader","7":"product_cat-astronomie-accessoires-fr","8":"product_cat-computer-hardware-pour-telescopes-fr","10":"first","11":"instock","12":"taxable","13":"shipping-taxable","14":"purchasable","15":"product-type-simple"},"acf":[],"_links":{"self":[{"href":"https:\/\/www.teleskopshop.ch\/fr\/wp-json\/wp\/v2\/product\/58755","targetHints":{"allow":["GET"]}}],"collection":[{"href":"https:\/\/www.teleskopshop.ch\/fr\/wp-json\/wp\/v2\/product"}],"about":[{"href":"https:\/\/www.teleskopshop.ch\/fr\/wp-json\/wp\/v2\/types\/product"}],"replies":[{"embeddable":true,"href":"https:\/\/www.teleskopshop.ch\/fr\/wp-json\/wp\/v2\/comments?post=58755"}],"wp:featuredmedia":[{"embeddable":true,"href":"https:\/\/www.teleskopshop.ch\/fr\/wp-json\/wp\/v2\/media\/8942"}],"wp:attachment":[{"href":"https:\/\/www.teleskopshop.ch\/fr\/wp-json\/wp\/v2\/media?parent=58755"}],"wp:term":[{"taxonomy":"product_brand","embeddable":true,"href":"https:\/\/www.teleskopshop.ch\/fr\/wp-json\/wp\/v2\/product_brand?post=58755"},{"taxonomy":"product_cat","embeddable":true,"href":"https:\/\/www.teleskopshop.ch\/fr\/wp-json\/wp\/v2\/product_cat?post=58755"},{"taxonomy":"product_tag","embeddable":true,"href":"https:\/\/www.teleskopshop.ch\/fr\/wp-json\/wp\/v2\/product_tag?post=58755"}],"curies":[{"name":"wp","href":"https:\/\/api.w.org\/{rel}","templated":true}]}}