{"id":58734,"date":"2023-12-18T00:00:00","date_gmt":"2023-12-17T23:00:00","guid":{"rendered":"https:\/\/2025.teleskopshop.ch\/shop\/non%20class\u00e9\/celestron-skysync-gps\/"},"modified":"2025-01-25T11:50:40","modified_gmt":"2025-01-25T10:50:40","slug":"celestron-skysync-gps","status":"publish","type":"product","link":"https:\/\/www.teleskopshop.ch\/fr\/shop\/astronomie-accessoires-fr\/computer-hardware-pour-telescopes-fr\/celestron-skysync-gps\/","title":{"rendered":"GPS Celestron SkySync"},"content":{"rendered":"<p>Module GPS pour tous les t\u00e9lescopes Celestron contr\u00f4l\u00e9s par ordinateur !<br \/>\nAm\u00e9liorez la pr\u00e9cision lors de l&rsquo;initialisation de votre t\u00e9lescope<br \/>\navec ce r\u00e9cepteur GPS. Le SkySync re\u00e7oit automatiquement le<br \/>\nl&rsquo;heure et les coordonn\u00e9es de votre site d&rsquo;observation<\/p>\n","protected":false},"excerpt":{"rendered":"<p>Module GPS pour tous les t\u00e9lescopes Celestron contr\u00f4l\u00e9s par ordinateur ! Am\u00e9liorez la pr\u00e9cision lors de l&rsquo;initialisation de votre t\u00e9lescope avec ce r\u00e9cepteur GPS. Le SkySync re\u00e7oit automatiquement le l&rsquo;heure et les coordonn\u00e9es de votre site d&rsquo;observation<\/p>\n","protected":false},"featured_media":8038,"comment_status":"closed","ping_status":"open","template":"","meta":{"_acf_changed":false},"product_brand":[674],"product_cat":[1654,1721],"product_tag":[],"class_list":{"0":"post-58734","1":"product","2":"type-product","3":"status-publish","4":"has-post-thumbnail","6":"product_brand-celestron","7":"product_cat-astronomie-accessoires-fr","8":"product_cat-computer-hardware-pour-telescopes-fr","10":"first","11":"instock","12":"taxable","13":"shipping-taxable","14":"purchasable","15":"product-type-simple"},"acf":[],"_links":{"self":[{"href":"https:\/\/www.teleskopshop.ch\/fr\/wp-json\/wp\/v2\/product\/58734","targetHints":{"allow":["GET"]}}],"collection":[{"href":"https:\/\/www.teleskopshop.ch\/fr\/wp-json\/wp\/v2\/product"}],"about":[{"href":"https:\/\/www.teleskopshop.ch\/fr\/wp-json\/wp\/v2\/types\/product"}],"replies":[{"embeddable":true,"href":"https:\/\/www.teleskopshop.ch\/fr\/wp-json\/wp\/v2\/comments?post=58734"}],"wp:featuredmedia":[{"embeddable":true,"href":"https:\/\/www.teleskopshop.ch\/fr\/wp-json\/wp\/v2\/media\/8038"}],"wp:attachment":[{"href":"https:\/\/www.teleskopshop.ch\/fr\/wp-json\/wp\/v2\/media?parent=58734"}],"wp:term":[{"taxonomy":"product_brand","embeddable":true,"href":"https:\/\/www.teleskopshop.ch\/fr\/wp-json\/wp\/v2\/product_brand?post=58734"},{"taxonomy":"product_cat","embeddable":true,"href":"https:\/\/www.teleskopshop.ch\/fr\/wp-json\/wp\/v2\/product_cat?post=58734"},{"taxonomy":"product_tag","embeddable":true,"href":"https:\/\/www.teleskopshop.ch\/fr\/wp-json\/wp\/v2\/product_tag?post=58734"}],"curies":[{"name":"wp","href":"https:\/\/api.w.org\/{rel}","templated":true}]}}