{"id":58725,"date":"2023-12-18T00:00:00","date_gmt":"2023-12-17T23:00:00","guid":{"rendered":"https:\/\/2025.teleskopshop.ch\/shop\/non%20class\u00e9\/celestron-nexgo-dx-smartphone-adapt-kit\/"},"modified":"2025-01-25T11:51:06","modified_gmt":"2025-01-25T10:51:06","slug":"celestron-nexgo-dx-smartphone-adapt-kit","status":"publish","type":"product","link":"https:\/\/www.teleskopshop.ch\/fr\/shop\/astronomie-accessoires-fr\/adaptateurs\/smartphone-adapter-fr\/celestron-nexgo-dx-smartphone-adapt-kit\/","title":{"rendered":"Adaptateur pour smartphone Celestron NeXGO DX. Trousse"},"content":{"rendered":"<p>Adaptateur pour smartphone NeXGO DX avec contr\u00f4le BlueTooth.<br \/>\nConnectez l\u2019obturateur \u00e0 distance \u00e0 votre t\u00e9l\u00e9phone via Bluetooth \u00e0<br \/>\nPrenez des photos ou des enregistrements vid\u00e9o sans vibrations ind\u00e9sirables<br \/>\ncommencer arr\u00eater.<br \/>\nGamme de serrage de l\u2019oculaire: 25.4 &#8211; 44.45mm<br \/>\nLes deux appareils fonctionnent avec pratiquement tous les mod\u00e8les de smartphones,<br \/>\ny compris les derniers appareils d\u2019Apple, Samsung et Google.<\/p>\n","protected":false},"excerpt":{"rendered":"<p>Adaptateur pour smartphone NeXGO DX avec contr\u00f4le BlueTooth. Connectez l\u2019obturateur \u00e0 distance \u00e0 votre t\u00e9l\u00e9phone via Bluetooth \u00e0 Prenez des photos ou des enregistrements vid\u00e9o sans vibrations ind\u00e9sirables commencer arr\u00eater. Gamme de serrage de l\u2019oculaire: 25.4 &#8211; 44.45mm Les deux appareils fonctionnent avec pratiquement tous les mod\u00e8les de smartphones, y compris les derniers appareils d\u2019Apple, [&hellip;]<\/p>\n","protected":false},"featured_media":8618,"comment_status":"closed","ping_status":"open","template":"","meta":{"_acf_changed":false},"product_brand":[674],"product_cat":[1654,1657,1711,1718,1693],"product_tag":[],"class_list":{"0":"post-58725","1":"product","2":"type-product","3":"status-publish","4":"has-post-thumbnail","6":"product_brand-celestron","7":"product_cat-astronomie-accessoires-fr","8":"product_cat-adaptateurs","9":"product_cat-astrophotographie","10":"product_cat-astro-smartphone-adapter-fr","11":"product_cat-smartphone-adapter-fr","13":"first","14":"instock","15":"taxable","16":"shipping-taxable","17":"purchasable","18":"product-type-simple"},"acf":[],"_links":{"self":[{"href":"https:\/\/www.teleskopshop.ch\/fr\/wp-json\/wp\/v2\/product\/58725","targetHints":{"allow":["GET"]}}],"collection":[{"href":"https:\/\/www.teleskopshop.ch\/fr\/wp-json\/wp\/v2\/product"}],"about":[{"href":"https:\/\/www.teleskopshop.ch\/fr\/wp-json\/wp\/v2\/types\/product"}],"replies":[{"embeddable":true,"href":"https:\/\/www.teleskopshop.ch\/fr\/wp-json\/wp\/v2\/comments?post=58725"}],"wp:featuredmedia":[{"embeddable":true,"href":"https:\/\/www.teleskopshop.ch\/fr\/wp-json\/wp\/v2\/media\/8618"}],"wp:attachment":[{"href":"https:\/\/www.teleskopshop.ch\/fr\/wp-json\/wp\/v2\/media?parent=58725"}],"wp:term":[{"taxonomy":"product_brand","embeddable":true,"href":"https:\/\/www.teleskopshop.ch\/fr\/wp-json\/wp\/v2\/product_brand?post=58725"},{"taxonomy":"product_cat","embeddable":true,"href":"https:\/\/www.teleskopshop.ch\/fr\/wp-json\/wp\/v2\/product_cat?post=58725"},{"taxonomy":"product_tag","embeddable":true,"href":"https:\/\/www.teleskopshop.ch\/fr\/wp-json\/wp\/v2\/product_tag?post=58725"}],"curies":[{"name":"wp","href":"https:\/\/api.w.org\/{rel}","templated":true}]}}