{"id":58722,"date":"2023-12-18T00:00:00","date_gmt":"2023-12-17T23:00:00","guid":{"rendered":"https:\/\/2025.teleskopshop.ch\/shop\/non%20class\u00e9\/celestron-nexyz-dx-smartphone-adapt-kit\/"},"modified":"2025-01-25T11:50:43","modified_gmt":"2025-01-25T10:50:43","slug":"celestron-nexyz-dx-smartphone-adapt-kit","status":"publish","type":"product","link":"https:\/\/www.teleskopshop.ch\/fr\/shop\/astronomie-accessoires-fr\/adaptateurs\/smartphone-adapter-fr\/celestron-nexyz-dx-smartphone-adapt-kit\/","title":{"rendered":"Celestron NexYZ DX Smartphone Adapt.Kit"},"content":{"rendered":"<p>Adaptateur universel pour smartphone. Cela vous permet de connecter votre t\u00e9l\u00e9phone portable \u00e0 votre<br \/>\nConnectez un t\u00e9lescope, une longue-vue, des jumelles, un monoculaire ou un microscope, voir ci-dessus<br \/>\nque vous pouvez prendre des photos et des vid\u00e9os \u00e0 travers l&rsquo;oculaire.<br \/>\nFonctionne avec une grande vari\u00e9t\u00e9 de mod\u00e8les de t\u00e9l\u00e9phones, y compris le<br \/>\nderniers appareils de Samsung, Google et Apple.<br \/>\nLe r\u00e9glage s&rsquo;effectue dans trois directions (axes X, Y et Z),<br \/>\npour que l&rsquo;appareil photo de votre t\u00e9l\u00e9phone soit parfaitement focalis\u00e9 dessus en quelques secondes<br \/>\nl&rsquo;oculaire est align\u00e9.<br \/>\nConstruction robuste et durable avec cadre en m\u00e9tal et<br \/>\nbo\u00eetier en plastique.<br \/>\nPlage de serrage de l\u2019oculaire 35 mm &#8211; 60 mm<br \/>\nDe plus avec contr\u00f4le BlueTooth. Connectez le<br \/>\nObturateur \u00e0 distance via Bluetooth avec votre t\u00e9l\u00e9phone pour \u00e9viter les ind\u00e9sirables<br \/>\nVibrations pour prendre des photos ou d\u00e9marrer\/arr\u00eater les enregistrements vid\u00e9o.<br \/>\nLes deux appareils fonctionnent avec pratiquement tous les mod\u00e8les de smartphones,<br \/>\ny compris les derniers appareils d&rsquo;Apple, Samsung et Google.<\/p>\n","protected":false},"excerpt":{"rendered":"<p>Adaptateur universel pour smartphone. Cela vous permet de connecter votre t\u00e9l\u00e9phone portable \u00e0 votre Connectez un t\u00e9lescope, une longue-vue, des jumelles, un monoculaire ou un microscope, voir ci-dessus que vous pouvez prendre des photos et des vid\u00e9os \u00e0 travers l&rsquo;oculaire. Fonctionne avec une grande vari\u00e9t\u00e9 de mod\u00e8les de t\u00e9l\u00e9phones, y compris le derniers appareils de [&hellip;]<\/p>\n","protected":false},"featured_media":8614,"comment_status":"closed","ping_status":"open","template":"","meta":{"_acf_changed":false},"product_brand":[674],"product_cat":[1654,1657,1711,1693,1718],"product_tag":[],"class_list":{"0":"post-58722","1":"product","2":"type-product","3":"status-publish","4":"has-post-thumbnail","6":"product_brand-celestron","7":"product_cat-astronomie-accessoires-fr","8":"product_cat-adaptateurs","9":"product_cat-astrophotographie","10":"product_cat-smartphone-adapter-fr","11":"product_cat-astro-smartphone-adapter-fr","13":"first","14":"instock","15":"taxable","16":"shipping-taxable","17":"purchasable","18":"product-type-simple"},"acf":[],"_links":{"self":[{"href":"https:\/\/www.teleskopshop.ch\/fr\/wp-json\/wp\/v2\/product\/58722","targetHints":{"allow":["GET"]}}],"collection":[{"href":"https:\/\/www.teleskopshop.ch\/fr\/wp-json\/wp\/v2\/product"}],"about":[{"href":"https:\/\/www.teleskopshop.ch\/fr\/wp-json\/wp\/v2\/types\/product"}],"replies":[{"embeddable":true,"href":"https:\/\/www.teleskopshop.ch\/fr\/wp-json\/wp\/v2\/comments?post=58722"}],"wp:featuredmedia":[{"embeddable":true,"href":"https:\/\/www.teleskopshop.ch\/fr\/wp-json\/wp\/v2\/media\/8614"}],"wp:attachment":[{"href":"https:\/\/www.teleskopshop.ch\/fr\/wp-json\/wp\/v2\/media?parent=58722"}],"wp:term":[{"taxonomy":"product_brand","embeddable":true,"href":"https:\/\/www.teleskopshop.ch\/fr\/wp-json\/wp\/v2\/product_brand?post=58722"},{"taxonomy":"product_cat","embeddable":true,"href":"https:\/\/www.teleskopshop.ch\/fr\/wp-json\/wp\/v2\/product_cat?post=58722"},{"taxonomy":"product_tag","embeddable":true,"href":"https:\/\/www.teleskopshop.ch\/fr\/wp-json\/wp\/v2\/product_tag?post=58722"}],"curies":[{"name":"wp","href":"https:\/\/api.w.org\/{rel}","templated":true}]}}