{"id":58713,"date":"2023-12-18T00:00:00","date_gmt":"2023-12-17T23:00:00","guid":{"rendered":"https:\/\/2025.teleskopshop.ch\/shop\/non%20class\u00e9\/celestron-neximage-10-solarsystem-imager\/"},"modified":"2025-01-25T11:50:46","modified_gmt":"2025-01-25T10:50:46","slug":"celestron-neximage-10-solarsystem-imager","status":"publish","type":"product","link":"https:\/\/www.teleskopshop.ch\/fr\/shop\/astrophotographie\/appareil-photo\/celestron-neximage-10-solarsystem-imager\/","title":{"rendered":"Imageur du syst\u00e8me solaire Celestron NexImage 10"},"content":{"rendered":"<p>cam\u00e9ra plan\u00e9taire<br \/>\nLes petits pixels (1,67 microns) dens\u00e9ment compacts sont parfaits<br \/>\npour des focales courtes \u00e0 moyennes (300 &#8211; 1000mm)) et offrent un<br \/>\nbonne mise \u00e0 l&rsquo;\u00e9chelle de l&rsquo;image dans les petits t\u00e9lescopes. Via un USB 3.0<br \/>\nLa connexion peut prendre jusqu&rsquo;\u00e0 200 images par seconde (fps) avec NexImage 10<br \/>\nenregistrer des r\u00e9solutions plus petites. Cet appareil photo est le choix pour \u00e7a<br \/>\nLes meilleures cam\u00e9ras \u00e9conomiques.<br \/>\nCam\u00e9ra couleur conviviale, fournit des images en direct pour faciliter<br \/>\nSe concentrer.<br \/>\nR\u00e9solution 3856 x 2764 pixels avec petits pixels &#8211; haute r\u00e9solution aussi<br \/>\nsans lentille de Barlow suppl\u00e9mentaire.<br \/>\nInclut le logiciel Celestron iCap pour l&rsquo;enregistrement et l&rsquo;exportation<br \/>\ndes photos.<br \/>\nInclut le logiciel RegiStax pour filtrer automatiquement les meilleurs<br \/>\nimages et pour l&rsquo;alignement et l&#8217;empilement ult\u00e9rieurs.<br \/>\nPour une utilisation avec Mac OS X, le logiciel de oaCapture et<br \/>\nLynkeos peut \u00eatre t\u00e9l\u00e9charg\u00e9 gratuitement depuis la page d&rsquo;accueil de Celestron.<\/p>\n","protected":false},"excerpt":{"rendered":"<p>cam\u00e9ra plan\u00e9taire Les petits pixels (1,67 microns) dens\u00e9ment compacts sont parfaits pour des focales courtes \u00e0 moyennes (300 &#8211; 1000mm)) et offrent un bonne mise \u00e0 l&rsquo;\u00e9chelle de l&rsquo;image dans les petits t\u00e9lescopes. Via un USB 3.0 La connexion peut prendre jusqu&rsquo;\u00e0 200 images par seconde (fps) avec NexImage 10 enregistrer des r\u00e9solutions plus petites. [&hellip;]<\/p>\n","protected":false},"featured_media":8402,"comment_status":"closed","ping_status":"open","template":"","meta":{"_acf_changed":false},"product_brand":[674],"product_cat":[1654,1714,1711],"product_tag":[],"class_list":{"0":"post-58713","1":"product","2":"type-product","3":"status-publish","4":"has-post-thumbnail","6":"product_brand-celestron","7":"product_cat-astronomie-accessoires-fr","8":"product_cat-appareil-photo","9":"product_cat-astrophotographie","11":"first","12":"instock","13":"taxable","14":"shipping-taxable","15":"purchasable","16":"product-type-simple"},"acf":[],"_links":{"self":[{"href":"https:\/\/www.teleskopshop.ch\/fr\/wp-json\/wp\/v2\/product\/58713","targetHints":{"allow":["GET"]}}],"collection":[{"href":"https:\/\/www.teleskopshop.ch\/fr\/wp-json\/wp\/v2\/product"}],"about":[{"href":"https:\/\/www.teleskopshop.ch\/fr\/wp-json\/wp\/v2\/types\/product"}],"replies":[{"embeddable":true,"href":"https:\/\/www.teleskopshop.ch\/fr\/wp-json\/wp\/v2\/comments?post=58713"}],"wp:featuredmedia":[{"embeddable":true,"href":"https:\/\/www.teleskopshop.ch\/fr\/wp-json\/wp\/v2\/media\/8402"}],"wp:attachment":[{"href":"https:\/\/www.teleskopshop.ch\/fr\/wp-json\/wp\/v2\/media?parent=58713"}],"wp:term":[{"taxonomy":"product_brand","embeddable":true,"href":"https:\/\/www.teleskopshop.ch\/fr\/wp-json\/wp\/v2\/product_brand?post=58713"},{"taxonomy":"product_cat","embeddable":true,"href":"https:\/\/www.teleskopshop.ch\/fr\/wp-json\/wp\/v2\/product_cat?post=58713"},{"taxonomy":"product_tag","embeddable":true,"href":"https:\/\/www.teleskopshop.ch\/fr\/wp-json\/wp\/v2\/product_tag?post=58713"}],"curies":[{"name":"wp","href":"https:\/\/api.w.org\/{rel}","templated":true}]}}