{"id":58689,"date":"2023-12-18T00:00:00","date_gmt":"2023-12-17T23:00:00","guid":{"rendered":"https:\/\/2025.teleskopshop.ch\/shop\/non%20class\u00e9\/baader-m68-zwischenring-1mm-gold\/"},"modified":"2025-01-25T11:58:12","modified_gmt":"2025-01-25T10:58:12","slug":"baader-m68-zwischenring-1mm-gold","status":"publish","type":"product","link":"https:\/\/www.teleskopshop.ch\/fr\/shop\/astronomie-accessoires-fr\/adaptateurs\/anneaux-intermediaires\/baader-m68-zwischenring-1mm-gold\/","title":{"rendered":"Baader M68 bague interm\u00e9diaire 1mm or"},"content":{"rendered":"<p>&#8211; Syst\u00e8me M68\/1 &#8211; bague interm\u00e9diaire (bague d&rsquo;accord) \u00e9paisseur 1mm, correspond \u00e0<br \/>\n environ 1 tour de fil<br \/>\n&#8211; Anneau interm\u00e9diaire tr\u00e8s fin pour un r\u00e9glage fin dans le M68<br \/>\n projection oculaire<br \/>\n&#8211; Bague d&rsquo;insertion de diam\u00e8tre M68 sans filetage<br \/>\n&#8211; S&rsquo;adapte entre n&rsquo;importe quel raccord viss\u00e9 M68.<br \/>\n&#8211; Emp\u00eache un serre-joint M68 de se coincer<\/p>\n","protected":false},"excerpt":{"rendered":"<p>&#8211; Syst\u00e8me M68\/1 &#8211; bague interm\u00e9diaire (bague d&rsquo;accord) \u00e9paisseur 1mm, correspond \u00e0 environ 1 tour de fil &#8211; Anneau interm\u00e9diaire tr\u00e8s fin pour un r\u00e9glage fin dans le M68 projection oculaire &#8211; Bague d&rsquo;insertion de diam\u00e8tre M68 sans filetage &#8211; S&rsquo;adapte entre n&rsquo;importe quel raccord viss\u00e9 M68. &#8211; Emp\u00eache un serre-joint M68 de se coincer<\/p>\n","protected":false},"featured_media":10482,"comment_status":"closed","ping_status":"open","template":"","meta":{"_acf_changed":false},"product_brand":[679],"product_cat":[1654,1657,1708],"product_tag":[],"class_list":{"0":"post-58689","1":"product","2":"type-product","3":"status-publish","4":"has-post-thumbnail","6":"product_brand-baader","7":"product_cat-astronomie-accessoires-fr","8":"product_cat-adaptateurs","9":"product_cat-anneaux-intermediaires","11":"first","12":"instock","13":"taxable","14":"shipping-taxable","15":"purchasable","16":"product-type-simple"},"acf":[],"_links":{"self":[{"href":"https:\/\/www.teleskopshop.ch\/fr\/wp-json\/wp\/v2\/product\/58689","targetHints":{"allow":["GET"]}}],"collection":[{"href":"https:\/\/www.teleskopshop.ch\/fr\/wp-json\/wp\/v2\/product"}],"about":[{"href":"https:\/\/www.teleskopshop.ch\/fr\/wp-json\/wp\/v2\/types\/product"}],"replies":[{"embeddable":true,"href":"https:\/\/www.teleskopshop.ch\/fr\/wp-json\/wp\/v2\/comments?post=58689"}],"wp:featuredmedia":[{"embeddable":true,"href":"https:\/\/www.teleskopshop.ch\/fr\/wp-json\/wp\/v2\/media\/10482"}],"wp:attachment":[{"href":"https:\/\/www.teleskopshop.ch\/fr\/wp-json\/wp\/v2\/media?parent=58689"}],"wp:term":[{"taxonomy":"product_brand","embeddable":true,"href":"https:\/\/www.teleskopshop.ch\/fr\/wp-json\/wp\/v2\/product_brand?post=58689"},{"taxonomy":"product_cat","embeddable":true,"href":"https:\/\/www.teleskopshop.ch\/fr\/wp-json\/wp\/v2\/product_cat?post=58689"},{"taxonomy":"product_tag","embeddable":true,"href":"https:\/\/www.teleskopshop.ch\/fr\/wp-json\/wp\/v2\/product_tag?post=58689"}],"curies":[{"name":"wp","href":"https:\/\/api.w.org\/{rel}","templated":true}]}}