{"id":58656,"date":"2023-12-18T00:00:00","date_gmt":"2023-12-17T23:00:00","guid":{"rendered":"https:\/\/2025.teleskopshop.ch\/shop\/non%20class\u00e9\/baader-ufc-s58-schwalbenschwanz-adapter\/"},"modified":"2025-01-25T11:58:22","modified_gmt":"2025-01-25T10:58:22","slug":"baader-ufc-s58-schwalbenschwanz-adapter","status":"publish","type":"product","link":"https:\/\/www.teleskopshop.ch\/fr\/shop\/astronomie-accessoires-fr\/adaptateurs\/filtres-ufc-fr\/baader-ufc-s58-schwalbenschwanz-adapter\/","title":{"rendered":"Baader UFC S58 Adaptateur \u00e0 queue d\u2019aronde"},"content":{"rendered":"<p>Adaptateur de cam\u00e9ra \u00e0 queue d\u2019aronde Baader UFC S58 (hauteur : 7,2 mm) ;<br \/>\nBaader UFC Adaptateur \u00e0 vis \/ D58 (montage en queue d\u2019aronde) ;<br \/>\nC\u00f4t\u00e9 t\u00e9lescopique avec plaque de montage \u00e0 la base UFC (vis dans le<br \/>\nContenu de la livraison inclus) ;<br \/>\nC\u00f4t\u00e9 cam\u00e9ra avec D58, pour la prise de vue d\u2019une queue d\u2019aronde S58<br \/>\n(vis incluses) &#8211; par exemple pour un alignement correct de l\u2019UFC<br \/>\ncurseur de filtre sur tous les miroirs\/prismes Baader de 2&nbsp;\u00bb de diagonale ;<br \/>\nPeut \u00eatre attach\u00e9 \u00e0 l&rsquo;<br \/>\nBase Baader UFC, c\u00f4t\u00e9 t\u00e9lescopique S70 queue d\u2019aronde (hauteur : 13 mm)<br \/>\n(#2459110).<\/p>\n","protected":false},"excerpt":{"rendered":"<p>Adaptateur de cam\u00e9ra \u00e0 queue d\u2019aronde Baader UFC S58 (hauteur : 7,2 mm) ; Baader UFC Adaptateur \u00e0 vis \/ D58 (montage en queue d\u2019aronde) ; C\u00f4t\u00e9 t\u00e9lescopique avec plaque de montage \u00e0 la base UFC (vis dans le Contenu de la livraison inclus) ; C\u00f4t\u00e9 cam\u00e9ra avec D58, pour la prise de vue d\u2019une [&hellip;]<\/p>\n","protected":false},"featured_media":10310,"comment_status":"closed","ping_status":"open","template":"","meta":{"_acf_changed":false},"product_brand":[679],"product_cat":[1654,1657,1702],"product_tag":[],"class_list":{"0":"post-58656","1":"product","2":"type-product","3":"status-publish","4":"has-post-thumbnail","6":"product_brand-baader","7":"product_cat-astronomie-accessoires-fr","8":"product_cat-adaptateurs","9":"product_cat-filtres-ufc-fr","11":"first","12":"instock","13":"taxable","14":"shipping-taxable","15":"purchasable","16":"product-type-simple"},"acf":[],"_links":{"self":[{"href":"https:\/\/www.teleskopshop.ch\/fr\/wp-json\/wp\/v2\/product\/58656","targetHints":{"allow":["GET"]}}],"collection":[{"href":"https:\/\/www.teleskopshop.ch\/fr\/wp-json\/wp\/v2\/product"}],"about":[{"href":"https:\/\/www.teleskopshop.ch\/fr\/wp-json\/wp\/v2\/types\/product"}],"replies":[{"embeddable":true,"href":"https:\/\/www.teleskopshop.ch\/fr\/wp-json\/wp\/v2\/comments?post=58656"}],"wp:featuredmedia":[{"embeddable":true,"href":"https:\/\/www.teleskopshop.ch\/fr\/wp-json\/wp\/v2\/media\/10310"}],"wp:attachment":[{"href":"https:\/\/www.teleskopshop.ch\/fr\/wp-json\/wp\/v2\/media?parent=58656"}],"wp:term":[{"taxonomy":"product_brand","embeddable":true,"href":"https:\/\/www.teleskopshop.ch\/fr\/wp-json\/wp\/v2\/product_brand?post=58656"},{"taxonomy":"product_cat","embeddable":true,"href":"https:\/\/www.teleskopshop.ch\/fr\/wp-json\/wp\/v2\/product_cat?post=58656"},{"taxonomy":"product_tag","embeddable":true,"href":"https:\/\/www.teleskopshop.ch\/fr\/wp-json\/wp\/v2\/product_tag?post=58656"}],"curies":[{"name":"wp","href":"https:\/\/api.w.org\/{rel}","templated":true}]}}